{"id":14153,"date":"2020-02-12T15:25:59","date_gmt":"2020-02-12T15:25:59","guid":{"rendered":"https:\/\/www.wasserbassin.com\/site\/?post_type=product&#038;p=14153"},"modified":"2024-06-08T21:05:40","modified_gmt":"2024-06-08T20:05:40","slug":"v-a-leve-leve-sao-tome-principe-sounds-70s%e2%80%8b-%e2%80%8b80s-2lp","status":"publish","type":"product","link":"https:\/\/www.wasserbassin.com\/site\/product\/v-a-leve-leve-sao-tome-principe-sounds-70s%e2%80%8b-%e2%80%8b80s-2lp\/","title":{"rendered":"V\/A &#8211; L\u00e9ve L\u00e9ve: S\u00e3o Tom\u00e9 &#038; Pr\u00edncipe Sounds 70s\u200b-\u200b80s &#8211; 2LP"},"content":{"rendered":"<p>The two Portuguese-speaking African islands of Sao Tom\u00e9 &amp; Principe, located in the Gulf of Guinea, created an unique music called Puxa\u00a0: a refined mixture of various musical components from both sides of the Atlantic Ocean. A blend of Semba, Merengue, Kompas, Soukouss, Coladeira patterns, often pushing forward with a voodoo-like energy, solid bass lines, delicate melodies and backing harmonies of the rich Sao Tomean melodic traditions. Very first compilation focusing on the golden age of these island\u2019s sounds, the 16 tracks selected will surely set fire on all dance floors !<\/p>\n<p><strong>L\u00e9ve-L\u00e9ve<\/strong> is the first ever compilation devoted to music from S\u00e3o Tome and Principe, two small islands situated off the coast of Gabon in central Africa. The album unravels a story of liberation where the music of Africa, Europe and the Americas unify with a carefree spirit personified by a phrase the islanders use all the time: \u201cl\u00e9ve, l\u00e9ve\u201d (\u201ctake it easy\u201d). With echoes of Angolan semba and merengue, of Brazilian afox\u00ea, of coladeira from Cape Verde and dance music from the Caribbean, it is a sound fiercely proud of its island heritage, sung in local dialects and using distinctive local rhythms.<\/p>\n<p>On this record you can hear the cultural and social history of S\u00e3o Tome and Principe, and how live music represented<span class=\"bcTruncateMore\"> its beating heart. Once known as the \u201cChocolate Islands\u201d (remarkably, these two tiny islands were the largest cocoa producers in the world, though now this title acts as a reminder of its colonial past), through the years leading up to independence from Portugal, music would be a fundamental voice of liberation and conviviality. Os \u00dantu\u00e9s were one of the first groups to make an impression, releasing a couple of 7 inches in Angola \u2013 the litmus test of success for any of the islands\u2019 groups. They united unique rhythms and dances like socop\u00e9, puita and dan\u00e7a-congo \u2013 borne from the islands\u2019 largely slave-descendant population \u2013 with the sound of pop music beamed in on the radio from Europe, even adding in a little bit of soukous and Brazilian instrumentation. Their main rivals were Conjunto Mindelo, who fused S\u00e3o Tom\u00e9an rhythms with rebita, an Angolan style, to create high energy puxa, a truly original island rhythm.<\/span><\/p>\n<p>From the mid-1970s, coinciding with independence from Portugal in 1975, the islands\u2019 groups featured an even stronger African influence and nowhere was that more apparent than with Africa Negra. They would listen to the latest records from Gabon, Zaire and Cameroon, taking inspiration and trying out phrasing from the greats of Central African guitar playing, developing a devoted fan base off the islands, as well as on. A score of other bands would follow a similar musical path, with a few getting their dues overseas in Angola, Cape Verde, Portugal and across Africa.<\/p>\n<p>Os Leonenses (led by the iconic Pedro Lima), Conjunto Sangazuza, Sum Alvarinho and Conjunto Ecuador were just some of the other bands that formed a lively home-grown music scene that lit up the islands\u2019 bars and open-air shows from the 1950s through to the mid-90s. Regardless of class or age, they were responsible for keeping the population entertained come the weekend, with Sunday matinee shows the highlight of the week, the music not stopping from midday until midnight.<\/p>\n<p>As a Portuguese island colony that was for many years populated with slaves brought from Africa, S\u00e3o Tome and Principe has much in common with other Lusophone countries and boasts a richly complex and idiosyncratic musical DNA. Whilst the musical tapestries of Angola and Cape Verde are well known, S\u00e3o Tome and Principe\u2019s secrets were assigned to the islanders themselves. Until now.<\/p>\n<p><strong>Les Disques Bongo Joe<br \/>\n<\/strong><\/p>\n","protected":false},"excerpt":{"rendered":"<p class=\"p1\"><strong>Les Disques Bongo Joe<\/strong><\/p>\n<hr \/>\n<p><strong>L\u00e9ve-L\u00e9ve<\/strong> , released by <strong>Les Disques Bongo Joe<\/strong>, is the first ever compilation devoted to music from S\u00e3o Tome and Principe, two small islands situated off the coast of Gabon in central Africa. The album unravels a story of liberation where the music of Africa, Europe and the Americas unify with a carefree spirit personified by a phrase the islanders use all the time: \u201cl\u00e9ve, l\u00e9ve\u201d (\u201ctake it easy\u201d). With echoes of Angolan semba and merengue, of Brazilian afox\u00ea, of coladeira from Cape Verde and dance music from the Caribbean, it is a sound fiercely proud of its island heritage, sung in local dialects and using distinctive local rhythms.<\/p>\n<p><a href=\"https:\/\/www.youtube.com\/watch?v=1dMM-_F43BY&amp;list=PL8xl37x34OTo4LOVdNkU0SUxMLMLoA_En\" target=\"_blank\" rel=\"noopener noreferrer\">\u25ba CLICK HERE TO LISTEN<\/a><\/p>\n<p class=\"p1\"><strong>\u00a0<\/strong><\/p>\n","protected":false},"featured_media":14144,"comment_status":"closed","ping_status":"closed","template":"","meta":[],"product_brand":[],"product_cat":[],"product_tag":[1694,2229],"class_list":{"0":"post-14153","1":"product","2":"type-product","3":"status-publish","4":"has-post-thumbnail","6":"product_tag-les-disques-bongo-joe","7":"product_tag-various","8":"product_shipping_class-lp","9":"pa_artist-various_artists","10":"pa_genre-afrosound","11":"pa_genre-coladera","12":"pa_genre-merengue","13":"pa_genre-semba","14":"pa_label-les-disques-bongo-joe","16":"first","17":"outofstock","18":"shipping-taxable","19":"purchasable","20":"product-type-simple"},"_links":{"self":[{"href":"https:\/\/www.wasserbassin.com\/site\/wp-json\/wp\/v2\/product\/14153","targetHints":{"allow":["GET"]}}],"collection":[{"href":"https:\/\/www.wasserbassin.com\/site\/wp-json\/wp\/v2\/product"}],"about":[{"href":"https:\/\/www.wasserbassin.com\/site\/wp-json\/wp\/v2\/types\/product"}],"replies":[{"embeddable":true,"href":"https:\/\/www.wasserbassin.com\/site\/wp-json\/wp\/v2\/comments?post=14153"}],"wp:featuredmedia":[{"embeddable":true,"href":"https:\/\/www.wasserbassin.com\/site\/wp-json\/wp\/v2\/media\/14144"}],"wp:attachment":[{"href":"https:\/\/www.wasserbassin.com\/site\/wp-json\/wp\/v2\/media?parent=14153"}],"wp:term":[{"taxonomy":"product_brand","embeddable":true,"href":"https:\/\/www.wasserbassin.com\/site\/wp-json\/wp\/v2\/product_brand?post=14153"},{"taxonomy":"product_cat","embeddable":true,"href":"https:\/\/www.wasserbassin.com\/site\/wp-json\/wp\/v2\/product_cat?post=14153"},{"taxonomy":"product_tag","embeddable":true,"href":"https:\/\/www.wasserbassin.com\/site\/wp-json\/wp\/v2\/product_tag?post=14153"}],"curies":[{"name":"wp","href":"https:\/\/api.w.org\/{rel}","templated":true}]}}