{"id":15061,"date":"2020-05-12T14:17:25","date_gmt":"2020-05-12T13:17:25","guid":{"rendered":"https:\/\/www.wasserbassin.com\/site\/?post_type=product&#038;p=15061"},"modified":"2021-06-12T23:55:52","modified_gmt":"2021-06-12T22:55:52","slug":"toze-ferreira-viagem-de-inverno-lp","status":"publish","type":"product","link":"https:\/\/www.wasserbassin.com\/site\/product\/toze-ferreira-viagem-de-inverno-lp\/","title":{"rendered":"T\u00f3z\u00e9 Ferreira &#8211; viagem de inverno &#8211; LP"},"content":{"rendered":"<header>\n<h1 class=\"bold\">T\u00f3z\u00e9 Ferreira<\/h1>\n<\/header>\n<p class=\"p2\"><b>viagem de inverno<br \/>\n<\/b><\/p>\n<p><strong>Wasser Bassin<\/strong> proudly presents, &#8220;<strong>viagem de inverno<\/strong>&#8220;, <strong>T\u00f3z\u00e9 Ferreira<\/strong>&#8216;s first vinyl release in more than 30 years!<\/p>\n<p>Back in 1988, when the mythical label, Ama Romanta, released <strong>T\u00f3z\u00e9<\/strong>&#8216;s debut &#8220;M\u00fasica De Baixa Fidelidade&#8221;, the portuguese musical panorama simply wasn&#8217;t ready for\u00a0 contemporary\u00a0 electronic compositions, specially if they were\u00a0 computer programmed pieces, blended with abstract synth layers.\u00a0 <strong>T\u00f3z\u00e9<\/strong>&#8216;s rare performances were often mocked by the audience, and, usually, ended in an array of insults. Apart from the praise of a handful of underground music <em>aficionados<\/em>, the album was bound to fly below the radar.<\/p>\n<p>Many years later, and against all odds, &#8220;M\u00fasica De Baixa Fidelidade&#8221; became a collector&#8217;s item. While some may have been solely driven by the rarity of the album; others, fortunately, realised the importance that <strong>T\u00f3z\u00e9<\/strong>&#8216;s masterpiece had in laying the foundations for the next generation of experimental musicians. A bit like God, sound also worked in mysterious ways.<\/p>\n<p>After a very long editorial silence, <strong>T\u00f3z\u00e9 Ferreira<\/strong>\u00a0 resurfaced\u00a0 in a very exclusive pressing, via Plancton Music, with the CD\/DVD, &#8220;Lullabies For A Troubled World&#8221;, a musique concr\u00e8te treat for advised listeners only. This obvious sign of life gave us hope, so we tried our luck and invited him to release a follow-up to &#8220;M\u00fasica De Baixa Fidelidade&#8221;. Glady, our expectations were met.<\/p>\n<p>So, our lucky 13th edition, &#8220;<strong>viagem de inverno<\/strong>&#8221; (winter journey), shares the same basic principles of &#8220;M\u00fasica De Baixa Fidelidade&#8221;, that is, a keen taste for experimenting and stretching the boundaries of sound. From the somber and tense minimalism of &#8216;Strange&#8217; to the harsh and abstract sense of &#8216;Fagood&#8217;; from the cinematic and bizarre &#8216;Electronix&#8217; to the concr\u00e8te soundscapes of &#8216;Max Tot&#8217;, <strong>T\u00f3z\u00e9<\/strong>&#8216;s skills as a composer seem more honed and acute than ever. Instead of staring back at the past, &#8220;<strong>viagem de inverno<\/strong>&#8221; sets a brand new path for what&#8217;s to come.<\/p>\n<p>Please, tread lightly!<\/p>\n<p><strong>WB 013 &#8211; T\u00f3z\u00e9 Ferreira &#8211; viagem de inverno &#8211; LP<\/strong><\/p>\n<p>A1 \u2013 Fagood<\/p>\n<p>A2 &#8211; Max Tot<\/p>\n<p>B1 \u2013 Strange<\/p>\n<p>B2 \u2013 Electronix<\/p>\n<p><strong>Release Date: 15\/05\/2020<\/strong><\/p>\n<p><strong>Wasser Bassin<\/strong><\/p>\n<p>&nbsp;<\/p>\n<p>&nbsp;<\/p>\n","protected":false},"excerpt":{"rendered":"<p><strong>Wasser Bassin<\/strong> proudly presents, &#8220;<strong>viagem de inverno<\/strong>&#8220;, <strong>T\u00f3z\u00e9 Ferreira<\/strong>&#8216;s first vinyl release in more than 30 years!<\/p>\n<p>Back in 1988, when the mythical label, Ama Romanta, released <strong>T\u00f3z\u00e9<\/strong>&#8216;s debut &#8220;M\u00fasica De Baixa Fidelidade&#8221;, the portuguese musical panorama simply wasn&#8217;t ready for\u00a0 contemporary\u00a0 electronic compositions, specially if they were\u00a0 computer programmed pieces, blended with abstract synth layers.\u00a0 <strong>T\u00f3z\u00e9<\/strong>&#8216;s rare performances were often mocked by the audience, and, usually, ended in an array of insults. Apart from the praise of a handful of underground music <em>aficionados<\/em>, the album was bound to fly below the radar.<\/p>\n<p>Many years later, and against all odds, &#8220;M\u00fasica De Baixa Fidelidade&#8221; became a collector&#8217;s item. While some may have been solely driven by the rarity of the album; others, fortunately, realised the importance that <strong>T\u00f3z\u00e9<\/strong>&#8216;s masterpiece had in laying the foundations for the next generation of experimental musicians. A bit like God, sound also worked in mysterious ways.<\/p>\n<p>After a very long editorial silence, <strong>T\u00f3z\u00e9 Ferreira<\/strong>\u00a0 resurfaced\u00a0 in a very exclusive pressing, via Plancton Music, with the CD\/DVD, &#8220;Lullabies For A Troubled World&#8221;, a musique concr\u00e8te treat for advised listeners only. This obvious sign of life gave us hope, so we tried our luck and invited him to release a follow-up to &#8220;M\u00fasica De Baixa Fidelidade&#8221;. Glady, our expectations were met.<\/p>\n<p>So, our lucky 13th edition, &#8220;<strong>viagem de inverno<\/strong>&#8221; (winter journey), shares the same basic principles of &#8220;M\u00fasica De Baixa Fidelidade&#8221;, that is: a keen taste for experimenting and stretching the boundaries of sound. From the somber and tense minimalism of &#8216;Strange&#8217; to the harsh and abstract sense of &#8216;Fagood&#8217;; from the cinematic and bizarre &#8216;Electronix&#8217; to the concr\u00e8te soundscapes of &#8216;Max Tot&#8217;, <strong>T\u00f3z\u00e9<\/strong>&#8216;s skills as a composer seem more honed and acute than ever. Instead of staring back at the past, &#8220;<strong>viagem de inverno<\/strong>&#8221; sets a brand new path for what&#8217;s to come.<\/p>\n<p>Please, tread lightly!<\/p>\n<p>&nbsp;<\/p>\n<p><strong>WB 013 &#8211; T\u00f3z\u00e9 Ferreira &#8211; viagem de inverno &#8211; LP<\/strong><\/p>\n<p><strong>Release Date: 15\/05\/2020<\/strong><\/p>\n<p>Order Now!!!<\/p>\n<p><a href=\"https:\/\/soundcloud.com\/wasserbassin\/toze_ferreira-strange\" target=\"_blank\" rel=\"noopener noreferrer\">\u25ba CLICK HERE TO LISTEN<\/a><\/p>\n","protected":false},"featured_media":15062,"comment_status":"closed","ping_status":"closed","template":"","meta":[],"product_brand":[],"product_cat":[64,907],"product_tag":[2420,908],"class_list":{"0":"post-15061","1":"product","2":"type-product","3":"status-publish","4":"has-post-thumbnail","6":"product_cat-label","7":"product_cat-wasser-bassin","8":"product_tag-toze-ferreira","9":"product_tag-wasser-bassin","10":"product_shipping_class-lp","11":"pa_artist-toze-ferreira","12":"pa_genre-contemporary","13":"pa_genre-electronics","14":"pa_genre-experimental","15":"pa_genre-minimal","16":"pa_label-wasser-bassin","18":"first","19":"outofstock","20":"featured","21":"shipping-taxable","22":"purchasable","23":"product-type-simple"},"_links":{"self":[{"href":"https:\/\/www.wasserbassin.com\/site\/wp-json\/wp\/v2\/product\/15061","targetHints":{"allow":["GET"]}}],"collection":[{"href":"https:\/\/www.wasserbassin.com\/site\/wp-json\/wp\/v2\/product"}],"about":[{"href":"https:\/\/www.wasserbassin.com\/site\/wp-json\/wp\/v2\/types\/product"}],"replies":[{"embeddable":true,"href":"https:\/\/www.wasserbassin.com\/site\/wp-json\/wp\/v2\/comments?post=15061"}],"wp:featuredmedia":[{"embeddable":true,"href":"https:\/\/www.wasserbassin.com\/site\/wp-json\/wp\/v2\/media\/15062"}],"wp:attachment":[{"href":"https:\/\/www.wasserbassin.com\/site\/wp-json\/wp\/v2\/media?parent=15061"}],"wp:term":[{"taxonomy":"product_brand","embeddable":true,"href":"https:\/\/www.wasserbassin.com\/site\/wp-json\/wp\/v2\/product_brand?post=15061"},{"taxonomy":"product_cat","embeddable":true,"href":"https:\/\/www.wasserbassin.com\/site\/wp-json\/wp\/v2\/product_cat?post=15061"},{"taxonomy":"product_tag","embeddable":true,"href":"https:\/\/www.wasserbassin.com\/site\/wp-json\/wp\/v2\/product_tag?post=15061"}],"curies":[{"name":"wp","href":"https:\/\/api.w.org\/{rel}","templated":true}]}}