{"id":15172,"date":"2020-06-18T01:47:03","date_gmt":"2020-06-18T00:47:03","guid":{"rendered":"https:\/\/www.wasserbassin.com\/site\/?post_type=product&#038;p=15172"},"modified":"2025-04-21T17:48:07","modified_gmt":"2025-04-21T16:48:07","slug":"imperio-pacifico-exilio-lp","status":"publish","type":"product","link":"https:\/\/www.wasserbassin.com\/site\/product\/imperio-pacifico-exilio-lp\/","title":{"rendered":"Imp\u00e9rio Pac\u00edfico &#8211; Ex\u00edlio &#8211; LP"},"content":{"rendered":"<p>\u201c<strong>Ex\u00edlio<\/strong>\u201d (Exile) by <strong>Imp\u00e9rio Pac\u00edfico<\/strong> is their first LP, through <strong>Variz<\/strong>. Taking influences from Daft Punk, John T Gast or New Order, this new release pinpoints key factors in electronic music while driving away from the comfort a sub-genre can bring. Raw synths and cityscape samples bloom from the rhythm as if heard from the outskirts. A new perspective to the already established groundwork in electronic music. Coming from fast-paced EPs who thrived to race you through the tracks, this new work comes closer to a cinematic journey.<\/p>\n<p><strong>Imp\u00e9rio Pac\u00edfico<\/strong> are Luan Bellussi (trash CAN) and Pedro Tavares (funcion\u00e1rio) who present themselves as part of the music of the future in Lisbon.<\/p>\n<p><strong>Variz<\/strong><\/p>\n","protected":false},"excerpt":{"rendered":"<p><strong>Variz<\/strong><\/p>\n<hr \/>\n<p>\u201c<strong>Ex\u00edlio<\/strong>\u201d (Exile) by <strong>Imp\u00e9rio Pac\u00edfico<\/strong> is their first LP, through <strong>Variz<\/strong>. Taking influences from Daft Punk, John T Gast or New Order, this new release pinpoints key factors in electronic music while driving away from the comfort a sub-genre can bring. Raw synths and cityscape samples bloom from the rhythm as if heard from the outskirts. A new perspective to the already established groundwork in electronic music. Coming from fast-paced EPs who thrived to race you through the tracks, this new work comes closer to a cinematic journey.<\/p>\n<p><strong>Imp\u00e9rio Pac\u00edfico<\/strong> are Luan Bellussi (trash CAN) and Pedro Tavares (funcion\u00e1rio) who present themselves as part of the music of the future in Lisbon.<\/p>\n<p><a title=\"See the Video\" href=\"https:\/\/www.youtube.com\/watch?v=kB5Pg4hpEn8\" target=\"_blank\" rel=\"noopener noreferrer\">\u25ba CLICK HERE TO LISTEN<\/a><\/p>\n","protected":false},"featured_media":15165,"comment_status":"closed","ping_status":"closed","template":"","meta":[],"product_brand":[],"product_cat":[],"product_tag":[3358,2712],"class_list":{"0":"post-15172","1":"product","2":"type-product","3":"status-publish","4":"has-post-thumbnail","6":"product_tag-imperio-pacifico","7":"product_tag-variz","8":"product_shipping_class-lp","9":"pa_artist-imperio-pacifico","10":"pa_genre-dance-music","11":"pa_genre-electronics","12":"pa_genre-leftfield","13":"pa_label-variz","15":"first","16":"outofstock","17":"shipping-taxable","18":"purchasable","19":"product-type-simple"},"_links":{"self":[{"href":"https:\/\/www.wasserbassin.com\/site\/wp-json\/wp\/v2\/product\/15172","targetHints":{"allow":["GET"]}}],"collection":[{"href":"https:\/\/www.wasserbassin.com\/site\/wp-json\/wp\/v2\/product"}],"about":[{"href":"https:\/\/www.wasserbassin.com\/site\/wp-json\/wp\/v2\/types\/product"}],"replies":[{"embeddable":true,"href":"https:\/\/www.wasserbassin.com\/site\/wp-json\/wp\/v2\/comments?post=15172"}],"wp:featuredmedia":[{"embeddable":true,"href":"https:\/\/www.wasserbassin.com\/site\/wp-json\/wp\/v2\/media\/15165"}],"wp:attachment":[{"href":"https:\/\/www.wasserbassin.com\/site\/wp-json\/wp\/v2\/media?parent=15172"}],"wp:term":[{"taxonomy":"product_brand","embeddable":true,"href":"https:\/\/www.wasserbassin.com\/site\/wp-json\/wp\/v2\/product_brand?post=15172"},{"taxonomy":"product_cat","embeddable":true,"href":"https:\/\/www.wasserbassin.com\/site\/wp-json\/wp\/v2\/product_cat?post=15172"},{"taxonomy":"product_tag","embeddable":true,"href":"https:\/\/www.wasserbassin.com\/site\/wp-json\/wp\/v2\/product_tag?post=15172"}],"curies":[{"name":"wp","href":"https:\/\/api.w.org\/{rel}","templated":true}]}}