{"id":15194,"date":"2020-07-02T19:29:44","date_gmt":"2020-07-02T18:29:44","guid":{"rendered":"https:\/\/www.wasserbassin.com\/site\/?post_type=product&#038;p=15194"},"modified":"2020-07-02T19:35:31","modified_gmt":"2020-07-02T18:35:31","slug":"nidia-s-t-12","status":"publish","type":"product","link":"https:\/\/www.wasserbassin.com\/site\/product\/nidia-s-t-12\/","title":{"rendered":"N\u00eddia &#8211; S\/T &#8211; 12&#8243;"},"content":{"rendered":"<p>New 12&#8243; EP by <strong>N\u00eddia<\/strong>, following the recently celebrated LP and 7&#8243;.<\/p>\n<p>&#8220;We have to be more friendly and humane. Covid taught us that we are nobody without each other. Since i stopped judging and hating human beings my life has become as colourful as the LGBTQ flag and as firm as Martin Luther King&#8217;s fist.&#8221; (N\u00eddia, June 2020)<\/p>\n<p>\u201cTr\u00e8s peu d&#8217;hommes et de femmes existent par eux-m\u00eames, ont le courage de dire oui ou non par eux-m\u00eames.\u201d Marguerite Yourcenar<\/p>\n<p><strong>Pr\u00edncipe Discos<\/strong><\/p>\n","protected":false},"excerpt":{"rendered":"<p><strong>Pr\u00edncipe Discos<br \/>\n<\/strong><\/p>\n<hr \/>\n<p>New 12&#8243; EP by <strong>N\u00eddia<\/strong>, following the recently celebrated LP and 7&#8243;.<\/p>\n<p>&#8220;We have to be more friendly and humane. Covid taught us that we are nobody without each other. Since i stopped judging and hating human beings my life has become as colourful as the LGBTQ flag and as firm as Martin Luther King&#8217;s fist.&#8221; (N\u00eddia, June 2020)<\/p>\n<p>\u201cTr\u00e8s peu d&#8217;hommes et de femmes existent par eux-m\u00eames, ont le courage de dire oui ou non par eux-m\u00eames.\u201d Marguerite Yourcenar<\/p>\n<p><a href=\"https:\/\/soundcloud.com\/principepromos\/chef\" target=\"_blank\" rel=\"noopener noreferrer\">\u25ba CLICK HERE TO LISTEN<\/a><\/p>\n<p class=\"p1\"><strong>\u00a0<\/strong><\/p>\n","protected":false},"featured_media":15204,"comment_status":"closed","ping_status":"closed","template":"","meta":[],"product_brand":[],"product_cat":[],"product_tag":[515,995],"class_list":{"0":"post-15194","1":"product","2":"type-product","3":"status-publish","4":"has-post-thumbnail","6":"product_tag-nidia-minaj-2","7":"product_tag-principe-discos","8":"product_shipping_class-lp","9":"pa_artist-nidia-minaj","10":"pa_genre-beats","11":"pa_genre-electronics","12":"pa_genre-house","13":"pa_genre-kuduro","14":"pa_label-principe-discos","16":"first","17":"outofstock","18":"shipping-taxable","19":"purchasable","20":"product-type-simple"},"_links":{"self":[{"href":"https:\/\/www.wasserbassin.com\/site\/wp-json\/wp\/v2\/product\/15194","targetHints":{"allow":["GET"]}}],"collection":[{"href":"https:\/\/www.wasserbassin.com\/site\/wp-json\/wp\/v2\/product"}],"about":[{"href":"https:\/\/www.wasserbassin.com\/site\/wp-json\/wp\/v2\/types\/product"}],"replies":[{"embeddable":true,"href":"https:\/\/www.wasserbassin.com\/site\/wp-json\/wp\/v2\/comments?post=15194"}],"wp:featuredmedia":[{"embeddable":true,"href":"https:\/\/www.wasserbassin.com\/site\/wp-json\/wp\/v2\/media\/15204"}],"wp:attachment":[{"href":"https:\/\/www.wasserbassin.com\/site\/wp-json\/wp\/v2\/media?parent=15194"}],"wp:term":[{"taxonomy":"product_brand","embeddable":true,"href":"https:\/\/www.wasserbassin.com\/site\/wp-json\/wp\/v2\/product_brand?post=15194"},{"taxonomy":"product_cat","embeddable":true,"href":"https:\/\/www.wasserbassin.com\/site\/wp-json\/wp\/v2\/product_cat?post=15194"},{"taxonomy":"product_tag","embeddable":true,"href":"https:\/\/www.wasserbassin.com\/site\/wp-json\/wp\/v2\/product_tag?post=15194"}],"curies":[{"name":"wp","href":"https:\/\/api.w.org\/{rel}","templated":true}]}}