{"id":15212,"date":"2020-07-08T19:38:41","date_gmt":"2020-07-08T18:38:41","guid":{"rendered":"https:\/\/www.wasserbassin.com\/site\/?post_type=product&#038;p=15212"},"modified":"2021-10-23T04:20:16","modified_gmt":"2021-10-23T03:20:16","slug":"pop-dellarte-free-pop-cd","status":"publish","type":"product","link":"https:\/\/www.wasserbassin.com\/site\/product\/pop-dellarte-free-pop-cd\/","title":{"rendered":"Pop Dell&#8217;Arte &#8211; Free Pop &#8211; CD"},"content":{"rendered":"<p><strong>Pop Dell&#8217;Arte<\/strong>&#8216;s debut album &#8220;<strong>Free Pop<\/strong>&#8220;, already with Lu\u00eds San Payo on drums, is published in December 1987, by <strong>Ama Romanta<\/strong>. This work includes several classics of the band such as &#8220;Berlioz&#8221;, &#8220;Rio Line&#8221;, &#8220;Avanti Marinaio&#8221; and &#8220;Bladin&#8221;, as well as &#8220;Juramento Sem Bandeira&#8221; where Jo\u00e3o Peste sings in a duet with Adolfo Lux\u00faria Canibal dos M\u00e3o Morta. The Blitz newspaper, in 1987, placed it only in 10th position in the list of the best Portuguese albums of that year. However, later, in 2010, the same newspaper placed the same record among the top 10 in the 1980s.<\/p>\n<p>The international critics also noticed &#8220;<strong>Free Pop<\/strong>&#8220;. Thus, the British musical newspaper Sounds, in an article signed by John Robb in the summer of 1988, attributed him 4.5 points (out of 5 possible). Having subsequently been considered one of the most important albums ever in the history of pop music made in Portugal,<strong> &#8220;Free Pop<\/strong>&#8220;, in 1999, appeared in the book Os 100 most important albums ever in Portuguese music, edited by the newspaper P\u00fablico in collaboration with FNAC, and in the List of the 20 best albums of the 20th century by Di\u00e1rio de Not\u00edcias.<\/p>\n<p>When &#8220;<strong>Free Pop<\/strong>&#8221; was reissued in 2011, the RTP 2 <em>C\u00e2mara Clara<\/em> program also considered it one of the best albums of Portuguese music ever, while Ricardo Sal\u00f3, in the weekly <em>Expresso<\/em>, said it was perhaps the best Portuguese album of the &#8220;Anos&#8221; 80 &#8220;.<\/p>\n<p>Controversies have always been present throughout the history of <strong>Pop Dell&#8217;Arte<\/strong>.<\/p>\n<p><strong>Ama Romanta\/Louie Louie<br \/>\n<\/strong><\/p>\n","protected":false},"excerpt":{"rendered":"<p><strong>Ama Romanta\/Louie Louie<br \/>\n<\/strong><\/p>\n<hr \/>\n<p><strong>Pop Dell&#8217;Arte<\/strong>&#8216;s debut album &#8220;<strong>Free Pop<\/strong>&#8220;, already with Lu\u00eds San Payo on drums, is published in December 1987, by <strong>Ama Romanta<\/strong>. This work includes several classics of the band such as &#8220;Berlioz&#8221;, &#8220;Rio Line&#8221;, &#8220;Avanti Marinaio&#8221; and &#8220;Bladin&#8221;, as well as &#8220;Juramento Sem Bandeira&#8221; where Jo\u00e3o Peste sings in a duet with Adolfo Lux\u00faria Canibal dos M\u00e3o Morta. The Blitz newspaper, in 1987, placed it only in 10th position in the list of the best Portuguese albums of that year. However, later, in 2010, the same newspaper placed the same record among the top 10 in the 1980s.<\/p>\n<p>Controversies have always been present throughout the history of <strong>Pop Dell&#8217;Arte<\/strong>.<\/p>\n<p class=\"p1\"><a title=\"See the Video\" href=\"https:\/\/www.youtube.com\/watch?v=0wflyMuuIg8\" target=\"_blank\" rel=\"noopener noreferrer\">\u25ba CLICK HERE TO LISTEN<\/a><\/p>\n","protected":false},"featured_media":15218,"comment_status":"closed","ping_status":"closed","template":"","meta":[],"product_brand":[],"product_cat":[],"product_tag":[3381,3380,3379],"class_list":{"0":"post-15212","1":"product","2":"type-product","3":"status-publish","4":"has-post-thumbnail","6":"product_tag-ama-romanta","7":"product_tag-louie-louie","8":"product_tag-pop-dellarte","9":"product_shipping_class-cd","10":"pa_artist-pop-dellarte","11":"pa_genre-art","12":"pa_genre-avant-garde","13":"pa_genre-pop","14":"pa_genre-rock","15":"pa_label-ama-romanta","16":"pa_label-louie-louie","18":"first","19":"outofstock","20":"shipping-taxable","21":"purchasable","22":"product-type-simple"},"_links":{"self":[{"href":"https:\/\/www.wasserbassin.com\/site\/wp-json\/wp\/v2\/product\/15212","targetHints":{"allow":["GET"]}}],"collection":[{"href":"https:\/\/www.wasserbassin.com\/site\/wp-json\/wp\/v2\/product"}],"about":[{"href":"https:\/\/www.wasserbassin.com\/site\/wp-json\/wp\/v2\/types\/product"}],"replies":[{"embeddable":true,"href":"https:\/\/www.wasserbassin.com\/site\/wp-json\/wp\/v2\/comments?post=15212"}],"wp:featuredmedia":[{"embeddable":true,"href":"https:\/\/www.wasserbassin.com\/site\/wp-json\/wp\/v2\/media\/15218"}],"wp:attachment":[{"href":"https:\/\/www.wasserbassin.com\/site\/wp-json\/wp\/v2\/media?parent=15212"}],"wp:term":[{"taxonomy":"product_brand","embeddable":true,"href":"https:\/\/www.wasserbassin.com\/site\/wp-json\/wp\/v2\/product_brand?post=15212"},{"taxonomy":"product_cat","embeddable":true,"href":"https:\/\/www.wasserbassin.com\/site\/wp-json\/wp\/v2\/product_cat?post=15212"},{"taxonomy":"product_tag","embeddable":true,"href":"https:\/\/www.wasserbassin.com\/site\/wp-json\/wp\/v2\/product_tag?post=15212"}],"curies":[{"name":"wp","href":"https:\/\/api.w.org\/{rel}","templated":true}]}}