{"id":15363,"date":"2020-09-08T18:49:38","date_gmt":"2020-09-08T17:49:38","guid":{"rendered":"https:\/\/www.wasserbassin.com\/site\/?post_type=product&#038;p=15363"},"modified":"2020-12-21T23:27:58","modified_gmt":"2020-12-21T23:27:58","slug":"marcal-dos-campos-ana3-marcal-dos-campos-heart-frostbite-new-emotion-revisited-2002-2015-2lp-gatefold","status":"publish","type":"product","link":"https:\/\/www.wasserbassin.com\/site\/product\/marcal-dos-campos-ana3-marcal-dos-campos-heart-frostbite-new-emotion-revisited-2002-2015-2lp-gatefold\/","title":{"rendered":"Mar\u00e7al Dos Campos\/Ana3 &#038; Mar\u00e7al Dos Campos &#8211; Heart Frostbite\/New Emotion Revisited 2002-2015 &#8211; 2LP (Gatefold)"},"content":{"rendered":"<div>\n<p>Disc one:<\/p>\n<p>&nbsp;<\/p>\n<p>Frostbite is an ulcer caused by exposing a body to very low temperatures, technically, it happens by freezing the water in the blood and tissues. This type of injury occurs in case of prolonged stay in a place with extreme negative changes and begins to manifest itself in areas on the body such as the fingers and toes, nose or cheeks. That is, in an important instinct, in order to protect and maintain irrigation in the center of the body, as extremities cool and freeze. Following this logic, which is actually a law of nature, the last organ to be &#8220;frozen&#8221; would be the central mechanism of blood distribution, the heart.<\/p>\n<p>In this sense, the title &#8220;<strong>Heart Frostbite<\/strong>&#8221; intends, through this physiological impossibility, to lead to a metaphor, maintaining a thematic coherence that has guided the work of <strong>Mar\u00e7al dos Campos<\/strong> and philosophy intrinsic to the <strong>New Emotion<\/strong>. Here, a frostbite in the heart, obviously does not have its origin in exposure to low temperatures, but may have its cause in strong emotions or deep feelings of nostalgia.<\/p>\n<p>Disc two:<\/p>\n<p>The origin of the term <strong>Nova Emo\u00e7\u00e3o<\/strong> (New Emotion) is imprecise, but it is believed to have been used for the first time in 2004, during a conversation between Jo\u00e3o Alves Marrucho and Albino Tavares, both of them design students at the Faculty of Fine Arts of Porto at the time.<\/p>\n<p>There were reflections about music and design; and there also was the urgency to confront some of the aesthetic trends that were asserting themselves at that time: Swiss design, minimal techno; or some over-conceptualized movements within the areas of experimental electronics and late conceptual art. The <em>motto<\/em> was relatively simple: assume the technical limitations, do as you can and, of course, emphasize the only thing that distinguishes us from Artificial Intelligence, the emotions. Don&#8217;t be afraid of colors, pixels, clich\u00e9s, cheesy melodies or mp3 compression.<\/p>\n<p>Following these thoughts, in February 2005 the \u00c1stato CD-R publisher was founded, by Jo\u00e3o Alves Marrucho, Albino Tavares and Duarte Amorim (also a design student), which goal was to release DIY sonic adventures at a very low-cost.\u00a0 <strong>New Emotion <\/strong>was for example: +1, VEC, \u00daltimo, <strong>Ana<\/strong> and, of course, <strong>Mar\u00e7al dos Campos<\/strong>. The label sought for synergies within the city&#8217;s artistic scene, inviting artists for collaboration on the album covers. During the \u201cgolden years\u201d of <strong>Nova Emo\u00e7\u00e3o<\/strong> the group organized numerous parties in different venues, specially the famous &#8220;Gala Nova Emo\u00e7\u00e3o&#8221; at Passos Manuel.<\/p>\n<p>\u201c<strong>New Emotion Revisited 2002-2015<\/strong>\u201d, released fifteen years after the release of \u00c1stato CD-R&#8217;s first album (EP Bip! Um Tigre \u00c1s! By Ana), is a split LP that brings together some of the most striking tracks by two of the most consistent producers within the genre: <strong>Ana3<\/strong> (which started out as just Ana) and <strong>Mar\u00e7al dos Campos<\/strong>. In addition to the historical value, for this is the only album ever dedicated to Nova Emo\u00e7\u00e3o, released in vinyl, this compilation is also a tribute to an artistic micro-movement and the \u00c1stato CD-R label. For this reason, following in the footsteps of the now defunct label, both inserts were drawn by two essential artists within Porto&#8217;s artist-run spaces: Andr\u00e9 Sousa and Isabel Carvalho.<\/p>\n<p>Released with the kind support of <strong>Criat\u00f3rio<\/strong>&#8216;s<strong> Program &#8211; C\u00e2mara Municipal do Porto<\/strong>.<\/p>\n<p><strong>Order Now!!!<\/strong><\/p>\n<p>Release date: 26\/09\/2020<\/p>\n<p><strong>Distributed by Wasser Bassin<\/strong><\/p>\n<div>\n<p><strong>Author&#8217;s Edition<br \/>\n<\/strong><\/p>\n<\/div>\n<\/div>\n","protected":false},"excerpt":{"rendered":"<p><strong>Author&#8217;s Edition<br \/>\n<\/strong><\/p>\n<hr \/>\n<p>Disc one: &#8220;<strong>Heart Frostbite<\/strong>&#8221; intends, through this physiological impossibility, to lead to a metaphor, maintaining a thematic coherence that has guided the work of <strong>Mar\u00e7al dos Campos<\/strong> and philosophy intrinsic to the <strong>New Emotion<\/strong>. Here, a frostbite in the heart, obviously does not have its origin in exposure to low temperatures, but may have its cause in strong emotions or deep feelings of nostalgia.<\/p>\n<p>Disco two: \u201c<strong>New Emotion Revisited 2002-2015<\/strong>\u201d, released fifteen years after the release of \u00c1stato CD-R&#8217;s first album (EP Bip! Um Tigre \u00c1s! By Ana), is a split LP that brings together some of the most striking tracks by two of the most consistent producers within the genre: <strong>Ana3<\/strong> (which started out as just Ana) and <strong>Mar\u00e7al dos Campos<\/strong>. In addition to the historical value, for this is the only album ever dedicated to Nova Emo\u00e7\u00e3o, released in vinyl, this compilation is also a tribute to an artistic micro-movement and the \u00c1stato CD-R label. For this reason, following in the footsteps of the now defunct label, both inserts were drawn by two essential artists within Porto&#8217;s artist-run spaces: Andr\u00e9 Sousa and Isabel Carvalho.<\/p>\n<p>Released with the kind support of <strong>Criat\u00f3rio<\/strong>&#8216;s<strong> Program &#8211; C\u00e2mara Municipal do Porto<\/strong>.<\/p>\n<p><strong>Order Now!!!<\/strong><\/p>\n<p>Release date: 26\/09\/2020<\/p>\n<p><strong>Distributed by Wasser Bassin<\/strong><\/p>\n<p><a href=\"https:\/\/soundcloud.com\/marcal-dos-campos\/1-01-drunk-optometrist\" target=\"_blank\" rel=\"noopener noreferrer\">\u25ba CLICK HERE TO LISTEN<\/a><\/p>\n<p><strong>\u00a0<\/strong><\/p>\n","protected":false},"featured_media":15366,"comment_status":"closed","ping_status":"closed","template":"","meta":[],"product_brand":[],"product_cat":[],"product_tag":[3456,3455],"class_list":{"0":"post-15363","1":"product","2":"type-product","3":"status-publish","4":"has-post-thumbnail","6":"product_tag-ana3","7":"product_tag-marcal-dos-campos","8":"product_shipping_class-lp","9":"pa_artist-ana3","10":"pa_artist-marcal-dos-campos","11":"pa_genre-new-emotion","12":"pa_genre-nova-emocao","13":"pa_label-author-edition","15":"first","16":"instock","17":"shipping-taxable","18":"purchasable","19":"product-type-simple"},"_links":{"self":[{"href":"https:\/\/www.wasserbassin.com\/site\/wp-json\/wp\/v2\/product\/15363","targetHints":{"allow":["GET"]}}],"collection":[{"href":"https:\/\/www.wasserbassin.com\/site\/wp-json\/wp\/v2\/product"}],"about":[{"href":"https:\/\/www.wasserbassin.com\/site\/wp-json\/wp\/v2\/types\/product"}],"replies":[{"embeddable":true,"href":"https:\/\/www.wasserbassin.com\/site\/wp-json\/wp\/v2\/comments?post=15363"}],"wp:featuredmedia":[{"embeddable":true,"href":"https:\/\/www.wasserbassin.com\/site\/wp-json\/wp\/v2\/media\/15366"}],"wp:attachment":[{"href":"https:\/\/www.wasserbassin.com\/site\/wp-json\/wp\/v2\/media?parent=15363"}],"wp:term":[{"taxonomy":"product_brand","embeddable":true,"href":"https:\/\/www.wasserbassin.com\/site\/wp-json\/wp\/v2\/product_brand?post=15363"},{"taxonomy":"product_cat","embeddable":true,"href":"https:\/\/www.wasserbassin.com\/site\/wp-json\/wp\/v2\/product_cat?post=15363"},{"taxonomy":"product_tag","embeddable":true,"href":"https:\/\/www.wasserbassin.com\/site\/wp-json\/wp\/v2\/product_tag?post=15363"}],"curies":[{"name":"wp","href":"https:\/\/api.w.org\/{rel}","templated":true}]}}