{"id":15475,"date":"2020-10-20T19:15:17","date_gmt":"2020-10-20T18:15:17","guid":{"rendered":"https:\/\/www.wasserbassin.com\/site\/?post_type=product&#038;p=15475"},"modified":"2020-10-20T19:19:57","modified_gmt":"2020-10-20T18:19:57","slug":"ines-sapeta-dias-alexandra-areia-ines-monteiro-um-mapa-de-lisboa-no-cinema-livro-book","status":"publish","type":"product","link":"https:\/\/www.wasserbassin.com\/site\/product\/ines-sapeta-dias-alexandra-areia-ines-monteiro-um-mapa-de-lisboa-no-cinema-livro-book\/","title":{"rendered":"In\u00eas Sapeta Dias,  Alexandra Areia,  In\u00eas Monteiro &#8211; Um Mapa de Lisboa no Cinema  &#8211; Livro (Book)"},"content":{"rendered":"<p><em><strong>Um Mapa de Lisboa no Cinema<\/strong> <\/em>\u00e9 uma deambula\u00e7\u00e3o pela cidade atrav\u00e9s das imagens e ideias de uma s\u00e9rie de filmes. Constru\u00eddo a partir da transcri\u00e7\u00e3o de interven\u00e7\u00f5es em sess\u00f5es de visionamento dedicadas \u00e0 arquitectura do ciclo <em>Topografias Imagin\u00e1rias \u2014 <\/em>organizado desde 2015 pela Videoteca do Arquivo Municipal de Lisboa <em>\u2014<\/em>, o mapa resulta da sobreposi\u00e7\u00e3o de duas topografias: a topografia dos filmes e a topografia da cidade. Num m\u00e9todo pr\u00f3ximo da montagem cinematogr\u00e1fica, reordenaram-se fragmentos das interven\u00e7\u00f5es e reorganizaram-se as imagens projectadas nas sess\u00f5es.<\/p>\n<p>Este livro \u00e9 um mapa, simultaneamente real e imagin\u00e1rio, espacial e temporal, da cidade de Lisboa. Um mapa constru\u00eddo por In\u00eas Sapeta Dias, Alexandra Areia e In\u00eas Monteiro a partir dos filmes: <em>Cr\u00f3nica dos Bons Malandros<\/em>, <em>Tr\u00eas Palmeiras<\/em>, <em>O Estado das Coisas<\/em>, <em>Ru\u00ednas<\/em>, <em>Doc\u2019s Kingdom<\/em>, <em>Ningu\u00e9m Duas Vezes<\/em>, <em>Recorda\u00e7\u00f5es da Casa Amarela<\/em>, <em>Divina Com\u00e9dia<\/em>, <em>Corte de Cabelo<\/em>, <em>Mal<\/em>, <em>O Fantasma<\/em>, <em>Os Mutantes<\/em>, <em>Xavier<\/em>.<\/p>\n<p><strong>Dafne<\/strong><\/p>\n<p>&nbsp;<\/p>\n<p>&nbsp;<\/p>\n","protected":false},"excerpt":{"rendered":"<p><strong>Dafne<\/strong><\/p>\n<hr \/>\n<p><em><strong>Um Mapa de Lisboa no Cinema<\/strong> <\/em>\u00e9 uma deambula\u00e7\u00e3o pela cidade atrav\u00e9s das imagens e ideias de uma s\u00e9rie de filmes. Constru\u00eddo a partir da transcri\u00e7\u00e3o de interven\u00e7\u00f5es em sess\u00f5es de visionamento dedicadas \u00e0 arquitectura do ciclo <em>Topografias Imagin\u00e1rias \u2014 <\/em>organizado desde 2015 pela Videoteca do Arquivo Municipal de Lisboa <em>\u2014<\/em>, o mapa resulta da sobreposi\u00e7\u00e3o de duas topografias: a topografia dos filmes e a topografia da cidade. Num m\u00e9todo pr\u00f3ximo da montagem cinematogr\u00e1fica, reordenaram-se fragmentos das interven\u00e7\u00f5es e reorganizaram-se as imagens projectadas nas sess\u00f5es.<\/p>\n<p>Este livro \u00e9 um mapa, simultaneamente real e imagin\u00e1rio, espacial e temporal, da cidade de Lisboa. Um mapa constru\u00eddo por In\u00eas Sapeta Dias, Alexandra Areia e In\u00eas Monteiro a partir dos filmes: <em>Cr\u00f3nica dos Bons Malandros<\/em>, <em>Tr\u00eas Palmeiras<\/em>, <em>O Estado das Coisas<\/em>, <em>Ru\u00ednas<\/em>, <em>Doc\u2019s Kingdom<\/em>, <em>Ningu\u00e9m Duas Vezes<\/em>, <em>Recorda\u00e7\u00f5es da Casa Amarela<\/em>, <em>Divina Com\u00e9dia<\/em>, <em>Corte de Cabelo<\/em>, <em>Mal<\/em>, <em>O Fantasma<\/em>, <em>Os Mutantes<\/em>, <em>Xavier<\/em>.<\/p>\n<p>&nbsp;<\/p>\n<p>&nbsp;<\/p>\n<p>&nbsp;<\/p>\n","protected":false},"featured_media":15469,"comment_status":"closed","ping_status":"closed","template":"","meta":[],"product_brand":[],"product_cat":[41],"product_tag":[3507,980,3506,3505],"class_list":{"0":"post-15475","1":"product","2":"type-product","3":"status-publish","4":"has-post-thumbnail","6":"product_cat-books","7":"product_tag-alexandra-areia","8":"product_tag-dafne","9":"product_tag-ines-monteiro","10":"product_tag-ines-sapeta-dias","11":"product_shipping_class-bookks","12":"pa_artist-alexandra-areia","13":"pa_artist-ines-monteiro","14":"pa_artist-ines-sapeta-dias","15":"pa_genre-architecture","16":"pa_label-dafne","18":"first","19":"instock","20":"shipping-taxable","21":"purchasable","22":"product-type-simple"},"_links":{"self":[{"href":"https:\/\/www.wasserbassin.com\/site\/wp-json\/wp\/v2\/product\/15475","targetHints":{"allow":["GET"]}}],"collection":[{"href":"https:\/\/www.wasserbassin.com\/site\/wp-json\/wp\/v2\/product"}],"about":[{"href":"https:\/\/www.wasserbassin.com\/site\/wp-json\/wp\/v2\/types\/product"}],"replies":[{"embeddable":true,"href":"https:\/\/www.wasserbassin.com\/site\/wp-json\/wp\/v2\/comments?post=15475"}],"wp:featuredmedia":[{"embeddable":true,"href":"https:\/\/www.wasserbassin.com\/site\/wp-json\/wp\/v2\/media\/15469"}],"wp:attachment":[{"href":"https:\/\/www.wasserbassin.com\/site\/wp-json\/wp\/v2\/media?parent=15475"}],"wp:term":[{"taxonomy":"product_brand","embeddable":true,"href":"https:\/\/www.wasserbassin.com\/site\/wp-json\/wp\/v2\/product_brand?post=15475"},{"taxonomy":"product_cat","embeddable":true,"href":"https:\/\/www.wasserbassin.com\/site\/wp-json\/wp\/v2\/product_cat?post=15475"},{"taxonomy":"product_tag","embeddable":true,"href":"https:\/\/www.wasserbassin.com\/site\/wp-json\/wp\/v2\/product_tag?post=15475"}],"curies":[{"name":"wp","href":"https:\/\/api.w.org\/{rel}","templated":true}]}}