{"id":15690,"date":"2020-04-03T19:38:14","date_gmt":"2020-04-03T18:38:14","guid":{"rendered":"https:\/\/www.wasserbassin.com\/site\/?post_type=product&#038;p=15690"},"modified":"2025-12-22T04:23:59","modified_gmt":"2025-12-22T04:23:59","slug":"evols-iii-cd","status":"publish","type":"product","link":"https:\/\/www.wasserbassin.com\/site\/product\/evols-iii-cd\/","title":{"rendered":"Evols &#8211; III &#8211; CD"},"content":{"rendered":"<p>Formed in 2008 by V\u00edtor Santos, Fran\u00e7a Gomes and Carlos Lobo, the indie\/alternative rock masters, <strong>Evols<\/strong>, now include in ther line-up Rafael Ferreira (Glockenwise), Andr\u00e9 Sim\u00e3o (Dear Telephone, Sensible Soccers) and S\u00e9rgio Bastos (S. Pedro, Space Ensemble).<\/p>\n<p>After five long years, their new LP, \u201c<strong>III<\/strong>\u201d, is finally available via <strong>Revolve<\/strong>.<\/p>\n<p>Just get it!<\/p>\n<p><strong>Revolve<\/strong><\/p>\n","protected":false},"excerpt":{"rendered":"<p class=\"p1\"><strong>Revolve<\/strong><\/p>\n<hr \/>\n<p>Formed in 2008 by V\u00edtor Santos, Fran\u00e7a Gomes and Carlos Lobo, the indie\/alternative rock masters, <strong>Evols<\/strong>, now include in ther line-up Rafael Ferreira (Glockenwise), Andr\u00e9 Sim\u00e3o (Dear Telephone, Sensible Soccers) and S\u00e9rgio Bastos (S. Pedro, Space Ensemble).<\/p>\n<p>After five long years, their new LP, \u201c<strong>III<\/strong>\u201d, is finally available via <strong>Revolve<\/strong>.<\/p>\n<p>Just get it!<\/p>\n<p><a href=\"https:\/\/www.youtube.com\/watch?v=noXqFjUOu2U\" target=\"_blank\" rel=\"noopener noreferrer\">\u25ba CLICK HERE TO LISTEN<\/a><\/p>\n<p class=\"p1\"><strong>\u00a0<\/strong><\/p>\n","protected":false},"featured_media":15003,"comment_status":"closed","ping_status":"closed","template":"","meta":[],"product_brand":[],"product_cat":[],"product_tag":[923,2007],"class_list":{"0":"post-15690","1":"product","2":"type-product","3":"status-publish","4":"has-post-thumbnail","6":"product_tag-evols","7":"product_tag-revolve","8":"product_shipping_class-cd","9":"pa_artist-evols","10":"pa_genre-alternative_rock","11":"pa_genre-indie","12":"pa_genre-rock","13":"pa_label-revolve","15":"first","16":"instock","17":"shipping-taxable","18":"purchasable","19":"product-type-simple"},"_links":{"self":[{"href":"https:\/\/www.wasserbassin.com\/site\/wp-json\/wp\/v2\/product\/15690","targetHints":{"allow":["GET"]}}],"collection":[{"href":"https:\/\/www.wasserbassin.com\/site\/wp-json\/wp\/v2\/product"}],"about":[{"href":"https:\/\/www.wasserbassin.com\/site\/wp-json\/wp\/v2\/types\/product"}],"replies":[{"embeddable":true,"href":"https:\/\/www.wasserbassin.com\/site\/wp-json\/wp\/v2\/comments?post=15690"}],"wp:featuredmedia":[{"embeddable":true,"href":"https:\/\/www.wasserbassin.com\/site\/wp-json\/wp\/v2\/media\/15003"}],"wp:attachment":[{"href":"https:\/\/www.wasserbassin.com\/site\/wp-json\/wp\/v2\/media?parent=15690"}],"wp:term":[{"taxonomy":"product_brand","embeddable":true,"href":"https:\/\/www.wasserbassin.com\/site\/wp-json\/wp\/v2\/product_brand?post=15690"},{"taxonomy":"product_cat","embeddable":true,"href":"https:\/\/www.wasserbassin.com\/site\/wp-json\/wp\/v2\/product_cat?post=15690"},{"taxonomy":"product_tag","embeddable":true,"href":"https:\/\/www.wasserbassin.com\/site\/wp-json\/wp\/v2\/product_tag?post=15690"}],"curies":[{"name":"wp","href":"https:\/\/api.w.org\/{rel}","templated":true}]}}