{"id":15728,"date":"2021-01-16T02:59:39","date_gmt":"2021-01-16T02:59:39","guid":{"rendered":"https:\/\/www.wasserbassin.com\/site\/?post_type=product&#038;p=15728"},"modified":"2021-01-16T04:43:55","modified_gmt":"2021-01-16T04:43:55","slug":"jose-eduardo-silva-desindividuacao-desconcerto-para-bernard-stiegler-book","status":"publish","type":"product","link":"https:\/\/www.wasserbassin.com\/site\/product\/jose-eduardo-silva-desindividuacao-desconcerto-para-bernard-stiegler-book\/","title":{"rendered":"Jos\u00e9 Eduardo Silva &#8211; (Des)Individua\u00e7\u00e3o &#8211; (Des)Concerto Para Bernard Stiegler &#8211; Book"},"content":{"rendered":"<p>&#8220;<strong>(Des)Individua\u00e7\u00e3o &#8211; (Des)Concerto Para Bernard Stiegler<\/strong>&#8221; is a theatre play, by <strong>Jos\u00e9 Eduardo Silva<\/strong>, issued in partnership between <strong>Apuro Edi\u00e7\u00f5es<\/strong> and &#8220;<strong>Teatro Do Frio<\/strong>&#8220;.<\/p>\n<p>Curious and recommended reading for the bold and the beautiful!<\/p>\n<p><strong>Apuro Edi\u00e7\u00f5es\/Teatro Do Frio<\/strong><\/p>\n<p><em>\u00a0<\/em><\/p>\n<p>&nbsp;<\/p>\n<p>&nbsp;<\/p>\n<p><strong>\u00a0<\/strong><\/p>\n<p>&nbsp;<\/p>\n","protected":false},"excerpt":{"rendered":"<p><strong>Apuro Edi\u00e7\u00f5es\/Teatro Do Frio<\/strong><\/p>\n<hr \/>\n<p>&#8220;<strong>(Des)Individua\u00e7\u00e3o &#8211; (Des)Concerto Para Bernard Stiegler<\/strong>&#8221; is a theatre play, by <strong>Jos\u00e9 Eduardo Silva<\/strong>, issued in partnership between <strong>Apuro Edi\u00e7\u00f5es<\/strong> and &#8220;<strong>Teatro Do Frio<\/strong>&#8220;.<\/p>\n<p>Curious and recommended reading for the bold and the beautiful!<\/p>\n<p>&nbsp;<\/p>\n<p>&nbsp;<\/p>\n","protected":false},"featured_media":15713,"comment_status":"closed","ping_status":"closed","template":"","meta":[],"product_brand":[],"product_cat":[41],"product_tag":[3625,3624,3626],"class_list":{"0":"post-15728","1":"product","2":"type-product","3":"status-publish","4":"has-post-thumbnail","6":"product_cat-books","7":"product_tag-apuro-edicoes","8":"product_tag-jose-eduardo-silva","9":"product_tag-teatro-do-frio","10":"product_shipping_class-bookks","11":"pa_artist-jose-eduardo-silva","12":"pa_genre-essay","13":"pa_genre-theatre","14":"pa_label-apuro-edicoes","15":"pa_label-teatro-do-frio","17":"first","18":"instock","19":"shipping-taxable","20":"purchasable","21":"product-type-simple"},"_links":{"self":[{"href":"https:\/\/www.wasserbassin.com\/site\/wp-json\/wp\/v2\/product\/15728","targetHints":{"allow":["GET"]}}],"collection":[{"href":"https:\/\/www.wasserbassin.com\/site\/wp-json\/wp\/v2\/product"}],"about":[{"href":"https:\/\/www.wasserbassin.com\/site\/wp-json\/wp\/v2\/types\/product"}],"replies":[{"embeddable":true,"href":"https:\/\/www.wasserbassin.com\/site\/wp-json\/wp\/v2\/comments?post=15728"}],"wp:featuredmedia":[{"embeddable":true,"href":"https:\/\/www.wasserbassin.com\/site\/wp-json\/wp\/v2\/media\/15713"}],"wp:attachment":[{"href":"https:\/\/www.wasserbassin.com\/site\/wp-json\/wp\/v2\/media?parent=15728"}],"wp:term":[{"taxonomy":"product_brand","embeddable":true,"href":"https:\/\/www.wasserbassin.com\/site\/wp-json\/wp\/v2\/product_brand?post=15728"},{"taxonomy":"product_cat","embeddable":true,"href":"https:\/\/www.wasserbassin.com\/site\/wp-json\/wp\/v2\/product_cat?post=15728"},{"taxonomy":"product_tag","embeddable":true,"href":"https:\/\/www.wasserbassin.com\/site\/wp-json\/wp\/v2\/product_tag?post=15728"}],"curies":[{"name":"wp","href":"https:\/\/api.w.org\/{rel}","templated":true}]}}