{"id":16014,"date":"2021-04-26T16:26:27","date_gmt":"2021-04-26T15:26:27","guid":{"rendered":"https:\/\/www.wasserbassin.com\/site\/?post_type=product&#038;p=16014"},"modified":"2026-03-13T11:01:49","modified_gmt":"2026-03-13T11:01:49","slug":"pedro-magalhaes-the-low-ride-pleasure-livro-book","status":"publish","type":"product","link":"https:\/\/www.wasserbassin.com\/site\/product\/pedro-magalhaes-the-low-ride-pleasure-livro-book\/","title":{"rendered":"Pedro Magalh\u00e3es &#8211; The Low Ride Pleasure &#8211; Livro (Book)"},"content":{"rendered":"<p><span id=\"parent-fieldname-description-8ac9ff6f84532c2717b74d6844f339bf\" class=\"\"><strong>Pedro Magalh\u00e3es<\/strong> (1975), vive e trabalha na cidade do Porto. A sua pr\u00e1tica art\u00edstica \u00e9 maioritariamente fotogr\u00e1fica, com uma aproxima\u00e7\u00e3o serial a cada tema. O trabalho que apresenta surge na sequ\u00eancia de pesquisas em torno de actividades amadoras. <\/span><\/p>\n<p><span id=\"parent-fieldname-description-8ac9ff6f84532c2717b74d6844f339bf\" class=\"\">Na publica\u00e7\u00e3o, &#8220;<strong>The Low Ride Pleasure<\/strong>&#8220;, <strong>Pedro Magalh\u00e3es<\/strong> entra no universo do <em>car tuning<\/em> em Portugal, uma actividade considerada ilegal neste pa\u00eds. <\/span><\/p>\n<p>**************************************<\/p>\n<p><strong>Pedro Magalh\u00e3es<\/strong> (1975), lives and works in the city of Porto. His artistic practice is mostly photographic, with a serial approach to each theme. The work he presents comes as a result of research on amateur activities. In the publication, \u201c<strong>The Low Ride Pleasure<\/strong>\u201d, <strong>Pedro Magalh\u00e3es<\/strong> enters the universe of car tuning in Portugal, an activity considered illegal in this country.<\/p>\n<p><strong>Author&#8217;s Edition<\/strong><\/p>\n<p>&nbsp;<\/p>\n<p>&nbsp;<\/p>\n","protected":false},"excerpt":{"rendered":"<p><strong>Author&#8217;s Edition<br \/>\n<\/strong><\/p>\n<hr \/>\n<p><span id=\"parent-fieldname-description-8ac9ff6f84532c2717b74d6844f339bf\" class=\"\"><strong>Pedro Magalh\u00e3es<\/strong> (1975), vive e trabalha na cidade do Porto. A sua pr\u00e1tica art\u00edstica \u00e9 maioritariamente fotogr\u00e1fica, com uma aproxima\u00e7\u00e3o serial a cada tema. O trabalho que apresenta surge na sequ\u00eancia de pesquisas em torno de actividades amadoras. <\/span><\/p>\n<p><span id=\"parent-fieldname-description-8ac9ff6f84532c2717b74d6844f339bf\" class=\"\">Na publica\u00e7\u00e3o &#8220;<strong>The Low Ride Pleasure<\/strong>&#8221; <strong>Pedro Magalh\u00e3es<\/strong> entra no universo do <em>car tuning<\/em> em Portugal, uma actividade considerada ilegal neste pa\u00eds. <\/span><\/p>\n<p>&nbsp;<\/p>\n<p>&nbsp;<\/p>\n<p>&nbsp;<\/p>\n<p>&nbsp;<\/p>\n","protected":false},"featured_media":16015,"comment_status":"closed","ping_status":"closed","template":"","meta":[],"product_brand":[],"product_cat":[41],"product_tag":[3764],"class_list":{"0":"post-16014","1":"product","2":"type-product","3":"status-publish","4":"has-post-thumbnail","6":"product_cat-books","7":"product_tag-pedro-magalhaes","8":"product_shipping_class-bookks","9":"pa_artist-pedro-magalhaes","10":"pa_genre-art","11":"pa_genre-photography","12":"pa_label-author-edition","14":"first","15":"outofstock","16":"shipping-taxable","17":"purchasable","18":"product-type-simple"},"_links":{"self":[{"href":"https:\/\/www.wasserbassin.com\/site\/wp-json\/wp\/v2\/product\/16014","targetHints":{"allow":["GET"]}}],"collection":[{"href":"https:\/\/www.wasserbassin.com\/site\/wp-json\/wp\/v2\/product"}],"about":[{"href":"https:\/\/www.wasserbassin.com\/site\/wp-json\/wp\/v2\/types\/product"}],"replies":[{"embeddable":true,"href":"https:\/\/www.wasserbassin.com\/site\/wp-json\/wp\/v2\/comments?post=16014"}],"wp:featuredmedia":[{"embeddable":true,"href":"https:\/\/www.wasserbassin.com\/site\/wp-json\/wp\/v2\/media\/16015"}],"wp:attachment":[{"href":"https:\/\/www.wasserbassin.com\/site\/wp-json\/wp\/v2\/media?parent=16014"}],"wp:term":[{"taxonomy":"product_brand","embeddable":true,"href":"https:\/\/www.wasserbassin.com\/site\/wp-json\/wp\/v2\/product_brand?post=16014"},{"taxonomy":"product_cat","embeddable":true,"href":"https:\/\/www.wasserbassin.com\/site\/wp-json\/wp\/v2\/product_cat?post=16014"},{"taxonomy":"product_tag","embeddable":true,"href":"https:\/\/www.wasserbassin.com\/site\/wp-json\/wp\/v2\/product_tag?post=16014"}],"curies":[{"name":"wp","href":"https:\/\/api.w.org\/{rel}","templated":true}]}}