{"id":16074,"date":"2021-05-18T12:34:52","date_gmt":"2021-05-18T11:34:52","guid":{"rendered":"https:\/\/www.wasserbassin.com\/site\/?post_type=product&#038;p=16074"},"modified":"2021-05-19T12:40:00","modified_gmt":"2021-05-19T11:40:00","slug":"jacques-gubler-cara-senhora-tosoni-livro-book","status":"publish","type":"product","link":"https:\/\/www.wasserbassin.com\/site\/product\/jacques-gubler-cara-senhora-tosoni-livro-book\/","title":{"rendered":"Jacques Gubler &#8211; Cara Senhora Tosoni &#8211; Livro (Book)"},"content":{"rendered":"<p>Este \u00e9 um livro carregado de ironia, erudi\u00e7\u00e3o, imagens e viol\u00eancia. Viol\u00eancia da constru\u00e7\u00e3o, imagens de arquitectura, erudi\u00e7\u00e3o e ironia do autor que, entre 1982 e 1995, enviou regularmente postais \u00e0 Senhora Tosoni, a secret\u00e1ria da redac\u00e7\u00e3o da revista milanesa <em>Casabella<\/em>, ent\u00e3o dirigida por Vittorio Gregotti.<\/p>\n<p>Os postais foram, ao longo do s\u00e9culo XX, uma forma maior da iconografia epistolar. Produzidos industrialmente, em circula\u00e7\u00e3o pelo mundo, os postais transportam imagens com ind\u00edcios de comportamentos sociais e pr\u00e1ticas de constru\u00e7\u00e3o. <strong>Jacques Gubler<\/strong> escalpeliza estas imagens em missivas sint\u00e9ticas, por vezes herm\u00e9ticas, que reverberam nexos escondidos pelo h\u00e1bito celebrativo que tantas vezes se confere \u00e0 hist\u00f3ria. A arquitectura, o design industrial, a hist\u00f3ria do movimento moderno, os autores e os ve\u00edculos da arte, da pintura, da literatura e do conhecimento s\u00e3o convocados numa interroga\u00e7\u00e3o constante ao sentido das imagens do mundo.<\/p>\n<p>A publica\u00e7\u00e3o deste livro foi poss\u00edvel gra\u00e7as ao apoio do Lab2PT e da Escola de Arquitectura da Universidade do Minho.<\/p>\n<p><strong>Dafne<\/strong><\/p>\n<p>&nbsp;<\/p>\n<p>&nbsp;<\/p>\n","protected":false},"excerpt":{"rendered":"<p><strong>Dafne<\/strong><\/p>\n<hr \/>\n<p>Este \u00e9 um livro carregado de ironia, erudi\u00e7\u00e3o, imagens e viol\u00eancia. Viol\u00eancia da constru\u00e7\u00e3o, imagens de arquitectura, erudi\u00e7\u00e3o e ironia do autor que, entre 1982 e 1995, enviou regularmente postais \u00e0 Senhora Tosoni, a secret\u00e1ria da redac\u00e7\u00e3o da revista milanesa <em>Casabella<\/em>, ent\u00e3o dirigida por Vittorio Gregotti.<\/p>\n<p>Os postais foram, ao longo do s\u00e9culo XX, uma forma maior da iconografia epistolar. Produzidos industrialmente, em circula\u00e7\u00e3o pelo mundo, os postais transportam imagens com ind\u00edcios de comportamentos sociais e pr\u00e1ticas de constru\u00e7\u00e3o. <strong>Jacques Gubler<\/strong> escalpeliza estas imagens em missivas sint\u00e9ticas, por vezes herm\u00e9ticas, que reverberam nexos escondidos pelo h\u00e1bito celebrativo que tantas vezes se confere \u00e0 hist\u00f3ria. A arquitectura, o design industrial, a hist\u00f3ria do movimento moderno, os autores e os ve\u00edculos da arte, da pintura, da literatura e do conhecimento s\u00e3o convocados numa interroga\u00e7\u00e3o constante ao sentido das imagens do mundo.<\/p>\n<p>A publica\u00e7\u00e3o deste livro foi poss\u00edvel gra\u00e7as ao apoio do Lab2PT e da Escola de Arquitectura da Universidade do Minho.<\/p>\n<p>&nbsp;<\/p>\n<p>&nbsp;<\/p>\n","protected":false},"featured_media":16067,"comment_status":"closed","ping_status":"closed","template":"","meta":[],"product_brand":[],"product_cat":[41],"product_tag":[980,3787],"class_list":{"0":"post-16074","1":"product","2":"type-product","3":"status-publish","4":"has-post-thumbnail","6":"product_cat-books","7":"product_tag-dafne","8":"product_tag-jacques-gubler","9":"product_shipping_class-bookks","10":"pa_artist-jacques-gubler","11":"pa_genre-architecture","12":"pa_label-dafne","14":"first","15":"instock","16":"shipping-taxable","17":"purchasable","18":"product-type-simple"},"_links":{"self":[{"href":"https:\/\/www.wasserbassin.com\/site\/wp-json\/wp\/v2\/product\/16074","targetHints":{"allow":["GET"]}}],"collection":[{"href":"https:\/\/www.wasserbassin.com\/site\/wp-json\/wp\/v2\/product"}],"about":[{"href":"https:\/\/www.wasserbassin.com\/site\/wp-json\/wp\/v2\/types\/product"}],"replies":[{"embeddable":true,"href":"https:\/\/www.wasserbassin.com\/site\/wp-json\/wp\/v2\/comments?post=16074"}],"wp:featuredmedia":[{"embeddable":true,"href":"https:\/\/www.wasserbassin.com\/site\/wp-json\/wp\/v2\/media\/16067"}],"wp:attachment":[{"href":"https:\/\/www.wasserbassin.com\/site\/wp-json\/wp\/v2\/media?parent=16074"}],"wp:term":[{"taxonomy":"product_brand","embeddable":true,"href":"https:\/\/www.wasserbassin.com\/site\/wp-json\/wp\/v2\/product_brand?post=16074"},{"taxonomy":"product_cat","embeddable":true,"href":"https:\/\/www.wasserbassin.com\/site\/wp-json\/wp\/v2\/product_cat?post=16074"},{"taxonomy":"product_tag","embeddable":true,"href":"https:\/\/www.wasserbassin.com\/site\/wp-json\/wp\/v2\/product_tag?post=16074"}],"curies":[{"name":"wp","href":"https:\/\/api.w.org\/{rel}","templated":true}]}}