{"id":16495,"date":"2022-05-17T23:00:04","date_gmt":"2022-05-17T22:00:04","guid":{"rendered":"https:\/\/www.wasserbassin.com\/site\/?post_type=product&#038;p=16495"},"modified":"2026-03-09T00:36:41","modified_gmt":"2026-03-09T00:36:41","slug":"sensible-soccers-manoel-cd","status":"publish","type":"product","link":"https:\/\/www.wasserbassin.com\/site\/product\/sensible-soccers-manoel-cd\/","title":{"rendered":"Sensible Soccers &#8211; Manoel &#8211; CD"},"content":{"rendered":"<p><strong>PT<\/strong> &#8211;<\/p>\n<p>Os <strong>Sensible Soccers<\/strong> apresentam ao p\u00fablico o seu quarto \u00e1lbum de originais,\u201c<strong>Manoel<\/strong>\u201d, um disco editado em selo pr\u00f3prio e que teve como ponto de partida a composi\u00e7\u00e3o de uma banda sonora para dois filmes de Manoel de Oliveira: \u201cDouro, Faina Fluvial\u201d e \u201cO Pintor e a Cidade\u201d.<\/p>\n<p>O single de estreia,\u201cCantiga da Ponte\u201d,\u00a0 \u00e9 o tema charneira dum \u00e1lbum que, uma vez mais, nos aponta uns <strong>Sensible Soccers<\/strong> cada vez mais seguros e maduros, apostando em melodias nost\u00e1lgicas e contemplativas muito pr\u00f3prias.<\/p>\n<p>Em suma, sinais \u00f3bvios de beleza!<\/p>\n<p><strong>Eng<\/strong> &#8211;<\/p>\n<p><strong>Sensible Soccers<\/strong> are proud to present their fourth album of originals, \u201c<strong>Manoel<\/strong>\u201d, a self-released soundtrack for two films by the master of portuguese cinema, Manoel de Oliveira: \u201cDouro, Faina Fluvial\u201d and \u201cThe Painter and the City\u201d. The awesome debut single, \u201cCantiga da Ponte\u201d, is the key theme of an album that, once again, proves us the maturity and singularity of Sensible Soccers&#8217; nostalgic and contemplative melodies.<\/p>\n<p>In short, obvious signs of beauty!<\/p>\n<p class=\"p1\"><strong>Sensible Soccers<\/strong><\/p>\n","protected":false},"excerpt":{"rendered":"<p class=\"p1\"><strong>Sensible Soccers<\/strong><\/p>\n<hr \/>\n<p>Os <strong>Sensible Soccers<\/strong> apresentam ao p\u00fablico o seu quarto \u00e1lbum de originais,\u201c<strong>Manoel<\/strong>\u201d, um disco editado em selo pr\u00f3prio e que teve como ponto de partida a composi\u00e7\u00e3o de uma banda sonora para dois filmes de Manoel de Oliveira: \u201cDouro, Faina Fluvial\u201d e \u201cO Pintor e a Cidade\u201d.<\/p>\n<p>O single de estreia,\u201cCantiga da Ponte\u201d,\u00a0 \u00e9 o tema charneira dum \u00e1lbum que, uma vez mais, nos aponta uns <strong>Sensible Soccers<\/strong> cada vez mais seguros e maduros, apostando em melodias nost\u00e1lgicas e contemplativas muito pr\u00f3prias.<\/p>\n<p>Em suma, sinais \u00f3bvios de beleza!<\/p>\n<p class=\"p1\"><a title=\"See the Video\" href=\"https:\/\/www.youtube.com\/watch?v=Vwv8U-CBLl8&amp;ab_channel=SensibleSoccers\" target=\"_blank\" rel=\"noopener noreferrer\">\u25ba CLICK HERE TO LISTEN<\/a><\/p>\n","protected":false},"featured_media":16499,"comment_status":"closed","ping_status":"closed","template":"","meta":[],"product_brand":[],"product_cat":[],"product_tag":[3914,168],"class_list":{"0":"post-16495","1":"product","2":"type-product","3":"status-publish","4":"has-post-thumbnail","6":"product_tag-manoel","7":"product_tag-sensible-soccers","8":"product_shipping_class-cd","9":"pa_artist-sensible_soccers","10":"pa_genre-ambient","11":"pa_genre-electronics","12":"pa_genre-jazz","13":"pa_genre-soundtracks","14":"pa_label-sensible-soccers","16":"first","17":"instock","18":"shipping-taxable","19":"purchasable","20":"product-type-simple"},"_links":{"self":[{"href":"https:\/\/www.wasserbassin.com\/site\/wp-json\/wp\/v2\/product\/16495","targetHints":{"allow":["GET"]}}],"collection":[{"href":"https:\/\/www.wasserbassin.com\/site\/wp-json\/wp\/v2\/product"}],"about":[{"href":"https:\/\/www.wasserbassin.com\/site\/wp-json\/wp\/v2\/types\/product"}],"replies":[{"embeddable":true,"href":"https:\/\/www.wasserbassin.com\/site\/wp-json\/wp\/v2\/comments?post=16495"}],"wp:featuredmedia":[{"embeddable":true,"href":"https:\/\/www.wasserbassin.com\/site\/wp-json\/wp\/v2\/media\/16499"}],"wp:attachment":[{"href":"https:\/\/www.wasserbassin.com\/site\/wp-json\/wp\/v2\/media?parent=16495"}],"wp:term":[{"taxonomy":"product_brand","embeddable":true,"href":"https:\/\/www.wasserbassin.com\/site\/wp-json\/wp\/v2\/product_brand?post=16495"},{"taxonomy":"product_cat","embeddable":true,"href":"https:\/\/www.wasserbassin.com\/site\/wp-json\/wp\/v2\/product_cat?post=16495"},{"taxonomy":"product_tag","embeddable":true,"href":"https:\/\/www.wasserbassin.com\/site\/wp-json\/wp\/v2\/product_tag?post=16495"}],"curies":[{"name":"wp","href":"https:\/\/api.w.org\/{rel}","templated":true}]}}