{"id":16595,"date":"2021-10-24T01:10:58","date_gmt":"2021-10-24T00:10:58","guid":{"rendered":"https:\/\/www.wasserbassin.com\/site\/?post_type=product&#038;p=16595"},"modified":"2022-01-14T15:45:49","modified_gmt":"2022-01-14T15:45:49","slug":"brii-sem-proposito-k7","status":"publish","type":"product","link":"https:\/\/www.wasserbassin.com\/site\/product\/brii-sem-proposito-k7\/","title":{"rendered":"Br\u00edi &#8211; Sem Prop\u00f3sito &#8211; K7"},"content":{"rendered":"<p>&#8220;<strong>Sem Prop\u00f3sito<\/strong>&#8221; is <strong>Br\u00edi<\/strong>&#8216;s brand new avant-garde black metal\/psytrance extravaganza, released by <strong>Lovers &amp; Lollypops<\/strong>!<\/p>\n<p>Be sure not to miss this magnetic tape!<\/p>\n<p><strong>Lovers &amp; Lollypops<br \/>\n<\/strong><\/p>\n","protected":false},"excerpt":{"rendered":"<p class=\"p1\"><strong>Lovers &amp; Lollypops<br \/>\n<\/strong><\/p>\n<hr \/>\n<p>&#8220;<strong>Sem Prop\u00f3sito<\/strong>&#8221; is <strong>Br\u00edi<\/strong>&#8216;s brand new avant-garde black metal\/psytrance extravaganza, released by <strong>Lovers &amp; Lollypops<\/strong>!<\/p>\n<p>Be sure not to miss this magnetic tape!<\/p>\n<p><a href=\"https:\/\/www.youtube.com\/watch?v=JPuGRmFMhAc&amp;ab_channel=OrderovtheBlackArts\" target=\"_blank\" rel=\"noopener noreferrer\">\u25ba CLICK HERE TO LISTEN<\/a><\/p>\n<p class=\"p1\"><strong>\u00a0<\/strong><\/p>\n","protected":false},"featured_media":16597,"comment_status":"closed","ping_status":"closed","template":"","meta":[],"product_brand":[],"product_cat":[],"product_tag":[3948,1208],"class_list":{"0":"post-16595","1":"product","2":"type-product","3":"status-publish","4":"has-post-thumbnail","6":"product_tag-brii","7":"product_tag-lovers-lollypops","8":"product_shipping_class-cd","9":"pa_artist-brii","10":"pa_genre-doom-metal","11":"pa_genre-psychedelic","12":"pa_genre-trance","13":"pa_label-lovers-lollypops","15":"first","16":"outofstock","17":"shipping-taxable","18":"purchasable","19":"product-type-simple"},"_links":{"self":[{"href":"https:\/\/www.wasserbassin.com\/site\/wp-json\/wp\/v2\/product\/16595","targetHints":{"allow":["GET"]}}],"collection":[{"href":"https:\/\/www.wasserbassin.com\/site\/wp-json\/wp\/v2\/product"}],"about":[{"href":"https:\/\/www.wasserbassin.com\/site\/wp-json\/wp\/v2\/types\/product"}],"replies":[{"embeddable":true,"href":"https:\/\/www.wasserbassin.com\/site\/wp-json\/wp\/v2\/comments?post=16595"}],"wp:featuredmedia":[{"embeddable":true,"href":"https:\/\/www.wasserbassin.com\/site\/wp-json\/wp\/v2\/media\/16597"}],"wp:attachment":[{"href":"https:\/\/www.wasserbassin.com\/site\/wp-json\/wp\/v2\/media?parent=16595"}],"wp:term":[{"taxonomy":"product_brand","embeddable":true,"href":"https:\/\/www.wasserbassin.com\/site\/wp-json\/wp\/v2\/product_brand?post=16595"},{"taxonomy":"product_cat","embeddable":true,"href":"https:\/\/www.wasserbassin.com\/site\/wp-json\/wp\/v2\/product_cat?post=16595"},{"taxonomy":"product_tag","embeddable":true,"href":"https:\/\/www.wasserbassin.com\/site\/wp-json\/wp\/v2\/product_tag?post=16595"}],"curies":[{"name":"wp","href":"https:\/\/api.w.org\/{rel}","templated":true}]}}