{"id":16751,"date":"2021-12-13T12:58:23","date_gmt":"2021-12-13T12:58:23","guid":{"rendered":"https:\/\/www.wasserbassin.com\/site\/?post_type=product&#038;p=16751"},"modified":"2022-12-20T20:02:54","modified_gmt":"2022-12-20T20:02:54","slug":"v-a-antologia-de-musica-atipica-portuguesa-vol-3-canto-devocionario-lp","status":"publish","type":"product","link":"https:\/\/www.wasserbassin.com\/site\/product\/v-a-antologia-de-musica-atipica-portuguesa-vol-3-canto-devocionario-lp\/","title":{"rendered":"V\/A &#8211; Antologia De M\u00fasica At\u00edpica Portuguesa &#8211; Vol.3: Canto Devocion\u00e1rio &#8211; LP"},"content":{"rendered":"<p>\u201c<strong>Antologia De M\u00fasica At\u00edpica Portuguesa<\/strong>\u201d is back. Following two sold out volumes, the unplanned trilogy comes to a close with chants and hymns whilst continuing to merge music genres and presenting them as a world building concept.<\/p>\n<p>Third time\u2019s a charm. Or a chant in this case. \u201c<strong>Antologia De M\u00fasica At\u00edpica Portuguesa<\/strong>\u201d is back. Following two sold out volumes, the unplanned trilogy comes to a close with chants and hymns whilst continuing to merge music genres and presenting them as a world building concept.<\/p>\n<p>If the first two volumes were dedicated to work (\u201cO Trabalho\u201d) and regions (\u201cRegi\u00f5es\u201d), it only made sense to close the trilogy with ceremonial music, connecting the real \u2013 each musicians\u2019 creation \u2013 with a fantasied celebration of Portuguese folk, traditions, and ghost methods within these unusual anthems.<\/p>\n<p>If you\u2019ve listened to Niagara before, you probably felt this whole ceremonial thing going on. A perfect opener then, for this volume with Niagara\u2019s deep dive into proto religious-ambient music with \u201cPaulo, Apolo e Pedro\u201d. It sets the tone for the next 35-minutes of ethereal like songs. Either you listen to musicians working within their natural habitat (Jo\u00e3o Pais Filipe or Filipe Felizardo) or feel them exploring new areas in their realm (Niagara, Joana Guerra or Serpente), this third volume manages to combine eight of the best underrated visionaries working in current day Portugal.<\/p>\n<p>In the past, \u201cAntologia da M\u00fasica At\u00edpica Portuguesa\u201d created an imaginary folktale where current day creations could live with the idea of archive or fake-folk. This volume forgets the world building and actually lives in it. Because this is the real Portugal. This is our folk. These are our chants. Embrace the otherworldly.<\/p>\n<p><strong>Discrepant Records<br \/>\n<\/strong><\/p>\n<p>&nbsp;<\/p>\n<p>&nbsp;<\/p>\n<p>&nbsp;<\/p>\n<p>&nbsp;<\/p>\n","protected":false},"excerpt":{"rendered":"<p><strong>Discrepant Records<br \/>\n<\/strong><\/p>\n<hr \/>\n<p>Third time\u2019s a charm. Or a chant in this case. \u201c<strong>Antologia De M\u00fasica At\u00edpica Portuguesa<\/strong>\u201d is back. Following two sold out volumes, the unplanned trilogy comes to a close with chants and hymns whilst continuing to merge music genres and presenting them as a world building concept.<\/p>\n<p>If the first two volumes were dedicated to work (\u201cO Trabalho\u201d) and regions (\u201cRegi\u00f5es\u201d), it only made sense to close the trilogy with ceremonial music, connecting the real \u2013 each musicians\u2019 creation \u2013 with a fantasied celebration of Portuguese folk, traditions, and ghost methods within these unusual anthems.<\/p>\n<p><a href=\"https:\/\/soundcloud.com\/discrepant\/a1-niagara-paulo-apolo-e-pedro_m\" target=\"_blank\" rel=\"noopener noreferrer\">\u25ba CLICK HERE TO LISTEN<\/a><\/p>\n","protected":false},"featured_media":16746,"comment_status":"closed","ping_status":"closed","template":"","meta":[],"product_brand":[],"product_cat":[],"product_tag":[1874],"class_list":{"0":"post-16751","1":"product","2":"type-product","3":"status-publish","4":"has-post-thumbnail","6":"product_tag-discrepant-records","7":"product_shipping_class-lp","8":"pa_artist-various_artists","9":"pa_genre-experimental","10":"pa_genre-field-recordings","11":"pa_genre-musak","12":"pa_genre-traditional-music","13":"pa_label-discrepant-records","15":"first","16":"outofstock","17":"shipping-taxable","18":"purchasable","19":"product-type-simple"},"_links":{"self":[{"href":"https:\/\/www.wasserbassin.com\/site\/wp-json\/wp\/v2\/product\/16751","targetHints":{"allow":["GET"]}}],"collection":[{"href":"https:\/\/www.wasserbassin.com\/site\/wp-json\/wp\/v2\/product"}],"about":[{"href":"https:\/\/www.wasserbassin.com\/site\/wp-json\/wp\/v2\/types\/product"}],"replies":[{"embeddable":true,"href":"https:\/\/www.wasserbassin.com\/site\/wp-json\/wp\/v2\/comments?post=16751"}],"wp:featuredmedia":[{"embeddable":true,"href":"https:\/\/www.wasserbassin.com\/site\/wp-json\/wp\/v2\/media\/16746"}],"wp:attachment":[{"href":"https:\/\/www.wasserbassin.com\/site\/wp-json\/wp\/v2\/media?parent=16751"}],"wp:term":[{"taxonomy":"product_brand","embeddable":true,"href":"https:\/\/www.wasserbassin.com\/site\/wp-json\/wp\/v2\/product_brand?post=16751"},{"taxonomy":"product_cat","embeddable":true,"href":"https:\/\/www.wasserbassin.com\/site\/wp-json\/wp\/v2\/product_cat?post=16751"},{"taxonomy":"product_tag","embeddable":true,"href":"https:\/\/www.wasserbassin.com\/site\/wp-json\/wp\/v2\/product_tag?post=16751"}],"curies":[{"name":"wp","href":"https:\/\/api.w.org\/{rel}","templated":true}]}}