{"id":16801,"date":"2022-01-03T12:34:43","date_gmt":"2022-01-03T12:34:43","guid":{"rendered":"https:\/\/www.wasserbassin.com\/site\/?post_type=product&#038;p=16801"},"modified":"2025-12-23T18:20:34","modified_gmt":"2025-12-23T18:20:34","slug":"jose-afonso-todas-as-cancoes-livro-book","status":"publish","type":"product","link":"https:\/\/www.wasserbassin.com\/site\/product\/jose-afonso-todas-as-cancoes-livro-book\/","title":{"rendered":"Jos\u00e9 Afonso &#8211; Todas As Can\u00e7\u00f5es &#8211; Livro (Book)"},"content":{"rendered":"<p>O livro \u00ab<strong>Jos\u00e9 Afonso \u2013 Todas as Can\u00e7\u00f5es<\/strong>\u00bb, obra imprescind\u00edvel da autoria de Guilhermino Monteiro, Jos\u00e9 M\u00e1rio Branco, Jo\u00e3o L\u00f3io e Oct\u00e1vio Fonseca, re\u00fane as partituras, letras e diagramas de acordes de 159 can\u00e7\u00f5es de Jos\u00e9 Afonso. Depois de em 2010 ter sido dado \u00e0 estampa pela \u201cAss\u00edrio &amp; Alvim\u201d, onde teve duas edi\u00e7\u00f5es, volta agora a estar dispon\u00edvel com edi\u00e7\u00e3o \/ distribui\u00e7\u00e3o da Associa\u00e7\u00e3o Jos\u00e9 Afonso.<\/p>\n<p>Viva!<\/p>\n<p>***********<\/p>\n<p>The book \u201c<strong>Jos\u00e9 Afonso \u2013 All Songs<\/strong>\u201d, an essential work by Guilhermino Monteiro, Jos\u00e9 M\u00e1rio Branco, Jo\u00e3o L\u00f3io and Oct\u00e1vio Fonseca, brings together the scores, lyrics and chord diagrams of 159 songs by Jos\u00e9 Afonso. After being printed in 2010 by \u201cAss\u00edrio &amp; Alvim\u201d, where it had two editions, it is now available again with edition\/distribution by <strong>Associa\u00e7\u00e3o Jos\u00e9 Afonso<\/strong>.<\/p>\n<p>Cheers!<\/p>\n<p><strong>AJA<\/strong><\/p>\n<p>&nbsp;<\/p>\n<p>&nbsp;<\/p>\n","protected":false},"excerpt":{"rendered":"<p><strong>AJA<\/strong><\/p>\n<hr \/>\n<p>O livro \u00ab<strong>Jos\u00e9 Afonso \u2013 Todas as Can\u00e7\u00f5es<\/strong>\u00bb, obra imprescind\u00edvel da autoria de Guilhermino Monteiro, Jos\u00e9 M\u00e1rio Branco, Jo\u00e3o L\u00f3io e Oct\u00e1vio Fonseca, re\u00fane as partituras, letras e diagramas de acordes de 159 can\u00e7\u00f5es de Jos\u00e9 Afonso. Depois de em 2010 ter sido dado \u00e0 estampa pela \u201cAss\u00edrio &amp; Alvim\u201d, onde teve duas edi\u00e7\u00f5es, volta agora a estar dispon\u00edvel com edi\u00e7\u00e3o \/ distribui\u00e7\u00e3o da <strong>Associa\u00e7\u00e3o Jos\u00e9 Afonso<\/strong>.<\/p>\n<p>Viva!<\/p>\n<p>***********<\/p>\n<p>The book \u201c<strong>Jos\u00e9 Afonso \u2013 All Songs<\/strong>\u201d, an essential work by Guilhermino Monteiro, Jos\u00e9 M\u00e1rio Branco, Jo\u00e3o L\u00f3io and Oct\u00e1vio Fonseca, brings together the scores, lyrics and chord diagrams of 159 songs by Jos\u00e9 Afonso. After being printed in 2010 by \u201cAss\u00edrio &amp; Alvim\u201d, where it had two editions, it is now available again with edition\/distribution by <strong>Associa\u00e7\u00e3o Jos\u00e9 Afonso<\/strong>.<\/p>\n<p>Cheers!<\/p>\n<p>&nbsp;<\/p>\n<p>&nbsp;<\/p>\n<p>&nbsp;<\/p>\n<p>&nbsp;<\/p>\n","protected":false},"featured_media":16806,"comment_status":"closed","ping_status":"closed","template":"","meta":[],"product_brand":[],"product_cat":[41],"product_tag":[4011,4012],"class_list":{"0":"post-16801","1":"product","2":"type-product","3":"status-publish","4":"has-post-thumbnail","6":"product_cat-books","7":"product_tag-aja","8":"product_tag-jose-afonso","9":"product_shipping_class-bookks","10":"pa_artist-jose-afonso","11":"pa_genre-folk","12":"pa_genre-traditional-music","13":"pa_genre-world-music","14":"pa_label-aja","16":"first","17":"instock","18":"shipping-taxable","19":"purchasable","20":"product-type-simple"},"_links":{"self":[{"href":"https:\/\/www.wasserbassin.com\/site\/wp-json\/wp\/v2\/product\/16801","targetHints":{"allow":["GET"]}}],"collection":[{"href":"https:\/\/www.wasserbassin.com\/site\/wp-json\/wp\/v2\/product"}],"about":[{"href":"https:\/\/www.wasserbassin.com\/site\/wp-json\/wp\/v2\/types\/product"}],"replies":[{"embeddable":true,"href":"https:\/\/www.wasserbassin.com\/site\/wp-json\/wp\/v2\/comments?post=16801"}],"wp:featuredmedia":[{"embeddable":true,"href":"https:\/\/www.wasserbassin.com\/site\/wp-json\/wp\/v2\/media\/16806"}],"wp:attachment":[{"href":"https:\/\/www.wasserbassin.com\/site\/wp-json\/wp\/v2\/media?parent=16801"}],"wp:term":[{"taxonomy":"product_brand","embeddable":true,"href":"https:\/\/www.wasserbassin.com\/site\/wp-json\/wp\/v2\/product_brand?post=16801"},{"taxonomy":"product_cat","embeddable":true,"href":"https:\/\/www.wasserbassin.com\/site\/wp-json\/wp\/v2\/product_cat?post=16801"},{"taxonomy":"product_tag","embeddable":true,"href":"https:\/\/www.wasserbassin.com\/site\/wp-json\/wp\/v2\/product_tag?post=16801"}],"curies":[{"name":"wp","href":"https:\/\/api.w.org\/{rel}","templated":true}]}}