{"id":16819,"date":"2018-04-10T15:27:02","date_gmt":"2018-04-10T14:27:02","guid":{"rendered":"https:\/\/www.wasserbassin.com\/site\/?post_type=product&#038;p=16819"},"modified":"2024-07-05T11:17:01","modified_gmt":"2024-07-05T10:17:01","slug":"v-a-antologia-de-musica-electronica-portuguesa-cd","status":"publish","type":"product","link":"https:\/\/www.wasserbassin.com\/site\/product\/v-a-antologia-de-musica-electronica-portuguesa-cd\/","title":{"rendered":"V\/A &#8211; Antologia De M\u00fasica Electr\u00f3nica Portuguesa &#8211; CD"},"content":{"rendered":"<p>A work of undeniable importance, destined to appear side by side with the previous \u00abOhm: The Early Gurus Of Electronic Music\u00bb and the (so far) two volumes of \u00abAn Anthology Of Noise &amp; Electronic Music\u00bb, this \u00ab<strong>Anthology of Electronic Music Portuguese<\/strong>\u00bb, covers a period between 1972 and 1997 and documents in an introductory way the pioneering adventures of Jorge Peixinho, C\u00e2ndido Lima, Emanuel Dimas de Melo Pimenta, Isabel Soveral, Filipe Pires, Telectu, Carlos Z\u00edngaro, Ant\u00f3nio Ferreira, Nuno Canavarro, Jo\u00e3o Pedro Oliveira, Ren\u00e9 Bertholo, Nuno Rebelo, Anar Band, Rafael Toral and No Noise Reduction. Maybe there isn&#8217;t what we&#8217;ve always been looking for in this land: a scene. But, with this compilation, the existence of some very good isolated merit is proven. And that&#8217;s all that maybe matters, deep down<\/p>\n<p><strong>Plancton Music<br \/>\n<\/strong><\/p>\n<p><strong>\u00a0<\/strong><\/p>\n<p>&nbsp;<\/p>\n","protected":false},"excerpt":{"rendered":"<p><strong>Plancton Music<br \/>\n<\/strong><\/p>\n<hr \/>\n<p>A work of undeniable importance, destined to appear side by side with the previous \u00abOhm: The Early Gurus Of Electronic Music\u00bb and the (so far) two volumes of \u00abAn Anthology Of Noise &amp; Electronic Music\u00bb, this \u00ab<strong>Anthology of Electronic Music Portuguese<\/strong>\u00bb, covers a period between 1972 and 1997 and documents in an introductory way the pioneering adventures of Jorge Peixinho, C\u00e2ndido Lima, Emanuel Dimas de Melo Pimenta, Isabel Soveral, Filipe Pires, Telectu, Carlos Z\u00edngaro, Ant\u00f3nio Ferreira, Nuno Canavarro, Jo\u00e3o Pedro Oliveira, Ren\u00e9 Bertholo, Nuno Rebelo, Anar Band, Rafael Toral and No Noise Reduction. Maybe there isn&#8217;t what we&#8217;ve always been looking for in this land: a scene. But, with this compilation, the existence of some very good isolated merit is proven. And that&#8217;s all that maybe matters, deep down<\/p>\n<p>&nbsp;<\/p>\n<p>&nbsp;<\/p>\n<p>&nbsp;<\/p>\n","protected":false},"featured_media":16820,"comment_status":"closed","ping_status":"closed","template":"","meta":[],"product_brand":[],"product_cat":[],"product_tag":[2421],"class_list":{"0":"post-16819","1":"product","2":"type-product","3":"status-publish","4":"has-post-thumbnail","6":"product_tag-plancton-music","7":"product_shipping_class-cd","8":"pa_artist-toze-ferreira","9":"pa_genre-abstract","10":"pa_genre-electronics","11":"pa_genre-experimental","12":"pa_label-plancton-music","14":"first","15":"outofstock","16":"shipping-taxable","17":"purchasable","18":"product-type-simple"},"_links":{"self":[{"href":"https:\/\/www.wasserbassin.com\/site\/wp-json\/wp\/v2\/product\/16819","targetHints":{"allow":["GET"]}}],"collection":[{"href":"https:\/\/www.wasserbassin.com\/site\/wp-json\/wp\/v2\/product"}],"about":[{"href":"https:\/\/www.wasserbassin.com\/site\/wp-json\/wp\/v2\/types\/product"}],"replies":[{"embeddable":true,"href":"https:\/\/www.wasserbassin.com\/site\/wp-json\/wp\/v2\/comments?post=16819"}],"wp:featuredmedia":[{"embeddable":true,"href":"https:\/\/www.wasserbassin.com\/site\/wp-json\/wp\/v2\/media\/16820"}],"wp:attachment":[{"href":"https:\/\/www.wasserbassin.com\/site\/wp-json\/wp\/v2\/media?parent=16819"}],"wp:term":[{"taxonomy":"product_brand","embeddable":true,"href":"https:\/\/www.wasserbassin.com\/site\/wp-json\/wp\/v2\/product_brand?post=16819"},{"taxonomy":"product_cat","embeddable":true,"href":"https:\/\/www.wasserbassin.com\/site\/wp-json\/wp\/v2\/product_cat?post=16819"},{"taxonomy":"product_tag","embeddable":true,"href":"https:\/\/www.wasserbassin.com\/site\/wp-json\/wp\/v2\/product_tag?post=16819"}],"curies":[{"name":"wp","href":"https:\/\/api.w.org\/{rel}","templated":true}]}}