{"id":17005,"date":"2022-02-28T00:19:12","date_gmt":"2022-02-28T00:19:12","guid":{"rendered":"https:\/\/www.wasserbassin.com\/site\/?post_type=product&#038;p=17005"},"modified":"2022-08-26T16:17:08","modified_gmt":"2022-08-26T15:17:08","slug":"hidden-horse-opala-k7","status":"publish","type":"product","link":"https:\/\/www.wasserbassin.com\/site\/product\/hidden-horse-opala-k7\/","title":{"rendered":"Hidden Horse &#8211; Opala &#8211; K7"},"content":{"rendered":"<p>The occult and folk music have been friends for a while. In the 21st century, hauntology and the resurface of some cult soundtracks from the 1970s and 1980s helped to create a new sense of folk, not associated with the typical acoustic feeling, but more relatable with library, krautrock\/kosmische and industrial music. Jo\u00e3o Kyron and Tony Watts, long time collaborators since the late 1990s with their band Hipn\u00f3tica, and more recently with Beautify Junkyards (Ghost Box) are well acquainted with this friendship. <strong>Hidden Horse<\/strong> is their new project as a duo and \u201c<strong>Opala<\/strong>\u201d their first release.<\/p>\n<p>With eight tracks and almost thirty minutes, their first release explores dense and greyish urban utopias. The song titles explore ideas that mix sci-fi, horror, science, space and urban phobia, and the music Kyron and Watts create delivers, using electronics and drums with great relish. Their relationship as musicians, which spans more than two decades, can be felt in the way their music flows with a continuous dialogue.<\/p>\n<p>\u201c<strong>Opala<\/strong>\u201d is always keen to take you to another dimension. It lives in its own twilight zone, where the obscure entangles the most obvious senses of reality. It sounds like Jacques Tati \u201cPlaytime\u201d with a hauntology soundtrack: it kind of feels that this imaginary world is real, but it\u2019s not. And it sucks you in to be a part of it and enjoy it: close your eyes and let yourself go while listening to \u201cLevita\u00e7\u00e3o Magn\u00e9tica\u201d or \u201cFantasmas do Planeta\u201d. You will feel like a foreigner in a new city.<\/p>\n<p><strong>Holuzam<br \/>\n<\/strong><\/p>\n","protected":false},"excerpt":{"rendered":"<p><strong>Holuzam<br \/>\n<\/strong><\/p>\n<hr \/>\n<p>The occult and folk music have been friends for a while. In the 21st century, hauntology and the resurface of some cult soundtracks from the 1970s and 1980s helped to create a new sense of folk, not associated with the typical acoustic feeling, but more relatable with library, krautrock\/kosmische and industrial music. Jo\u00e3o Kyron and Tony Watts, long time collaborators since the late 1990s with their band Hipn\u00f3tica, and more recently with Beautify Junkyards (Ghost Box) are well acquainted with this friendship. <strong>Hidden Horse<\/strong> is their new project as a duo and \u201c<strong>Opala<\/strong>\u201d their first release.<\/p>\n<p><a href=\"https:\/\/www.youtube.com\/playlist?list=OLAK5uy_lH4mBWIlznk8n0dFnKfLqVI9eR1YKgMoE\" target=\"_blank\" rel=\"noopener noreferrer\">\u25ba CLICK HERE TO LISTEN<\/a><\/p>\n<p>&nbsp;<\/p>\n<p class=\"p1\"><strong>\u00a0<\/strong><\/p>\n","protected":false},"featured_media":17001,"comment_status":"closed","ping_status":"closed","template":"","meta":[],"product_brand":[],"product_cat":[],"product_tag":[4067,2543],"class_list":{"0":"post-17005","1":"product","2":"type-product","3":"status-publish","4":"has-post-thumbnail","6":"product_tag-hidden-horse","7":"product_tag-holuzam","8":"product_shipping_class-cd","9":"pa_artist-hidden-horse","10":"pa_genre-experimental","11":"pa_genre-industrial","12":"pa_genre-kraut_rock","13":"pa_label-holuzam","15":"first","16":"outofstock","17":"shipping-taxable","18":"purchasable","19":"product-type-simple"},"_links":{"self":[{"href":"https:\/\/www.wasserbassin.com\/site\/wp-json\/wp\/v2\/product\/17005","targetHints":{"allow":["GET"]}}],"collection":[{"href":"https:\/\/www.wasserbassin.com\/site\/wp-json\/wp\/v2\/product"}],"about":[{"href":"https:\/\/www.wasserbassin.com\/site\/wp-json\/wp\/v2\/types\/product"}],"replies":[{"embeddable":true,"href":"https:\/\/www.wasserbassin.com\/site\/wp-json\/wp\/v2\/comments?post=17005"}],"wp:featuredmedia":[{"embeddable":true,"href":"https:\/\/www.wasserbassin.com\/site\/wp-json\/wp\/v2\/media\/17001"}],"wp:attachment":[{"href":"https:\/\/www.wasserbassin.com\/site\/wp-json\/wp\/v2\/media?parent=17005"}],"wp:term":[{"taxonomy":"product_brand","embeddable":true,"href":"https:\/\/www.wasserbassin.com\/site\/wp-json\/wp\/v2\/product_brand?post=17005"},{"taxonomy":"product_cat","embeddable":true,"href":"https:\/\/www.wasserbassin.com\/site\/wp-json\/wp\/v2\/product_cat?post=17005"},{"taxonomy":"product_tag","embeddable":true,"href":"https:\/\/www.wasserbassin.com\/site\/wp-json\/wp\/v2\/product_tag?post=17005"}],"curies":[{"name":"wp","href":"https:\/\/api.w.org\/{rel}","templated":true}]}}