{"id":17175,"date":"2022-04-22T14:35:48","date_gmt":"2022-04-22T13:35:48","guid":{"rendered":"https:\/\/www.wasserbassin.com\/site\/?post_type=product&#038;p=17175"},"modified":"2023-01-17T15:02:20","modified_gmt":"2023-01-17T15:02:20","slug":"tam-seis-elegias-para-o-hemisferio-norte-lp","status":"publish","type":"product","link":"https:\/\/www.wasserbassin.com\/site\/product\/tam-seis-elegias-para-o-hemisferio-norte-lp\/","title":{"rendered":"Tam &#8211; Seis Elegias Para O Hemisf\u00e9rio Norte &#8211; LP"},"content":{"rendered":"<header>\n<h1 class=\"bold\">Tam &#8211; Seis Elegias Para O Hemisf\u00e9rio Norte (Six Elegies For The Northern Hemisphere)<\/h1>\n<\/header>\n<p><strong>ENG &#8211;<\/strong><\/p>\n<p>They say that judging in one&#8217;s own cause is complicated, however, in this specific case, the sentence was swift and appropriate. I, <strong>Tam<\/strong>, in an effort\u00a0 to save the judicial system some time, pleaded\u00a0 guilty to all charges, concerning the contents of this work.<\/p>\n<p>These \u201c<strong>Six Elegies For The Northern Hemisphere<\/strong>\u201d were composed between 2019 and 2021, in a kind of creative retreat in Alto Minho, near Mol\u00eado. The influences were the Atlantic Ocean at the tip of the nose, Santa Tecla&#8217;s hill in the corner of my eye and the stars placed on my forehead, however, when the time for the baptism finally came, the balance tipped over towards the constellations. All in Latin, as astronomers and my particular esteem for dead languages \u200b\u200bdictate.<\/p>\n<p>As for the musical style, it is up to me to say that the pieces are essentially ambient music with a hint of sea breeze, or dense drones very much alike the typical night fog of that particular region of the country. But, if you prefer, you can also go with the definition that my friend Miguel came up with, some time ago, when he listened to the album for the first time: &#8220;This is like a post-rave scene for tired people.&#8221;<\/p>\n<p>Love it, or not, the job is done&#8230;<\/p>\n<p>Enjoy!<\/p>\n<p><strong>PT &#8211;<\/strong><\/p>\n<p>Dizem que julgar em causa pr\u00f3pria \u00e9 complicado, por\u00e9m, neste caso concreto, a senten\u00e7a foi c\u00e9lere e apropriada. Eu, <strong>Tam<\/strong>, num esfor\u00e7o para poupar tempo \u00e0 justi\u00e7a, declarei-me como o \u00fanico culpado do conte\u00fado desta obra.<\/p>\n<p>As \u201c<b>Seis Elegias Para O Hemisf\u00e9rio Noite<\/b>\u201d foram compostas entre 2019 e 2021, numa esp\u00e9cie de retiro criativo no Alto Minho, ali para as bandas de Mol\u00eado. As influ\u00eancias foram o Atl\u00e2ntico na ponta do nariz, o monte de Santa Tecla no canto do olho e as estrelas na testa, por\u00e9m, quando chegou a hora do baptismo, o fiel da balan\u00e7a pendeu para as constela\u00e7\u00f5es. Tudo em latim, pois assim ordenam os astr\u00f3nomos e a minha particular estima por l\u00ednguas mortas.<\/p>\n<p>Quanto ao estilo, cabe-me dizer que as pe\u00e7as s\u00e3o essencialmente m\u00fasica ambiental com odor a maresia, ou ent\u00e3o <em>drones<\/em> (zumbidos) densos como o nevoeiro nocturno t\u00e3o t\u00edpico daquela zona do pa\u00eds.\u00a0 Se preferirem, podem tamb\u00e9m ficar com a defini\u00e7\u00e3o que o meu amigo Miguel deu h\u00e1 uns tempos, quando escutou o \u00e1lbum pela primeira vez: &#8220;Isto \u00e9 uma cena <em>post-rave<\/em> para gente cansada.&#8221;<\/p>\n<p>Gostem ou desgostem, o trabalho est\u00e1 feito&#8230;<\/p>\n<p>Boas escutas!<\/p>\n<p><strong>WB 016 &#8211; Tam &#8211; Seis Elegias Para O Hemisf\u00e9rio Norte &#8211; LP<\/strong><\/p>\n<p>A1 \u2013 Bootes<\/p>\n<p>A2 &#8211; Corona Borealis<\/p>\n<p>A3 \u2013 Comas Berenice<\/p>\n<p>B1 \u2013 Cancer<\/p>\n<p>B2 \u2013 Pleaides<\/p>\n<p>B3 \u2013 Cygnus<\/p>\n<p><strong>Data de Lan\u00e7amento (Release Date): 01\/05\/2022<\/strong><\/p>\n<p><strong>Wasser Bassin<\/strong><\/p>\n<p>&nbsp;<\/p>\n<p>&nbsp;<\/p>\n","protected":false},"excerpt":{"rendered":"<p>They say that judging in one&#8217;s own cause is complicated, however, in this specific case, the sentence was swift and appropriate. I, <strong>Tam<\/strong>, in an effort\u00a0 to save the judicial system some time, pleaded\u00a0 guilty to all charges, concerning the contents of this work.<\/p>\n<p>These \u201c<strong>Six Elegies For The Northern Hemisphere<\/strong>\u201d were composed between 2019 and 2021, in a kind of creative retreat in Alto Minho, near Mol\u00eado. The influences were the Atlantic Ocean at the tip of the nose, Santa Tecla&#8217;s hill in the corner of my eye and the stars placed on my forehead, however, when thetime for the baptism finally came, the balance tipped over towards the constellations. All in Latin, as astronomers and my particular esteem for dead languages \u200b\u200bdictate.<\/p>\n<p>As for the musical style, it is up to me to say that the pieces are essentially ambient music with a hint of sea breeze, or dense drones very much alike the typical night fog of that particular region of the country. But, if you prefer, you can also go with the definition that my friend Miguel came up with, some time ago, when he listened to the album for the first time: &#8220;This is like a post-rave scene for tired people.&#8221;<\/p>\n<p>Love it, or not, the job is done&#8230;<\/p>\n<p>Enjoy!<\/p>\n<p><strong>WB 016 &#8211; Tam &#8211; Seis Elegias Para O Hemisf\u00e9rio Norte (Six Elegies For The Northern Hemisphere) &#8211; LP<\/strong><\/p>\n<p><strong>Release Date: 01\/05\/2022<\/strong><\/p>\n<p><strong>Order Now!!!<\/strong><\/p>\n<p><a href=\"https:\/\/www.youtube.com\/watch?v=zpaL-ogeuVw\" target=\"_blank\" rel=\"noopener noreferrer\">\u25ba CLICK HERE TO LISTEN<\/a><\/p>\n","protected":false},"featured_media":17177,"comment_status":"closed","ping_status":"closed","template":"","meta":[],"product_brand":[],"product_cat":[64,898,907],"product_tag":[899,908],"class_list":{"0":"post-17175","1":"product","2":"type-product","3":"status-publish","4":"has-post-thumbnail","6":"product_cat-label","7":"product_cat-tam","8":"product_cat-wasser-bassin","9":"product_tag-tam","10":"product_tag-wasser-bassin","11":"product_shipping_class-lp","12":"pa_artist-tam","13":"pa_genre-ambient","14":"pa_genre-drone","15":"pa_genre-electronics","16":"pa_label-wasser-bassin","18":"first","19":"outofstock","20":"featured","21":"shipping-taxable","22":"purchasable","23":"product-type-simple"},"_links":{"self":[{"href":"https:\/\/www.wasserbassin.com\/site\/wp-json\/wp\/v2\/product\/17175","targetHints":{"allow":["GET"]}}],"collection":[{"href":"https:\/\/www.wasserbassin.com\/site\/wp-json\/wp\/v2\/product"}],"about":[{"href":"https:\/\/www.wasserbassin.com\/site\/wp-json\/wp\/v2\/types\/product"}],"replies":[{"embeddable":true,"href":"https:\/\/www.wasserbassin.com\/site\/wp-json\/wp\/v2\/comments?post=17175"}],"wp:featuredmedia":[{"embeddable":true,"href":"https:\/\/www.wasserbassin.com\/site\/wp-json\/wp\/v2\/media\/17177"}],"wp:attachment":[{"href":"https:\/\/www.wasserbassin.com\/site\/wp-json\/wp\/v2\/media?parent=17175"}],"wp:term":[{"taxonomy":"product_brand","embeddable":true,"href":"https:\/\/www.wasserbassin.com\/site\/wp-json\/wp\/v2\/product_brand?post=17175"},{"taxonomy":"product_cat","embeddable":true,"href":"https:\/\/www.wasserbassin.com\/site\/wp-json\/wp\/v2\/product_cat?post=17175"},{"taxonomy":"product_tag","embeddable":true,"href":"https:\/\/www.wasserbassin.com\/site\/wp-json\/wp\/v2\/product_tag?post=17175"}],"curies":[{"name":"wp","href":"https:\/\/api.w.org\/{rel}","templated":true}]}}