{"id":17455,"date":"2022-07-18T00:04:10","date_gmt":"2022-07-17T23:04:10","guid":{"rendered":"https:\/\/www.wasserbassin.com\/site\/?post_type=product&#038;p=17455"},"modified":"2022-07-18T00:09:14","modified_gmt":"2022-07-17T23:09:14","slug":"domingos-tavares-fernando-tavora-em-aveiro-livro-book","status":"publish","type":"product","link":"https:\/\/www.wasserbassin.com\/site\/product\/domingos-tavares-fernando-tavora-em-aveiro-livro-book\/","title":{"rendered":"Domingos Tavares &#8211; Fernando T\u00e1vora Em Aveiro &#8211; Livro (Book)"},"content":{"rendered":"<div class=\"description\">\n<p><strong>Sobranceiro \u00e0 pequena colina que marca o n\u00facleo hist\u00f3rico de Aveiro, o edif\u00edcio municipal concebido pelo arquitecto Fernando T\u00e1vora \u00e9 uma demonstra\u00e7\u00e3o constru\u00edda da sua \u00abli\u00e7\u00e3o das constantes\u00bb<\/strong>. <strong>Em 1963, T\u00e1vora tomou em m\u00e3os a concretiza\u00e7\u00e3o dos pressupostos do plano de urbaniza\u00e7\u00e3o desenvolvido por Robert Auzelle<\/strong>. Ao reformular a imagem urbana atrav\u00e9s de novos sinais de monumentalidade, a passagem do plano ao projecto evidenciou o confronto entre a malha hist\u00f3rica e um n\u00facleo moderno de com\u00e9rcio e servi\u00e7os na margem sul do Canal do C\u00f4jo. A torre com noventa metros de altura, que n\u00e3o foi constru\u00edda, era uma afirma\u00e7\u00e3o de modernidade vertical na paisagem horizontal da regi\u00e3o. Para o edif\u00edcio que acolheu a biblioteca, T\u00e1vora reservou um papel simb\u00f3lico, abrindo transpar\u00eancias ao vento nordeste que corre sobre as \u00e1guas das salinas do Vouga, incorporando a sua forma na longa vida do burgo aveirense.<\/p>\n<p>Este livro foi co-editado pela Dafne Editora e pelo Centro de Estudos de Arquitectura e Urbanismo da Faculdade de Arquitectura da Universidade do Porto.<\/p>\n<p><strong>Dafne<br \/>\n<\/strong><\/p>\n<\/div>\n","protected":false},"excerpt":{"rendered":"<p><strong>Dafne<br \/>\n<\/strong><\/p>\n<hr \/>\n<p>Sobranceiro \u00e0 pequena colina que marca o n\u00facleo hist\u00f3rico de Aveiro, o edif\u00edcio municipal concebido pelo arquitecto<strong> Fernando T\u00e1vora<\/strong> \u00e9 uma demonstra\u00e7\u00e3o constru\u00edda da sua \u00abli\u00e7\u00e3o das constantes\u00bb. Em 1963, T\u00e1vora tomou em m\u00e3os a concretiza\u00e7\u00e3o dos pressupostos do plano de urbaniza\u00e7\u00e3o desenvolvido por Robert Auzelle.<\/p>\n<p>&nbsp;<\/p>\n","protected":false},"featured_media":17456,"comment_status":"closed","ping_status":"closed","template":"","meta":[],"product_brand":[],"product_cat":[],"product_tag":[980,1211],"class_list":{"0":"post-17455","1":"product","2":"type-product","3":"status-publish","4":"has-post-thumbnail","6":"product_tag-dafne","7":"product_tag-domingos-tavares","8":"product_shipping_class-bookks","9":"pa_artist-domingos-tavares","10":"pa_genre-architecture","11":"pa_label-dafne","13":"first","14":"instock","15":"shipping-taxable","16":"purchasable","17":"product-type-simple"},"_links":{"self":[{"href":"https:\/\/www.wasserbassin.com\/site\/wp-json\/wp\/v2\/product\/17455","targetHints":{"allow":["GET"]}}],"collection":[{"href":"https:\/\/www.wasserbassin.com\/site\/wp-json\/wp\/v2\/product"}],"about":[{"href":"https:\/\/www.wasserbassin.com\/site\/wp-json\/wp\/v2\/types\/product"}],"replies":[{"embeddable":true,"href":"https:\/\/www.wasserbassin.com\/site\/wp-json\/wp\/v2\/comments?post=17455"}],"wp:featuredmedia":[{"embeddable":true,"href":"https:\/\/www.wasserbassin.com\/site\/wp-json\/wp\/v2\/media\/17456"}],"wp:attachment":[{"href":"https:\/\/www.wasserbassin.com\/site\/wp-json\/wp\/v2\/media?parent=17455"}],"wp:term":[{"taxonomy":"product_brand","embeddable":true,"href":"https:\/\/www.wasserbassin.com\/site\/wp-json\/wp\/v2\/product_brand?post=17455"},{"taxonomy":"product_cat","embeddable":true,"href":"https:\/\/www.wasserbassin.com\/site\/wp-json\/wp\/v2\/product_cat?post=17455"},{"taxonomy":"product_tag","embeddable":true,"href":"https:\/\/www.wasserbassin.com\/site\/wp-json\/wp\/v2\/product_tag?post=17455"}],"curies":[{"name":"wp","href":"https:\/\/api.w.org\/{rel}","templated":true}]}}