{"id":17464,"date":"2022-07-18T00:37:19","date_gmt":"2022-07-17T23:37:19","guid":{"rendered":"https:\/\/www.wasserbassin.com\/site\/?post_type=product&#038;p=17464"},"modified":"2022-07-18T00:41:46","modified_gmt":"2022-07-17T23:41:46","slug":"tiago-saraiva-porcos-fascista-livro-book","status":"publish","type":"product","link":"https:\/\/www.wasserbassin.com\/site\/product\/tiago-saraiva-porcos-fascista-livro-book\/","title":{"rendered":"Tiago Saraiva &#8211; Porcos Fascistas &#8211; Livro (Book)"},"content":{"rendered":"<div class=\"description\">\n<p>Este livro demonstra como a ci\u00eancia, a gen\u00e9tica, o melhoramento de animais e plantas foram fundamentais para a forma\u00e7\u00e3o e expans\u00e3o imperial dos regimes fascistas em It\u00e1lia, Portugal e Alemanha.<\/p>\n<p>As primeiras mobiliza\u00e7\u00f5es de massas de Mussolini, Salazar e Hitler fizeram-se com novas variedades de trigo adaptadas ao uso de fertilizantes qu\u00edmicos, batatas resistentes ao m\u00edldio e porcos alimentados com produtos nacionais. <strong>Tiago Saraiva<\/strong> revela os processos de forma\u00e7\u00e3o de grandes burocracias estatais em volta dos novos organismos tecnocient\u00edficos que prometeram alimentar a na\u00e7\u00e3o org\u00e2nica imaginada por todos os fascismos.<\/p>\n<p>O autor insiste na import\u00e2ncia do colonialismo para a hist\u00f3ria do fascismo e d\u00e1 conta de como esquemas de trabalho for\u00e7ado em \u00c1frica e na Europa de Leste dependeram de algod\u00e3o, caf\u00e9 e substitutos da borracha desenvolvidos por melhoradores de plantas em Maputo, Adis Abeba e Auschwitz. O seu estudo das viagens de carneiros caraculos entre laborat\u00f3rios zoot\u00e9cnicos alem\u00e3es, italianos e portugueses, liga de forma inesperada genoc\u00eddios fascistas na Ucr\u00e2nia, L\u00edbia e Sul de Angola.<\/p>\n<\/div>\n<p><strong>Dafne<br \/>\n<\/strong><\/p>\n","protected":false},"excerpt":{"rendered":"<p><strong>Dafne<br \/>\n<\/strong><\/p>\n<hr \/>\n<p>Este livro demonstra como a ci\u00eancia, a gen\u00e9tica, o melhoramento de animais e plantas foram fundamentais para a forma\u00e7\u00e3o e expans\u00e3o imperial dos regimes fascistas em It\u00e1lia, Portugal e Alemanha.<\/p>\n<p>As primeiras mobiliza\u00e7\u00f5es de massas de Mussolini, Salazar e Hitler fizeram-se com novas variedades de trigo adaptadas ao uso de fertilizantes qu\u00edmicos, batatas resistentes ao m\u00edldio e porcos alimentados com produtos nacionais. <strong>Tiago Saraiva<\/strong> revela os processos de forma\u00e7\u00e3o de grandes burocracias estatais em volta dos novos organismos tecnocient\u00edficos que prometeram alimentar a na\u00e7\u00e3o org\u00e2nica imaginada por todos os fascismos.<\/p>\n<p>O autor insiste na import\u00e2ncia do colonialismo para a hist\u00f3ria do fascismo e d\u00e1 conta de como esquemas de trabalho for\u00e7ado em \u00c1frica e na Europa de Leste dependeram de algod\u00e3o, caf\u00e9 e substitutos da borracha desenvolvidos por melhoradores de plantas em Maputo, Adis Abeba e Auschwitz. O seu estudo das viagens de carneiros caraculos entre laborat\u00f3rios zoot\u00e9cnicos alem\u00e3es, italianos e portugueses, liga de forma inesperada genoc\u00eddios fascistas na Ucr\u00e2nia, L\u00edbia e Sul de Angola.<\/p>\n<p>&nbsp;<\/p>\n<p>&nbsp;<\/p>\n<p class=\"p1\"><strong>\u00a0<\/strong><\/p>\n","protected":false},"featured_media":17465,"comment_status":"closed","ping_status":"closed","template":"","meta":[],"product_brand":[],"product_cat":[],"product_tag":[980,4199],"class_list":{"0":"post-17464","1":"product","2":"type-product","3":"status-publish","4":"has-post-thumbnail","6":"product_tag-dafne","7":"product_tag-tiago-saraiva","8":"product_shipping_class-bookks","9":"pa_artist-tiago-saraiva","10":"pa_genre-architecture","11":"pa_label-dafne","13":"first","14":"instock","15":"shipping-taxable","16":"purchasable","17":"product-type-simple"},"_links":{"self":[{"href":"https:\/\/www.wasserbassin.com\/site\/wp-json\/wp\/v2\/product\/17464","targetHints":{"allow":["GET"]}}],"collection":[{"href":"https:\/\/www.wasserbassin.com\/site\/wp-json\/wp\/v2\/product"}],"about":[{"href":"https:\/\/www.wasserbassin.com\/site\/wp-json\/wp\/v2\/types\/product"}],"replies":[{"embeddable":true,"href":"https:\/\/www.wasserbassin.com\/site\/wp-json\/wp\/v2\/comments?post=17464"}],"wp:featuredmedia":[{"embeddable":true,"href":"https:\/\/www.wasserbassin.com\/site\/wp-json\/wp\/v2\/media\/17465"}],"wp:attachment":[{"href":"https:\/\/www.wasserbassin.com\/site\/wp-json\/wp\/v2\/media?parent=17464"}],"wp:term":[{"taxonomy":"product_brand","embeddable":true,"href":"https:\/\/www.wasserbassin.com\/site\/wp-json\/wp\/v2\/product_brand?post=17464"},{"taxonomy":"product_cat","embeddable":true,"href":"https:\/\/www.wasserbassin.com\/site\/wp-json\/wp\/v2\/product_cat?post=17464"},{"taxonomy":"product_tag","embeddable":true,"href":"https:\/\/www.wasserbassin.com\/site\/wp-json\/wp\/v2\/product_tag?post=17464"}],"curies":[{"name":"wp","href":"https:\/\/api.w.org\/{rel}","templated":true}]}}