{"id":17470,"date":"2022-07-18T00:55:45","date_gmt":"2022-07-17T23:55:45","guid":{"rendered":"https:\/\/www.wasserbassin.com\/site\/?post_type=product&#038;p=17470"},"modified":"2024-08-17T20:43:19","modified_gmt":"2024-08-17T19:43:19","slug":"sopa-de-pedra-do-claro-ao-breu-lp","status":"publish","type":"product","link":"https:\/\/www.wasserbassin.com\/site\/product\/sopa-de-pedra-do-claro-ao-breu-lp\/","title":{"rendered":"Sopa De Pedra &#8211; Do Claro Ao Breu &#8211; LP"},"content":{"rendered":"<p>&#8220;<strong>Do Claro ao Breu<\/strong>&#8220;, das <strong>Sopa de Pedra<\/strong>, desenha-se como um objecto de contrastes, integrando duas composi\u00e7\u00f5es antag\u00f3nicas e independentes, como se de uma representa\u00e7\u00e3o do dia e outra da noite se tratasse.<\/p>\n<p>O lado A, mais luminoso, parte do trabalho que o coletivo realizou com o bailarino e core\u00f3grafo Jos\u00e9 Artur Campos para a sonoriza\u00e7\u00e3o da curta de video-dan\u00e7a &#8220;Meia de Leite&#8221;. Uma composi\u00e7\u00e3o onde a polifonia de vozes, rica em atmosferas e paisagens, enceta um di\u00e1logo com dois poemas de Eug\u00e9nio de Andrade: Falo de um Ver\u00e3o e A uma fonte. Um universo de n\u00e9voas encantat\u00f3rias a servirem de tecitura para algumas das mais frequentes imagens da tradi\u00e7\u00e3o portuguesa: as m\u00e3os, os frutos, as esta\u00e7\u00f5es, a liga\u00e7\u00e3o \u00e0 terra e os ciclos.<\/p>\n<p>O Lado B, vira-nos para o obscuro e para o nocturno, espa\u00e7os por onde vagueiam os medos e as supersti\u00e7\u00f5es, numa viagem em torno de elementos sinistros e grotescos do imagin\u00e1rio popular tradicional. Esta composi\u00e7\u00e3o resulta da colabora\u00e7\u00e3o das <strong>Sopa de Pedra<\/strong> com o coletivo portuense Oficina Arara, onde a proposta foi a de musicar textos inspirados nas supersti\u00e7\u00f5es populares j\u00e1 desaparecidas ou residuais, mais concretamente algumas rezas, ora\u00e7\u00f5es, ensalmos e benzeduras ao ar.<\/p>\n<p><strong>Lovers &amp; Lollypops<br \/>\n<\/strong><\/p>\n","protected":false},"excerpt":{"rendered":"<p class=\"p1\"><strong>Lovers &amp; Lollypops<br \/>\n<\/strong><\/p>\n<hr \/>\n<p>&#8220;<strong>Do Claro ao Breu<\/strong>&#8220;, das <strong>Sopa de Pedra<\/strong>, desenha-se como um objecto de contrastes, integrando duas composi\u00e7\u00f5es antag\u00f3nicas e independentes, como se de uma representa\u00e7\u00e3o do dia e outra da noite se tratasse.<\/p>\n<p>O lado A, mais luminoso, parte do trabalho que o coletivo realizou com o bailarino e core\u00f3grafo Jos\u00e9 Artur Campos para a sonoriza\u00e7\u00e3o da curta de video-dan\u00e7a &#8220;Meia de Leite&#8221;. Uma composi\u00e7\u00e3o onde a polifonia de vozes, rica em atmosferas e paisagens, enceta um di\u00e1logo com dois poemas de Eug\u00e9nio de Andrade: Falo de um Ver\u00e3o e A uma fonte. Um universo de n\u00e9voas encantat\u00f3rias a servirem de tecitura para algumas das mais frequentes imagens da tradi\u00e7\u00e3o portuguesa: as m\u00e3os, os frutos, as esta\u00e7\u00f5es, a liga\u00e7\u00e3o \u00e0 terra e os ciclos.<\/p>\n<p>O Lado B, vira-nos para o obscuro e para o nocturno, espa\u00e7os por onde vagueiam os medos e as supersti\u00e7\u00f5es, numa viagem em torno de elementos sinistros e grotescos do imagin\u00e1rio popular tradicional. Esta composi\u00e7\u00e3o resulta da colabora\u00e7\u00e3o das <strong>Sopa de Pedra<\/strong> com o coletivo portuense Oficina Arara, onde a proposta foi a de musicar textos inspirados nas supersti\u00e7\u00f5es populares j\u00e1 desaparecidas ou residuais, mais concretamente algumas rezas, ora\u00e7\u00f5es, ensalmos e benzeduras ao ar.<\/p>\n<p><a href=\"https:\/\/www.youtube.com\/watch?v=xT4ThIAgQoU&amp;list=OLAK5uy_k-NrX_8CnGgJxK05kK9IKSpQP0mJo1HPA&amp;ab_channel=SopaDePedra-Topic\" target=\"_blank\" rel=\"noopener noreferrer\">\u25ba CLICK HERE TO LISTEN<\/a><\/p>\n<p class=\"p1\"><strong>\u00a0<\/strong><\/p>\n","protected":false},"featured_media":17471,"comment_status":"closed","ping_status":"closed","template":"","meta":[],"product_brand":[],"product_cat":[],"product_tag":[1208,4204],"class_list":{"0":"post-17470","1":"product","2":"type-product","3":"status-publish","4":"has-post-thumbnail","6":"product_tag-lovers-lollypops","7":"product_tag-sopa-de-pedra","8":"product_shipping_class-lp","9":"pa_artist-sopa-de-pedra","10":"pa_genre-chants","11":"pa_genre-spoken-word","12":"pa_genre-world-music","13":"pa_label-lovers-lollypops","15":"first","16":"outofstock","17":"shipping-taxable","18":"purchasable","19":"product-type-simple"},"_links":{"self":[{"href":"https:\/\/www.wasserbassin.com\/site\/wp-json\/wp\/v2\/product\/17470","targetHints":{"allow":["GET"]}}],"collection":[{"href":"https:\/\/www.wasserbassin.com\/site\/wp-json\/wp\/v2\/product"}],"about":[{"href":"https:\/\/www.wasserbassin.com\/site\/wp-json\/wp\/v2\/types\/product"}],"replies":[{"embeddable":true,"href":"https:\/\/www.wasserbassin.com\/site\/wp-json\/wp\/v2\/comments?post=17470"}],"wp:featuredmedia":[{"embeddable":true,"href":"https:\/\/www.wasserbassin.com\/site\/wp-json\/wp\/v2\/media\/17471"}],"wp:attachment":[{"href":"https:\/\/www.wasserbassin.com\/site\/wp-json\/wp\/v2\/media?parent=17470"}],"wp:term":[{"taxonomy":"product_brand","embeddable":true,"href":"https:\/\/www.wasserbassin.com\/site\/wp-json\/wp\/v2\/product_brand?post=17470"},{"taxonomy":"product_cat","embeddable":true,"href":"https:\/\/www.wasserbassin.com\/site\/wp-json\/wp\/v2\/product_cat?post=17470"},{"taxonomy":"product_tag","embeddable":true,"href":"https:\/\/www.wasserbassin.com\/site\/wp-json\/wp\/v2\/product_tag?post=17470"}],"curies":[{"name":"wp","href":"https:\/\/api.w.org\/{rel}","templated":true}]}}