{"id":17536,"date":"2022-08-07T22:29:35","date_gmt":"2022-08-07T21:29:35","guid":{"rendered":"https:\/\/www.wasserbassin.com\/site\/?post_type=product&#038;p=17536"},"modified":"2026-04-12T18:24:08","modified_gmt":"2026-04-12T17:24:08","slug":"david-miguel-palavras-cruzadas-lp","status":"publish","type":"product","link":"https:\/\/www.wasserbassin.com\/site\/product\/david-miguel-palavras-cruzadas-lp\/","title":{"rendered":"David &#038; Miguel &#8211; Palavras Cruzadas &#8211; LP"},"content":{"rendered":"<p>O ano \u00e9 2021. Duas pot\u00eancias da m\u00fasica portuguesa contempor\u00e2nea, <strong>David Bruno<\/strong> e <strong>Mike El Nite<\/strong>, re\u00fanem-se para lan\u00e7ar uma obra emblem\u00e1tica sobre temas atuais da Portugalidade. De Arouca a Albufeira, entre s\u00edtios \u00e0 beira-mar e s\u00f3cias que trazem ins\u00f3nia, &#8220;<strong>Palavras Cruzadas<\/strong>&#8221; \u00e9 o novo t\u00edtulo do <strong>LRC<\/strong> a tra\u00e7ar narrativas lus\u00f3fonas a partir do Norte portugu\u00eas.<\/p>\n<p><strong>Lusofonia Record Club<br \/>\n<\/strong><\/p>\n","protected":false},"excerpt":{"rendered":"<p><strong>Lusofonia Record Club<br \/>\n<\/strong><\/p>\n<hr \/>\n<p>O ano \u00e9 2021. Duas pot\u00eancias da m\u00fasica portuguesa contempor\u00e2nea, <strong>David Bruno<\/strong> e <strong>Mike El Nite<\/strong>, re\u00fanem-se para lan\u00e7ar uma obra emblem\u00e1tica sobre temas atuais da Portugalidade. De Arouca a Albufeira, entre s\u00edtios \u00e0 beira-mar e s\u00f3cias que trazem ins\u00f3nia, &#8220;<strong>Palavras Cruzadas<\/strong>&#8221; \u00e9 o novo t\u00edtulo do <strong>LRC<\/strong> a tra\u00e7ar narrativas lus\u00f3fonas a partir do Norte portugu\u00eas.<\/p>\n<p><a href=\"https:\/\/www.youtube.com\/playlist?list=PLrEhoz58RvcSEOrtVen113DKN9thQbn9Y\" target=\"_blank\" rel=\"noopener noreferrer\">\u25ba CLICK HERE TO LISTEN<\/a><\/p>\n","protected":false},"featured_media":17538,"comment_status":"closed","ping_status":"closed","template":"","meta":[],"product_brand":[],"product_cat":[],"product_tag":[4225,4224],"class_list":{"0":"post-17536","1":"product","2":"type-product","3":"status-publish","4":"has-post-thumbnail","6":"product_tag-david-miguel","7":"product_tag-lusofonia-record-club","8":"product_shipping_class-lp","9":"pa_artist-david-miguel","10":"pa_genre-balearic","11":"pa_genre-new-wave","12":"pa_genre-pop","13":"pa_genre-synth-pop","14":"pa_label-lusofonia-record-club","16":"first","17":"outofstock","18":"shipping-taxable","19":"purchasable","20":"product-type-simple"},"_links":{"self":[{"href":"https:\/\/www.wasserbassin.com\/site\/wp-json\/wp\/v2\/product\/17536","targetHints":{"allow":["GET"]}}],"collection":[{"href":"https:\/\/www.wasserbassin.com\/site\/wp-json\/wp\/v2\/product"}],"about":[{"href":"https:\/\/www.wasserbassin.com\/site\/wp-json\/wp\/v2\/types\/product"}],"replies":[{"embeddable":true,"href":"https:\/\/www.wasserbassin.com\/site\/wp-json\/wp\/v2\/comments?post=17536"}],"wp:featuredmedia":[{"embeddable":true,"href":"https:\/\/www.wasserbassin.com\/site\/wp-json\/wp\/v2\/media\/17538"}],"wp:attachment":[{"href":"https:\/\/www.wasserbassin.com\/site\/wp-json\/wp\/v2\/media?parent=17536"}],"wp:term":[{"taxonomy":"product_brand","embeddable":true,"href":"https:\/\/www.wasserbassin.com\/site\/wp-json\/wp\/v2\/product_brand?post=17536"},{"taxonomy":"product_cat","embeddable":true,"href":"https:\/\/www.wasserbassin.com\/site\/wp-json\/wp\/v2\/product_cat?post=17536"},{"taxonomy":"product_tag","embeddable":true,"href":"https:\/\/www.wasserbassin.com\/site\/wp-json\/wp\/v2\/product_tag?post=17536"}],"curies":[{"name":"wp","href":"https:\/\/api.w.org\/{rel}","templated":true}]}}