{"id":17769,"date":"2022-11-02T00:19:01","date_gmt":"2022-11-02T00:19:01","guid":{"rendered":"https:\/\/www.wasserbassin.com\/site\/?post_type=product&#038;p=17769"},"modified":"2024-03-31T19:00:40","modified_gmt":"2024-03-31T18:00:40","slug":"duassemicolcheiasinvertidas-%e5%8d%8c-lp","status":"publish","type":"product","link":"https:\/\/www.wasserbassin.com\/site\/product\/duassemicolcheiasinvertidas-%e5%8d%8c-lp\/","title":{"rendered":"dUASsEMIcOLCHEIASiNVERTIDAS &#8211; \u534c &#8211; LP"},"content":{"rendered":"<p>Brand new LP, &#8220;\u534c&#8221; , by <strong>dUASsEMIcOLCHEIASiNVERTIDAS<\/strong>, the Portuguese punk-rock free jazz type of sounds super band!<\/p>\n<p>Incredible headbanger!!!<\/p>\n<p><strong>Associa\u00e7\u00e3o Terap\u00eautica do Ru\u00eddo\/Bar Marfil Records\/Experiment\u00e1culo Records\/Gaffer Records\/Lepers Produtcions\/Neonparalleli\/Red Wig\/TECNOFOSSIL\/Wallace Records\/Enough Records<\/strong><\/p>\n","protected":false},"excerpt":{"rendered":"<p><strong>Associa\u00e7\u00e3o Terap\u00eautica do Ru\u00eddo\/Bar Marfil Records\/Experiment\u00e1culo Records\/Gaffer Records\/Lepers Produtcions\/Neonparalleli\/Red Wig\/TECNOFOSSIL\/Wallace Records\/Enough Records<\/strong><\/p>\n<hr \/>\n<p>Brand new LP, &#8220;\u534c&#8221; , by <strong>dUASsEMIcOLCHEIASiNVERTIDAS<\/strong>, the Portuguese punk-rock free jazz type of sounds super band!<\/p>\n<p>Incredible headbanger!!!<\/p>\n<p><a title=\"See the Video\" href=\"https:\/\/www.youtube.com\/playlist?list=OLAK5uy_kIw9oksDUlGYeAXCt_v4FOLXJyrHTr-_Y\" target=\"_blank\" rel=\"noopener noreferrer\">\u25ba CLICK HERE TO LISTEN<\/a><\/p>\n","protected":false},"featured_media":17771,"comment_status":"closed","ping_status":"closed","template":"","meta":[],"product_brand":[],"product_cat":[],"product_tag":[3110],"class_list":{"0":"post-17769","1":"product","2":"type-product","3":"status-publish","4":"has-post-thumbnail","6":"product_tag-duassemicolcheiasinvertidas","7":"product_shipping_class-lp","8":"pa_artist-duassemicolcheiasinvertidas","9":"pa_genre-experimental","10":"pa_genre-jazz","11":"pa_genre-noise","12":"pa_genre-punk","13":"pa_label-associacao-terapeutica-do-ruido","15":"first","16":"outofstock","17":"shipping-taxable","18":"purchasable","19":"product-type-simple"},"_links":{"self":[{"href":"https:\/\/www.wasserbassin.com\/site\/wp-json\/wp\/v2\/product\/17769","targetHints":{"allow":["GET"]}}],"collection":[{"href":"https:\/\/www.wasserbassin.com\/site\/wp-json\/wp\/v2\/product"}],"about":[{"href":"https:\/\/www.wasserbassin.com\/site\/wp-json\/wp\/v2\/types\/product"}],"replies":[{"embeddable":true,"href":"https:\/\/www.wasserbassin.com\/site\/wp-json\/wp\/v2\/comments?post=17769"}],"wp:featuredmedia":[{"embeddable":true,"href":"https:\/\/www.wasserbassin.com\/site\/wp-json\/wp\/v2\/media\/17771"}],"wp:attachment":[{"href":"https:\/\/www.wasserbassin.com\/site\/wp-json\/wp\/v2\/media?parent=17769"}],"wp:term":[{"taxonomy":"product_brand","embeddable":true,"href":"https:\/\/www.wasserbassin.com\/site\/wp-json\/wp\/v2\/product_brand?post=17769"},{"taxonomy":"product_cat","embeddable":true,"href":"https:\/\/www.wasserbassin.com\/site\/wp-json\/wp\/v2\/product_cat?post=17769"},{"taxonomy":"product_tag","embeddable":true,"href":"https:\/\/www.wasserbassin.com\/site\/wp-json\/wp\/v2\/product_tag?post=17769"}],"curies":[{"name":"wp","href":"https:\/\/api.w.org\/{rel}","templated":true}]}}