{"id":17998,"date":"2023-01-09T00:55:59","date_gmt":"2023-01-09T00:55:59","guid":{"rendered":"https:\/\/www.wasserbassin.com\/site\/?post_type=product&#038;p=17998"},"modified":"2026-03-28T19:00:35","modified_gmt":"2026-03-28T19:00:35","slug":"ines-malheiro-deusa-nausea-k7","status":"publish","type":"product","link":"https:\/\/www.wasserbassin.com\/site\/product\/ines-malheiro-deusa-nausea-k7\/","title":{"rendered":"In\u00eas Malheiro &#8211; Deusa N\u00e1usea &#8211; K7"},"content":{"rendered":"<p>&#8220;<strong>Deusa N\u00e1usea<\/strong>&#8221; being intimately unusual, balances you as in the cradle of a feverish baby with its fragmented beauty and her delicacy that serpentines our brain. Polarized, reversed, perplexed, epithelialized by espectral processes and beleza pura. Chunks of voices chopped and minced in the metric drip leave you in continuous tele-transformation, by centrifuging our deepest interiors as if she would like to break with just enough strength the structural matrix of a song. <strong>In\u00eas Malheiro<\/strong>, with her peripheral vision and a bouquet of Gerberas and Peonies, makes this day an anisotropic pleasure.<\/p>\n<p><strong>Lovers &amp; Lollypops<\/strong><\/p>\n","protected":false},"excerpt":{"rendered":"<p><strong>Lovers &amp; Lollypops<\/strong><\/p>\n<hr \/>\n<p>&#8220;<strong>Deusa N\u00e1usea<\/strong>&#8221; being intimately unusual, balances you as in the cradle of a feverish baby with its fragmented beauty and her delicacy that serpentines our brain. Polarized, reversed, perplexed, epithelialized by espectral processes and beleza pura. Chunks of voices chopped and minced in the metric drip leave you in continuous tele-transformation, by centrifuging our deepest interiors as if she would like to break with just enough strength the structural matrix of a song. <strong>In\u00eas Malheiro<\/strong>, with her peripheral vision and a bouquet of Gerberas and Peonies, makes this day an anisotropic pleasure.<\/p>\n<p class=\"p1\"><a title=\"See the Video\" href=\"https:\/\/www.youtube.com\/playlist?list=OLAK5uy_lpLwD27MN1Fb6qTD00lsq45Fj4Vx95Nqc\" target=\"_blank\" rel=\"noopener noreferrer\">\u25ba CLICK HERE TO LISTEN<\/a><\/p>\n","protected":false},"featured_media":17991,"comment_status":"closed","ping_status":"closed","template":"","meta":[],"product_brand":[],"product_cat":[],"product_tag":[4354,1208],"class_list":{"0":"post-17998","1":"product","2":"type-product","3":"status-publish","4":"has-post-thumbnail","6":"product_tag-ines-malheiro","7":"product_tag-lovers-lollypops","8":"product_shipping_class-cd","9":"pa_artist-ines-malheiro","10":"pa_genre-abstract","11":"pa_genre-experimental","12":"pa_genre-sound-art","13":"pa_label-lovers-lollypops","15":"first","16":"instock","17":"shipping-taxable","18":"purchasable","19":"product-type-simple"},"_links":{"self":[{"href":"https:\/\/www.wasserbassin.com\/site\/wp-json\/wp\/v2\/product\/17998","targetHints":{"allow":["GET"]}}],"collection":[{"href":"https:\/\/www.wasserbassin.com\/site\/wp-json\/wp\/v2\/product"}],"about":[{"href":"https:\/\/www.wasserbassin.com\/site\/wp-json\/wp\/v2\/types\/product"}],"replies":[{"embeddable":true,"href":"https:\/\/www.wasserbassin.com\/site\/wp-json\/wp\/v2\/comments?post=17998"}],"wp:featuredmedia":[{"embeddable":true,"href":"https:\/\/www.wasserbassin.com\/site\/wp-json\/wp\/v2\/media\/17991"}],"wp:attachment":[{"href":"https:\/\/www.wasserbassin.com\/site\/wp-json\/wp\/v2\/media?parent=17998"}],"wp:term":[{"taxonomy":"product_brand","embeddable":true,"href":"https:\/\/www.wasserbassin.com\/site\/wp-json\/wp\/v2\/product_brand?post=17998"},{"taxonomy":"product_cat","embeddable":true,"href":"https:\/\/www.wasserbassin.com\/site\/wp-json\/wp\/v2\/product_cat?post=17998"},{"taxonomy":"product_tag","embeddable":true,"href":"https:\/\/www.wasserbassin.com\/site\/wp-json\/wp\/v2\/product_tag?post=17998"}],"curies":[{"name":"wp","href":"https:\/\/api.w.org\/{rel}","templated":true}]}}