{"id":18055,"date":"2023-01-23T00:31:25","date_gmt":"2023-01-23T00:31:25","guid":{"rendered":"https:\/\/www.wasserbassin.com\/site\/?post_type=product&#038;p=18055"},"modified":"2024-12-13T23:34:08","modified_gmt":"2024-12-13T23:34:08","slug":"pedro-lima-recordar-e-viver-antologia-vol-1-2lp","status":"publish","type":"product","link":"https:\/\/www.wasserbassin.com\/site\/product\/pedro-lima-recordar-e-viver-antologia-vol-1-2lp\/","title":{"rendered":"Pedro Lima &#8211; Recordar \u00c9 Viver: Antologia Vol.1 &#8211; 2LP"},"content":{"rendered":"<p><strong>Les Disques Bongo Joe<\/strong> with their friend DJ Tom B, are proud of sharing the fourth effort on our S\u00e3o Tom\u00e9 &amp; Principe series : \u201c<strong>Recordar \u00c9 Viver<\/strong>\u201d, the first volume of an anthology dedicated to the one and only <strong>Pedro Lima<\/strong>, &#8220;A voz do povo de S\u00e3o Tom\u00e9&#8221; (the people&#8217;s voice of Sao Tom\u00e9).<\/p>\n<p>\u201c<strong>Recordar \u00c9 Viver: Antologia Vol. 1<\/strong>\u201d features some previously unreleased tracks and gives a comprehensive look into the discography of one of the islands\u2019 biggest stars, known for his political outspokenness as much as for his soft voice, delicate rumbas, and high-energy puxas.<\/p>\n<p><strong>Les Disques Bongo Joe<\/strong><\/p>\n<p><strong>\u00a0<\/strong><\/p>\n","protected":false},"excerpt":{"rendered":"<p><strong>Les Disques Bongo Joe<\/strong><\/p>\n<hr \/>\n<p><strong>Les Disques Bongo Joe<\/strong> with their friend DJ Tom B, are proud of sharing the fourth effort on our S\u00e3o Tom\u00e9 &amp; Principe series : \u201c<strong>Recordar \u00c9 Viver<\/strong>\u201d, the first volume of an anthology dedicated to the one and only <strong>Pedro Lima<\/strong>, &#8220;A voz do povo de S\u00e3o Tom\u00e9&#8221; (the people&#8217;s voice of Sao Tom\u00e9).<\/p>\n<p>\u201c<strong>Recordar \u00c9 Viver: Antologia Vol. 1<\/strong>\u201d features some previously unreleased tracks and gives a comprehensive look into the discography of one of the islands\u2019 biggest stars, known for his political outspokenness as much as for his soft voice, delicate rumbas, and high-energy puxas.<\/p>\n<p><a title=\"See the Video\" href=\"https:\/\/www.youtube.com\/playlist?list=OLAK5uy_nsW_0V-sbaIyEKNBdBRgATbBoli9s1dmk\" target=\"_blank\" rel=\"noopener noreferrer\">\u25ba CLICK HERE TO LISTEN<\/a><\/p>\n<p>&nbsp;<\/p>\n<p>&nbsp;<\/p>\n<p><strong>\u00a0<\/strong><\/p>\n","protected":false},"featured_media":18051,"comment_status":"closed","ping_status":"closed","template":"","meta":[],"product_brand":[],"product_cat":[],"product_tag":[1694,4375,4376],"class_list":{"0":"post-18055","1":"product","2":"type-product","3":"status-publish","4":"has-post-thumbnail","6":"product_tag-les-disques-bongo-joe","7":"product_tag-pedro-lima","8":"product_tag-recordar-e-viver","9":"product_shipping_class-lp","10":"pa_artist-pedro-lima","11":"pa_genre-coladera","12":"pa_genre-funana","13":"pa_genre-merengue","14":"pa_genre-puxas","15":"pa_label-les-disques-bongo-joe","17":"first","18":"instock","19":"shipping-taxable","20":"purchasable","21":"product-type-simple"},"_links":{"self":[{"href":"https:\/\/www.wasserbassin.com\/site\/wp-json\/wp\/v2\/product\/18055","targetHints":{"allow":["GET"]}}],"collection":[{"href":"https:\/\/www.wasserbassin.com\/site\/wp-json\/wp\/v2\/product"}],"about":[{"href":"https:\/\/www.wasserbassin.com\/site\/wp-json\/wp\/v2\/types\/product"}],"replies":[{"embeddable":true,"href":"https:\/\/www.wasserbassin.com\/site\/wp-json\/wp\/v2\/comments?post=18055"}],"wp:featuredmedia":[{"embeddable":true,"href":"https:\/\/www.wasserbassin.com\/site\/wp-json\/wp\/v2\/media\/18051"}],"wp:attachment":[{"href":"https:\/\/www.wasserbassin.com\/site\/wp-json\/wp\/v2\/media?parent=18055"}],"wp:term":[{"taxonomy":"product_brand","embeddable":true,"href":"https:\/\/www.wasserbassin.com\/site\/wp-json\/wp\/v2\/product_brand?post=18055"},{"taxonomy":"product_cat","embeddable":true,"href":"https:\/\/www.wasserbassin.com\/site\/wp-json\/wp\/v2\/product_cat?post=18055"},{"taxonomy":"product_tag","embeddable":true,"href":"https:\/\/www.wasserbassin.com\/site\/wp-json\/wp\/v2\/product_tag?post=18055"}],"curies":[{"name":"wp","href":"https:\/\/api.w.org\/{rel}","templated":true}]}}