{"id":18063,"date":"2023-01-29T23:25:03","date_gmt":"2023-01-29T23:25:03","guid":{"rendered":"https:\/\/www.wasserbassin.com\/site\/?post_type=product&#038;p=18063"},"modified":"2026-04-18T16:11:36","modified_gmt":"2026-04-18T15:11:36","slug":"imperio-pacifico-clubs-hit-lp","status":"publish","type":"product","link":"https:\/\/www.wasserbassin.com\/site\/product\/imperio-pacifico-clubs-hit-lp\/","title":{"rendered":"Imp\u00e9rio Pac\u00edfico &#8211; Clubs Hit &#8211; LP"},"content":{"rendered":"<p><strong>Imp\u00e9rio Pac\u00edfico<\/strong>, formed by Luan Bellussi (aka trash CAN) and Pedro Tavares (aka funcion\u00e1rio) is already one of the names to highlight in the present, and future, of Portuguese electronic music.<\/p>\n<p>The new album &#8220;<strong>Clubs Hit<\/strong>&#8221; introduces a transition to a more nocturnal phase, in which dance and space converge. It arises from the experiences that the band gathered in recent years, where concerts and a tour imprinted a more assumed and intuitive dance music in their soundscapes.<\/p>\n<p><strong>Variz<\/strong><\/p>\n","protected":false},"excerpt":{"rendered":"<p><strong>Variz<\/strong><\/p>\n<hr \/>\n<p><strong>Imp\u00e9rio Pac\u00edfico<\/strong>, formed by Luan Bellussi (aka trash CAN) and Pedro Tavares (aka funcion\u00e1rio) is already one of the names to highlight in the present, and future, of Portuguese electronic music.<\/p>\n<p>The new album &#8220;<strong>Clubs Hit<\/strong>&#8221; introduces a transition to a more nocturnal phase, in which dance and space converge. It arises from the experiences that the band gathered in recent years, where concerts and a tour imprinted a more assumed and intuitive dance music in their soundscapes.<\/p>\n<p><a title=\"See the Video\" href=\"https:\/\/www.youtube.com\/playlist?list=OLAK5uy_lzh42sv3_qWzo8VNjqO4Fnx17mFrOgpF4\" target=\"_blank\" rel=\"noopener noreferrer\">\u25ba CLICK HERE TO LISTEN<\/a><\/p>\n","protected":false},"featured_media":18065,"comment_status":"closed","ping_status":"closed","template":"","meta":[],"product_brand":[],"product_cat":[],"product_tag":[3358,2712],"class_list":{"0":"post-18063","1":"product","2":"type-product","3":"status-publish","4":"has-post-thumbnail","6":"product_tag-imperio-pacifico","7":"product_tag-variz","8":"product_shipping_class-lp","9":"pa_artist-imperio-pacifico","10":"pa_genre-dance-music","11":"pa_genre-electronics","12":"pa_genre-leftfield","13":"pa_label-variz","15":"first","16":"outofstock","17":"shipping-taxable","18":"purchasable","19":"product-type-simple"},"_links":{"self":[{"href":"https:\/\/www.wasserbassin.com\/site\/wp-json\/wp\/v2\/product\/18063","targetHints":{"allow":["GET"]}}],"collection":[{"href":"https:\/\/www.wasserbassin.com\/site\/wp-json\/wp\/v2\/product"}],"about":[{"href":"https:\/\/www.wasserbassin.com\/site\/wp-json\/wp\/v2\/types\/product"}],"replies":[{"embeddable":true,"href":"https:\/\/www.wasserbassin.com\/site\/wp-json\/wp\/v2\/comments?post=18063"}],"wp:featuredmedia":[{"embeddable":true,"href":"https:\/\/www.wasserbassin.com\/site\/wp-json\/wp\/v2\/media\/18065"}],"wp:attachment":[{"href":"https:\/\/www.wasserbassin.com\/site\/wp-json\/wp\/v2\/media?parent=18063"}],"wp:term":[{"taxonomy":"product_brand","embeddable":true,"href":"https:\/\/www.wasserbassin.com\/site\/wp-json\/wp\/v2\/product_brand?post=18063"},{"taxonomy":"product_cat","embeddable":true,"href":"https:\/\/www.wasserbassin.com\/site\/wp-json\/wp\/v2\/product_cat?post=18063"},{"taxonomy":"product_tag","embeddable":true,"href":"https:\/\/www.wasserbassin.com\/site\/wp-json\/wp\/v2\/product_tag?post=18063"}],"curies":[{"name":"wp","href":"https:\/\/api.w.org\/{rel}","templated":true}]}}