{"id":18513,"date":"2023-06-04T17:38:28","date_gmt":"2023-06-04T16:38:28","guid":{"rendered":"https:\/\/www.wasserbassin.com\/site\/?post_type=product&#038;p=18513"},"modified":"2025-04-03T15:05:52","modified_gmt":"2025-04-03T14:05:52","slug":"toze-ferreira-musica-de-baixa-fidelidade-lp","status":"publish","type":"product","link":"https:\/\/www.wasserbassin.com\/site\/product\/toze-ferreira-musica-de-baixa-fidelidade-lp\/","title":{"rendered":"T\u00f3z\u00e9 Ferreira &#8211; M\u00fasica De Baixa Fidelidade &#8211; LP"},"content":{"rendered":"<p><strong>T\u00f3z\u00e9 Ferreira<\/strong>&#8216;s \u201c<strong>M\u00fasica De Baixa Fidelidade<\/strong>\u201c, released in 1988 on the <strong>Ama Romanta<\/strong> label. Featuring recordings made in The Hague Royal Conservatory in 1988, in collaboration with the American composer Rodney Waschka II, and by <strong>Ant\u00f3nio<\/strong> alone in Cascais.<\/p>\n<p>This record has been composed, recorded and produced by <strong>Ant\u00f3nio Ferreira<\/strong> in his own studio, Cascais 02\/1988, except \u201cMore Adult Music\u201d and \u201cThis is music, as it was expected\u201d, composed and recorded at the Sonology Institute, The Hague Royal Conservatory during winter\/spring of 1987. Sound generation and composition of the pieces produced at Sonology Institute was made using a PDP-11\/34 mini computer controlling a DMX-1000 16-bit DSP engine and using analogue techniques. Other pieces were made using the LISP and Forth computer programming languages in an ATARI computer controlling a FM YAMAHA FB-01 synthesizer and an Ensoniq Mirage sampler.<\/p>\n<p><strong>Note:<\/strong> Used record, in good condition! Cover <strong>VG+<\/strong>\/ Record <strong>VG+<\/strong><\/p>\n<p><strong>Ama Romanta<br \/>\n<\/strong><\/p>\n<p>&nbsp;<\/p>\n","protected":false},"excerpt":{"rendered":"<p><strong>Ama Romanta<br \/>\n<\/strong><\/p>\n<hr \/>\n<p><strong>T\u00f3z\u00e9 Ferreira<\/strong>&#8216;s \u201c<strong>M\u00fasica De Baixa Fidelidade<\/strong>\u201c, released in 1988 on the <strong>Ama Romanta<\/strong> label. Featuring recordings made in The Hague Royal Conservatory in 1988, in collaboration with the American composer Rodney Waschka II, and by <strong>Ant\u00f3nio<\/strong> alone in Cascais.<\/p>\n<p>This record has been composed, recorded and produced by <strong>Ant\u00f3nio Ferreira<\/strong> in his own studio, Cascais 02\/1988, except \u201cMore Adult Music\u201d and \u201cThis is music, as it was expected\u201d, composed and recorded at the Sonology Institute, The Hague Royal Conservatory during winter\/spring of 1987. Sound generation and composition of the pieces produced at Sonology Institute was made using a PDP-11\/34 mini computer controlling a DMX-1000 16-bit DSP engine and using analogue techniques. Other pieces were made using the LISP and Forth computer programming languages in an ATARI computer controlling a FM YAMAHA FB-01 synthesizer and an Ensoniq Mirage sampler.<\/p>\n<p><strong>Note:<\/strong> Used record, in good condition! Cover <strong>VG+<\/strong>\/ Record <strong>VG+<\/strong><\/p>\n<p><a href=\"https:\/\/www.youtube.com\/watch?v=2uhiGxikzvw&amp;ab_channel=DBGO\" target=\"_blank\" rel=\"noopener noreferrer\">\u25ba CLICK HERE TO LISTEN<\/a><\/p>\n","protected":false},"featured_media":18514,"comment_status":"closed","ping_status":"closed","template":"","meta":[],"product_brand":[],"product_cat":[],"product_tag":[3381,2420],"class_list":{"0":"post-18513","1":"product","2":"type-product","3":"status-publish","4":"has-post-thumbnail","6":"product_tag-ama-romanta","7":"product_tag-toze-ferreira","8":"product_shipping_class-lp","9":"pa_artist-toze-ferreira","10":"pa_genre-abstract","11":"pa_genre-electronics","12":"pa_genre-experimental","13":"pa_label-ama-romanta","15":"first","16":"outofstock","17":"shipping-taxable","18":"purchasable","19":"product-type-simple"},"_links":{"self":[{"href":"https:\/\/www.wasserbassin.com\/site\/wp-json\/wp\/v2\/product\/18513","targetHints":{"allow":["GET"]}}],"collection":[{"href":"https:\/\/www.wasserbassin.com\/site\/wp-json\/wp\/v2\/product"}],"about":[{"href":"https:\/\/www.wasserbassin.com\/site\/wp-json\/wp\/v2\/types\/product"}],"replies":[{"embeddable":true,"href":"https:\/\/www.wasserbassin.com\/site\/wp-json\/wp\/v2\/comments?post=18513"}],"wp:featuredmedia":[{"embeddable":true,"href":"https:\/\/www.wasserbassin.com\/site\/wp-json\/wp\/v2\/media\/18514"}],"wp:attachment":[{"href":"https:\/\/www.wasserbassin.com\/site\/wp-json\/wp\/v2\/media?parent=18513"}],"wp:term":[{"taxonomy":"product_brand","embeddable":true,"href":"https:\/\/www.wasserbassin.com\/site\/wp-json\/wp\/v2\/product_brand?post=18513"},{"taxonomy":"product_cat","embeddable":true,"href":"https:\/\/www.wasserbassin.com\/site\/wp-json\/wp\/v2\/product_cat?post=18513"},{"taxonomy":"product_tag","embeddable":true,"href":"https:\/\/www.wasserbassin.com\/site\/wp-json\/wp\/v2\/product_tag?post=18513"}],"curies":[{"name":"wp","href":"https:\/\/api.w.org\/{rel}","templated":true}]}}