{"id":18578,"date":"2023-06-27T00:07:37","date_gmt":"2023-06-26T23:07:37","guid":{"rendered":"https:\/\/www.wasserbassin.com\/site\/?post_type=product&#038;p=18578"},"modified":"2023-10-07T20:14:37","modified_gmt":"2023-10-07T19:14:37","slug":"minus-mrdolly-broken-hearts-make-broken-beats-12","status":"publish","type":"product","link":"https:\/\/www.wasserbassin.com\/site\/product\/minus-mrdolly-broken-hearts-make-broken-beats-12\/","title":{"rendered":"Minus &#038; MRDolly &#8211; Broken Hearts Make Broken Beats &#8211; 12&#8243;"},"content":{"rendered":"<p>After their first adventure in the endless universe of instrumental music where they released \u201cMan With a Plan\u201d in 2018, <strong>Minus &amp; MRDolly<\/strong> now presents the new EP \u201c<strong>Broken Hearts Make Broken Beats<\/strong>\u201d.<\/p>\n<p>This new work is the result of a recording session at the Groove-Wood studios promoted by Jo\u00e3o Andr\u00e9, (he who mixed two of the three originals on the EP), which was joined by Hugo Danin on drums and S\u00e9rgio Alves on keyboards and electric piano. As a trio (Minus, Hugo and S\u00e9rgio), they rearranged and explored the original sketches, previously composed by<strong> Minus &amp; MRDolly<\/strong>.<\/p>\n<p><strong>Jazzego<br \/>\n<\/strong><\/p>\n<p><em>\u00a0<\/em><\/p>\n<p>&nbsp;<\/p>\n<p>&nbsp;<\/p>\n<p><strong>\u00a0<\/strong><\/p>\n<p>&nbsp;<\/p>\n","protected":false},"excerpt":{"rendered":"<p><strong>Jazzego<br \/>\n<\/strong><\/p>\n<hr \/>\n<p>After their first adventure in the endless universe of instrumental music where they released \u201cMan With a Plan\u201d in 2018, <strong>Minus &amp; MRDolly<\/strong> now presents the new EP \u201c<strong>Broken Hearts Make Broken Beats<\/strong>\u201d.<\/p>\n<p>This new work is the result of a recording session at the Groove-Wood studios promoted by Jo\u00e3o Andr\u00e9, (he who mixed two of the three originals on the EP), which was joined by Hugo Danin on drums and S\u00e9rgio Alves on keyboards and electric piano. As a trio (Minus, Hugo and S\u00e9rgio), they rearranged and explored the original sketches, previously composed by<strong> Minus &amp; MRDolly<\/strong>.<\/p>\n<p><a href=\"https:\/\/www.youtube.com\/playlist?list=OLAK5uy_kUF2WJ07HgziF37i_lSeWJT3v77e7i-1A\" target=\"_blank\" rel=\"noopener noreferrer\">\u25ba CLICK HERE TO LISTEN<\/a><\/p>\n<p>&nbsp;<\/p>\n","protected":false},"featured_media":18579,"comment_status":"closed","ping_status":"closed","template":"","meta":[],"product_brand":[],"product_cat":[],"product_tag":[4529,4530],"class_list":{"0":"post-18578","1":"product","2":"type-product","3":"status-publish","4":"has-post-thumbnail","6":"product_tag-jazzego","7":"product_tag-minus-mrdolly","8":"product_shipping_class-lp","9":"pa_artist-minus-mrdolly","10":"pa_genre-acid-jazz","11":"pa_genre-electronics","12":"pa_genre-hip-hop","13":"pa_genre-machine-funk","14":"pa_label-jazzego","16":"first","17":"outofstock","18":"shipping-taxable","19":"purchasable","20":"product-type-simple"},"_links":{"self":[{"href":"https:\/\/www.wasserbassin.com\/site\/wp-json\/wp\/v2\/product\/18578","targetHints":{"allow":["GET"]}}],"collection":[{"href":"https:\/\/www.wasserbassin.com\/site\/wp-json\/wp\/v2\/product"}],"about":[{"href":"https:\/\/www.wasserbassin.com\/site\/wp-json\/wp\/v2\/types\/product"}],"replies":[{"embeddable":true,"href":"https:\/\/www.wasserbassin.com\/site\/wp-json\/wp\/v2\/comments?post=18578"}],"wp:featuredmedia":[{"embeddable":true,"href":"https:\/\/www.wasserbassin.com\/site\/wp-json\/wp\/v2\/media\/18579"}],"wp:attachment":[{"href":"https:\/\/www.wasserbassin.com\/site\/wp-json\/wp\/v2\/media?parent=18578"}],"wp:term":[{"taxonomy":"product_brand","embeddable":true,"href":"https:\/\/www.wasserbassin.com\/site\/wp-json\/wp\/v2\/product_brand?post=18578"},{"taxonomy":"product_cat","embeddable":true,"href":"https:\/\/www.wasserbassin.com\/site\/wp-json\/wp\/v2\/product_cat?post=18578"},{"taxonomy":"product_tag","embeddable":true,"href":"https:\/\/www.wasserbassin.com\/site\/wp-json\/wp\/v2\/product_tag?post=18578"}],"curies":[{"name":"wp","href":"https:\/\/api.w.org\/{rel}","templated":true}]}}