{"id":18686,"date":"2023-07-24T16:25:00","date_gmt":"2023-07-24T15:25:00","guid":{"rendered":"https:\/\/www.wasserbassin.com\/site\/?post_type=product&#038;p=18686"},"modified":"2024-04-01T12:52:17","modified_gmt":"2024-04-01T11:52:17","slug":"ricardo-costa-agarez-a-contrucao-do-algarve-livro","status":"publish","type":"product","link":"https:\/\/www.wasserbassin.com\/site\/product\/ricardo-costa-agarez-a-contrucao-do-algarve-livro\/","title":{"rendered":"Ricardo Costa Agarez &#8211; A Constru\u00e7\u00e3o Do Algarve &#8211; Livro (Book)"},"content":{"rendered":"<p>Em \u201c<strong>A Constru\u00e7\u00e3o do Algarve<\/strong>\u201d<em>, <\/em><strong>Ricardo Costa Agarez<\/strong> desafia a inclus\u00e3o convencional da arquitetura moderna portuguesa nas narrativas do Regionalismo Cr\u00edtico, numa reconstru\u00e7\u00e3o pormenorizada dos debates e culturas em jogo, e apresenta os antecedentes que caracterizaram a muito celebrada viragem para o regional. Arquitetos como Gomes da Costa e Jorge de Oliveira, assim como um elenco de outros agentes (clientes, administra\u00e7\u00e3o, engenheiros e construtores) contribu\u00edram para amadurecer uma linha regional da arquitetura moderna que, mais do que ser o resultado heroico de uma \u00abbatalha\u00bb dura levada a cabo por arquitetos empenhados em combater um regime conservador, foi verdadeiramente popular no Algarve.<\/p>\n<p><strong>Dafne<br \/>\n<\/strong><\/p>\n","protected":false},"excerpt":{"rendered":"<p><strong>Dafne<br \/>\n<\/strong><\/p>\n<hr \/>\n<p>Em \u201c<strong>A Constru\u00e7\u00e3o do Algarve<\/strong>\u201d<em>, <\/em><strong>Ricardo Costa Agarez<\/strong> desafia a inclus\u00e3o convencional da arquitetura moderna portuguesa nas narrativas do Regionalismo Cr\u00edtico, numa reconstru\u00e7\u00e3o pormenorizada dos debates e culturas em jogo, e apresenta os antecedentes que caracterizaram a muito celebrada viragem para o regional. Arquitetos como Gomes da Costa e Jorge de Oliveira, assim como um elenco de outros agentes (clientes, administra\u00e7\u00e3o, engenheiros e construtores) contribu\u00edram para amadurecer uma linha regional da arquitetura moderna que, mais do que ser o resultado heroico de uma \u00abbatalha\u00bb dura levada a cabo por arquitetos empenhados em combater um regime conservador, foi verdadeiramente popular no Algarve.<\/p>\n<p>&nbsp;<\/p>\n<p>&nbsp;<\/p>\n<p class=\"p1\"><strong>\u00a0<\/strong><\/p>\n","protected":false},"featured_media":18691,"comment_status":"closed","ping_status":"closed","template":"","meta":[],"product_brand":[],"product_cat":[],"product_tag":[980,4558],"class_list":{"0":"post-18686","1":"product","2":"type-product","3":"status-publish","4":"has-post-thumbnail","6":"product_tag-dafne","7":"product_tag-ricardo-costa-agarez","8":"product_shipping_class-bookks","9":"pa_artist-ricardo-costa-agarez","10":"pa_genre-architecture","11":"pa_label-dafne","13":"first","14":"instock","15":"shipping-taxable","16":"purchasable","17":"product-type-simple"},"_links":{"self":[{"href":"https:\/\/www.wasserbassin.com\/site\/wp-json\/wp\/v2\/product\/18686","targetHints":{"allow":["GET"]}}],"collection":[{"href":"https:\/\/www.wasserbassin.com\/site\/wp-json\/wp\/v2\/product"}],"about":[{"href":"https:\/\/www.wasserbassin.com\/site\/wp-json\/wp\/v2\/types\/product"}],"replies":[{"embeddable":true,"href":"https:\/\/www.wasserbassin.com\/site\/wp-json\/wp\/v2\/comments?post=18686"}],"wp:featuredmedia":[{"embeddable":true,"href":"https:\/\/www.wasserbassin.com\/site\/wp-json\/wp\/v2\/media\/18691"}],"wp:attachment":[{"href":"https:\/\/www.wasserbassin.com\/site\/wp-json\/wp\/v2\/media?parent=18686"}],"wp:term":[{"taxonomy":"product_brand","embeddable":true,"href":"https:\/\/www.wasserbassin.com\/site\/wp-json\/wp\/v2\/product_brand?post=18686"},{"taxonomy":"product_cat","embeddable":true,"href":"https:\/\/www.wasserbassin.com\/site\/wp-json\/wp\/v2\/product_cat?post=18686"},{"taxonomy":"product_tag","embeddable":true,"href":"https:\/\/www.wasserbassin.com\/site\/wp-json\/wp\/v2\/product_tag?post=18686"}],"curies":[{"name":"wp","href":"https:\/\/api.w.org\/{rel}","templated":true}]}}