{"id":19111,"date":"2023-12-21T00:16:31","date_gmt":"2023-12-21T00:16:31","guid":{"rendered":"https:\/\/www.wasserbassin.com\/site\/?post_type=product&#038;p=19111"},"modified":"2023-12-21T00:25:08","modified_gmt":"2023-12-21T00:25:08","slug":"paulo-moura-tocamos-o-que-nos-apetece-book","status":"publish","type":"product","link":"https:\/\/www.wasserbassin.com\/site\/product\/paulo-moura-tocamos-o-que-nos-apetece-book\/","title":{"rendered":"Paulo Moura &#8211; Tocamos O Que Nos Apetece &#8211; Book"},"content":{"rendered":"<p>25 anos de hist\u00f3ria e de hist\u00f3rias da <strong>Orquestra Jazz de Matosinhos<\/strong> e n\u00e3o s\u00f3. Uma viagem que come\u00e7a na emocionante noite de estreia da Heritage Big Band, recua at\u00e9 \u00e0 pr\u00e9-hist\u00f3ria do jazz nacional e habilmente nos guia por lugares e momentos que deram forma a esta constela\u00e7\u00e3o de jazz a Norte &#8211; a lend\u00e1ria escola do Churrasquinho, que mais tarde se tornou na Escola de Jazz do Porto, a Casa do M\u00e1rio Santos, a cria\u00e7\u00e3o da Orquestra Jazz de Matosinhos e de um Curso de Jazz na ESMAE, ou ainda o nascimento da associa\u00e7\u00e3o Porta-Jazz. Uma passagem por epis\u00f3dios de figuras e estruturas que se entrela\u00e7aram de v\u00e1rias formas com os caminhos da OJM, que sonharam e fazem com que seja poss\u00edvel fazer o jazz que apetece.<\/p>\n<p><strong>OJM<\/strong><\/p>\n","protected":false},"excerpt":{"rendered":"<p class=\"p1\"><strong>OJM<br \/>\n<\/strong><\/p>\n<hr \/>\n<p>25 anos de hist\u00f3ria e de hist\u00f3rias da <strong>Orquestra Jazz de Matosinhos<\/strong> e n\u00e3o s\u00f3. Uma viagem que come\u00e7a na emocionante noite de estreia da Heritage Big Band, recua at\u00e9 \u00e0 pr\u00e9-hist\u00f3ria do jazz nacional e habilmente nos guia por lugares e momentos que deram forma a esta constela\u00e7\u00e3o de jazz a Norte &#8211; a lend\u00e1ria escola do Churrasquinho, que mais tarde se tornou na Escola de Jazz do Porto, a Casa do M\u00e1rio Santos, a cria\u00e7\u00e3o da Orquestra Jazz de Matosinhos e de um Curso de Jazz na ESMAE, ou ainda o nascimento da associa\u00e7\u00e3o Porta-Jazz. Uma passagem por epis\u00f3dios de figuras e estruturas que se entrela\u00e7aram de v\u00e1rias formas com os caminhos da OJM, que sonharam e fazem com que seja poss\u00edvel fazer o jazz que apetece.<\/p>\n<p>&nbsp;<\/p>\n<p class=\"p1\"><strong>\u00a0<\/strong><\/p>\n","protected":false},"featured_media":19112,"comment_status":"closed","ping_status":"closed","template":"","meta":[],"product_brand":[],"product_cat":[],"product_tag":[2840,4688],"class_list":{"0":"post-19111","1":"product","2":"type-product","3":"status-publish","4":"has-post-thumbnail","6":"product_tag-ojm","7":"product_tag-paulo-moura","8":"product_shipping_class-bookks","9":"pa_artist-orquestra-jazz-de-matosinhos","10":"pa_artist-paulo-moura","11":"pa_genre-jazz","12":"pa_label-ojm","14":"first","15":"instock","16":"shipping-taxable","17":"purchasable","18":"product-type-simple"},"_links":{"self":[{"href":"https:\/\/www.wasserbassin.com\/site\/wp-json\/wp\/v2\/product\/19111","targetHints":{"allow":["GET"]}}],"collection":[{"href":"https:\/\/www.wasserbassin.com\/site\/wp-json\/wp\/v2\/product"}],"about":[{"href":"https:\/\/www.wasserbassin.com\/site\/wp-json\/wp\/v2\/types\/product"}],"replies":[{"embeddable":true,"href":"https:\/\/www.wasserbassin.com\/site\/wp-json\/wp\/v2\/comments?post=19111"}],"wp:featuredmedia":[{"embeddable":true,"href":"https:\/\/www.wasserbassin.com\/site\/wp-json\/wp\/v2\/media\/19112"}],"wp:attachment":[{"href":"https:\/\/www.wasserbassin.com\/site\/wp-json\/wp\/v2\/media?parent=19111"}],"wp:term":[{"taxonomy":"product_brand","embeddable":true,"href":"https:\/\/www.wasserbassin.com\/site\/wp-json\/wp\/v2\/product_brand?post=19111"},{"taxonomy":"product_cat","embeddable":true,"href":"https:\/\/www.wasserbassin.com\/site\/wp-json\/wp\/v2\/product_cat?post=19111"},{"taxonomy":"product_tag","embeddable":true,"href":"https:\/\/www.wasserbassin.com\/site\/wp-json\/wp\/v2\/product_tag?post=19111"}],"curies":[{"name":"wp","href":"https:\/\/api.w.org\/{rel}","templated":true}]}}