{"id":19205,"date":"2024-01-22T17:17:46","date_gmt":"2024-01-22T17:17:46","guid":{"rendered":"https:\/\/www.wasserbassin.com\/site\/?post_type=product&#038;p=19205"},"modified":"2024-05-24T16:57:36","modified_gmt":"2024-05-24T15:57:36","slug":"mao-morta-ate-cair-as-primeiras-gravacoes-1985-1986-lp","status":"publish","type":"product","link":"https:\/\/www.wasserbassin.com\/site\/product\/mao-morta-ate-cair-as-primeiras-gravacoes-1985-1986-lp\/","title":{"rendered":"M\u00e3o Morta &#8211; At\u00e9 Cair: As Primeiras Grava\u200b\u00e7\u00f5es 1985\u200b-\u200b1986 &#8211; LP"},"content":{"rendered":"<p>Entre 1984 e 1986, antes de terem entrado pela primeira vez num est\u00fadio profissional, os<strong> M\u00e3o Morta<\/strong> tiveram um percurso de descoberta que foi fundamental para a cria\u00e7\u00e3o de um som muito pr\u00f3prio. Gravaram diversas demo-tapes, participaram em concursos e integraram novos m\u00fasicos. Este disco compila parte significativa desse percurso e pretende ser um retrato desses anos conturbados e de descoberta.<\/p>\n<p>Pela primeira vez desvendados, estes temas foram recuperados a partir de velhas cassetes que, inclusivamente, nalguns casos, n\u00e3o apresentavam a qualidade sonora ideal mas cujo valor documental merecia a sua edi\u00e7\u00e3o, num disco de inquestion\u00e1vel relevo, quer para os<span class=\"bcTruncateMore\"> apreciadores mais <span id=\"package_description_0\" class=\"peekaboo-text\">ac\u00e9rrimos da banda, quer para o mais comum dos mel\u00f3manos.<\/span><\/span><\/p>\n<p><strong>Garagem<br \/>\n<\/strong><\/p>\n","protected":false},"excerpt":{"rendered":"<p class=\"p1\"><strong>Garagem<\/strong><\/p>\n<hr \/>\n<p>Entre 1984 e 1986, antes de terem entrado pela primeira vez num est\u00fadio profissional, os<strong> M\u00e3o Morta<\/strong> tiveram um percurso de descoberta que foi fundamental para a cria\u00e7\u00e3o de um som muito pr\u00f3prio. Gravaram diversas demo-tapes, participaram em concursos e integraram novos m\u00fasicos. Este disco compila parte significativa desse percurso e pretende ser um retrato desses anos conturbados e de descoberta.<\/p>\n<p>Pela primeira vez desvendados, estes temas foram recuperados a partir de velhas cassetes que, inclusivamente, nalguns casos, n\u00e3o apresentavam a qualidade sonora ideal mas cujo valor documental merecia a sua edi\u00e7\u00e3o, num disco de inquestion\u00e1vel relevo, quer para os<span class=\"bcTruncateMore\"> apreciadores mais <span id=\"package_description_0\" class=\"peekaboo-text\">ac\u00e9rrimos da banda, quer para o mais comum dos mel\u00f3manos.<\/span><\/span><\/p>\n<p><a href=\"https:\/\/garagem2021.bandcamp.com\/album\/ate-cair-as-primeiras-grava-es-1985-1986\" target=\"_blank\" rel=\"noopener noreferrer\">\u25ba CLICK HERE TO LISTEN<\/a><\/p>\n<p class=\"p1\"><strong>\u00a0<\/strong><\/p>\n","protected":false},"featured_media":19198,"comment_status":"closed","ping_status":"closed","template":"","meta":[],"product_brand":[],"product_cat":[],"product_tag":[4544,4380],"class_list":{"0":"post-19205","1":"product","2":"type-product","3":"status-publish","4":"has-post-thumbnail","6":"product_tag-garagem","7":"product_tag-mao-morta","8":"product_shipping_class-lp","9":"pa_artist-mao-morta","10":"pa_genre-alternative_rock","11":"pa_genre-gothic","12":"pa_genre-indie","13":"pa_genre-rock","14":"pa_label-garagem","16":"first","17":"outofstock","18":"shipping-taxable","19":"purchasable","20":"product-type-simple"},"_links":{"self":[{"href":"https:\/\/www.wasserbassin.com\/site\/wp-json\/wp\/v2\/product\/19205","targetHints":{"allow":["GET"]}}],"collection":[{"href":"https:\/\/www.wasserbassin.com\/site\/wp-json\/wp\/v2\/product"}],"about":[{"href":"https:\/\/www.wasserbassin.com\/site\/wp-json\/wp\/v2\/types\/product"}],"replies":[{"embeddable":true,"href":"https:\/\/www.wasserbassin.com\/site\/wp-json\/wp\/v2\/comments?post=19205"}],"wp:featuredmedia":[{"embeddable":true,"href":"https:\/\/www.wasserbassin.com\/site\/wp-json\/wp\/v2\/media\/19198"}],"wp:attachment":[{"href":"https:\/\/www.wasserbassin.com\/site\/wp-json\/wp\/v2\/media?parent=19205"}],"wp:term":[{"taxonomy":"product_brand","embeddable":true,"href":"https:\/\/www.wasserbassin.com\/site\/wp-json\/wp\/v2\/product_brand?post=19205"},{"taxonomy":"product_cat","embeddable":true,"href":"https:\/\/www.wasserbassin.com\/site\/wp-json\/wp\/v2\/product_cat?post=19205"},{"taxonomy":"product_tag","embeddable":true,"href":"https:\/\/www.wasserbassin.com\/site\/wp-json\/wp\/v2\/product_tag?post=19205"}],"curies":[{"name":"wp","href":"https:\/\/api.w.org\/{rel}","templated":true}]}}