{"id":19513,"date":"2024-05-06T16:25:24","date_gmt":"2024-05-06T15:25:24","guid":{"rendered":"https:\/\/www.wasserbassin.com\/site\/?post_type=product&#038;p=19513"},"modified":"2024-05-06T16:45:52","modified_gmt":"2024-05-06T15:45:52","slug":"marina-otero-verzier-anastasia-kubrak-francisco-diaz-litio-estados-de-exaustao-book-livro","status":"publish","type":"product","link":"https:\/\/www.wasserbassin.com\/site\/product\/marina-otero-verzier-anastasia-kubrak-francisco-diaz-litio-estados-de-exaustao-book-livro\/","title":{"rendered":"Marina Otero Verzier, Anastasia Kubrak, Francisco D\u00edaz &#8211; L\u00edtio &#8211; Estados de Exaust\u00e3o &#8211; Book (Livro)"},"content":{"rendered":"<p>Desde que foram descobertas as suas qualidades, o l\u00edtio apresentou-se como cura para a exaust\u00e3o que a economia capitalista produz nos corpos. Prescrito desde 1817 para o tratamento de polaridades como a mania e a depress\u00e3o, hoje o l\u00edtio \u00e9 mais conhecido como elemento-chave da transi\u00e7\u00e3o para as energias renov\u00e1veis. Contudo, a depend\u00eancia crescente da sua extra\u00e7\u00e3o tem como consequ\u00eancia a degrada\u00e7\u00e3o e colapso de ecossistemas. Numa viagem atrav\u00e9s dos salares da Bol\u00edvia, das piscinas de evapora\u00e7\u00e3o no deserto do Atacama no Chile, e em balne\u00e1rios europeus, este livro transporta-nos para os sujeitos e objetos alimentados por este elemento extraordin\u00e1rio.<\/p>\n<p>Publicado e traduzido, por ocasi\u00e3o da exposi\u00e7\u00e3o <em>Desejos Compulsivos\u2014A Extra\u00e7\u00e3o do L\u00edtio<\/em> e as <em>Montanhas Rebeldes<\/em>, este livro re\u00fane argumentos de arquitetos, acad\u00e9micos, advogados, astr\u00f3nomos, bi\u00f3logos, fil\u00f3sofos, jornalistas e ativistas a prop\u00f3sito da extra\u00e7\u00e3o do l\u00edtio, da farmacologia e da sa\u00fade mental.<\/p>\n<div><strong>Dafne Editora<br \/>\n<\/strong><\/div>\n","protected":false},"excerpt":{"rendered":"<p><strong>Dafne Editora<br \/>\n<\/strong><\/p>\n<hr \/>\n<p>Desde que foram descobertas as suas qualidades, o l\u00edtio apresentou-se como cura para a exaust\u00e3o que a economia capitalista produz nos corpos. Prescrito desde 1817 para o tratamento de polaridades como a mania e a depress\u00e3o, hoje o l\u00edtio \u00e9 mais conhecido como elemento-chave da transi\u00e7\u00e3o para as energias renov\u00e1veis. Contudo, a depend\u00eancia crescente da sua extra\u00e7\u00e3o tem como consequ\u00eancia a degrada\u00e7\u00e3o e colapso de ecossistemas. Numa viagem atrav\u00e9s dos salares da Bol\u00edvia, das piscinas de evapora\u00e7\u00e3o no deserto do Atacama no Chile, e em balne\u00e1rios europeus, este livro transporta-nos para os sujeitos e objetos alimentados por este elemento extraordin\u00e1rio.<\/p>\n<p>Publicado e traduzido, por ocasi\u00e3o da exposi\u00e7\u00e3o <em>Desejos Compulsivos\u2014A Extra\u00e7\u00e3o do L\u00edtio<\/em> e as <em>Montanhas Rebeldes<\/em>, este livro re\u00fane argumentos de arquitetos, acad\u00e9micos, advogados, astr\u00f3nomos, bi\u00f3logos, fil\u00f3sofos, jornalistas e ativistas a prop\u00f3sito da extra\u00e7\u00e3o do l\u00edtio, da farmacologia e da sa\u00fade mental.<\/p>\n<p>&nbsp;<\/p>\n<p><strong>\u00a0<\/strong><\/p>\n","protected":false},"featured_media":19514,"comment_status":"closed","ping_status":"closed","template":"","meta":[],"product_brand":[],"product_cat":[],"product_tag":[980],"class_list":{"0":"post-19513","1":"product","2":"type-product","3":"status-publish","4":"has-post-thumbnail","6":"product_tag-dafne","7":"product_shipping_class-bookks","8":"pa_artist-various_artists","9":"pa_genre-architecture","10":"pa_genre-art","11":"pa_label-dafne","13":"first","14":"instock","15":"shipping-taxable","16":"purchasable","17":"product-type-simple"},"_links":{"self":[{"href":"https:\/\/www.wasserbassin.com\/site\/wp-json\/wp\/v2\/product\/19513","targetHints":{"allow":["GET"]}}],"collection":[{"href":"https:\/\/www.wasserbassin.com\/site\/wp-json\/wp\/v2\/product"}],"about":[{"href":"https:\/\/www.wasserbassin.com\/site\/wp-json\/wp\/v2\/types\/product"}],"replies":[{"embeddable":true,"href":"https:\/\/www.wasserbassin.com\/site\/wp-json\/wp\/v2\/comments?post=19513"}],"wp:featuredmedia":[{"embeddable":true,"href":"https:\/\/www.wasserbassin.com\/site\/wp-json\/wp\/v2\/media\/19514"}],"wp:attachment":[{"href":"https:\/\/www.wasserbassin.com\/site\/wp-json\/wp\/v2\/media?parent=19513"}],"wp:term":[{"taxonomy":"product_brand","embeddable":true,"href":"https:\/\/www.wasserbassin.com\/site\/wp-json\/wp\/v2\/product_brand?post=19513"},{"taxonomy":"product_cat","embeddable":true,"href":"https:\/\/www.wasserbassin.com\/site\/wp-json\/wp\/v2\/product_cat?post=19513"},{"taxonomy":"product_tag","embeddable":true,"href":"https:\/\/www.wasserbassin.com\/site\/wp-json\/wp\/v2\/product_tag?post=19513"}],"curies":[{"name":"wp","href":"https:\/\/api.w.org\/{rel}","templated":true}]}}