{"id":19520,"date":"2024-05-06T17:18:55","date_gmt":"2024-05-06T16:18:55","guid":{"rendered":"https:\/\/www.wasserbassin.com\/site\/?post_type=product&#038;p=19520"},"modified":"2026-04-29T17:17:07","modified_gmt":"2026-04-29T16:17:07","slug":"baden-powell-vinicius-de-moraes-os-afro-sambas-lp","status":"publish","type":"product","link":"https:\/\/www.wasserbassin.com\/site\/product\/baden-powell-vinicius-de-moraes-os-afro-sambas-lp\/","title":{"rendered":"Baden Powell &#038; Vin\u00edcius De Moraes &#8211; Os Afro-Sambas &#8211; LP"},"content":{"rendered":"<p>In January 1966, <strong>Baden Powell<\/strong> &amp; <strong>Vin\u00edcius de Moraes<\/strong> entered the studio, accompanied by producer Roberto Quartin (who was responsible for the<strong> Forma<\/strong> label), arranger Guerra Peixe and with a choir from the vocal group Quarteto em Cy.<\/p>\n<p>Then comes \u201c<strong>Os Afro-Sambas<\/strong>\u201d, a work that would become an anthological classic of Brazilian music, also being the first work in which typical Candombl\u00e9 instruments, atabaques, bongo, agog\u00f4 and afox\u00e9 are mixed with other traditional music instruments such as flute, guitar , sax, drums and double bass. Guerra Peixe gave the album a rustic sound, as if it were recorded in a terreiro, becoming one of the work&#8217;s trademarks!<\/p>\n<p>Masterpiece!<\/p>\n<p><strong>Forma<br \/>\n<\/strong><\/p>\n","protected":false},"excerpt":{"rendered":"<p><strong>Forma<\/strong><\/p>\n<hr \/>\n<div>\n<p>In January 1966, <strong>Baden Powell<\/strong> &amp; <strong>Vin\u00edcius de Moraes<\/strong> entered the studio, accompanied by producer Roberto Quartin (who was responsible for the<strong> Forma<\/strong> label), arranger Guerra Peixe and with a choir from the vocal group Quarteto em Cy.<\/p>\n<p>Then comes \u201c<strong>Os Afro-Sambas<\/strong>\u201d, a work that would become an anthological classic of Brazilian music, also being the first work in which typical Candombl\u00e9 instruments, atabaques, bongo, agog\u00f4 and afox\u00e9 are mixed with other traditional music instruments such as flute, guitar , sax, drums and double bass. Guerra Peixe gave the album a rustic sound, as if it were recorded in a terreiro, becoming one of the work&#8217;s trademarks!<\/p>\n<p>Masterpiece!<\/p>\n<\/div>\n<p><a href=\"https:\/\/www.youtube.com\/watch?v=UdhJNsWVXgo&amp;ab_channel=RioRecords\" target=\"_blank\" rel=\"noopener noreferrer\">\u25ba CLICK HERE TO LISTEN<\/a><\/p>\n<p><strong>\u00a0<\/strong><\/p>\n","protected":false},"featured_media":19521,"comment_status":"closed","ping_status":"closed","template":"","meta":[],"product_brand":[],"product_cat":[],"product_tag":[4802,4801,4803],"class_list":{"0":"post-19520","1":"product","2":"type-product","3":"status-publish","4":"has-post-thumbnail","6":"product_tag-baden-powell","7":"product_tag-forma","8":"product_tag-vinicius-de-moraes","9":"product_shipping_class-lp","10":"pa_artist-baden-powell","11":"pa_artist-vinicius-de-moraes","12":"pa_genre-bossa-nova","13":"pa_genre-mpb","14":"pa_genre-samba","15":"pa_label-forma","17":"first","18":"instock","19":"shipping-taxable","20":"purchasable","21":"product-type-simple"},"_links":{"self":[{"href":"https:\/\/www.wasserbassin.com\/site\/wp-json\/wp\/v2\/product\/19520","targetHints":{"allow":["GET"]}}],"collection":[{"href":"https:\/\/www.wasserbassin.com\/site\/wp-json\/wp\/v2\/product"}],"about":[{"href":"https:\/\/www.wasserbassin.com\/site\/wp-json\/wp\/v2\/types\/product"}],"replies":[{"embeddable":true,"href":"https:\/\/www.wasserbassin.com\/site\/wp-json\/wp\/v2\/comments?post=19520"}],"wp:featuredmedia":[{"embeddable":true,"href":"https:\/\/www.wasserbassin.com\/site\/wp-json\/wp\/v2\/media\/19521"}],"wp:attachment":[{"href":"https:\/\/www.wasserbassin.com\/site\/wp-json\/wp\/v2\/media?parent=19520"}],"wp:term":[{"taxonomy":"product_brand","embeddable":true,"href":"https:\/\/www.wasserbassin.com\/site\/wp-json\/wp\/v2\/product_brand?post=19520"},{"taxonomy":"product_cat","embeddable":true,"href":"https:\/\/www.wasserbassin.com\/site\/wp-json\/wp\/v2\/product_cat?post=19520"},{"taxonomy":"product_tag","embeddable":true,"href":"https:\/\/www.wasserbassin.com\/site\/wp-json\/wp\/v2\/product_tag?post=19520"}],"curies":[{"name":"wp","href":"https:\/\/api.w.org\/{rel}","templated":true}]}}