{"id":19537,"date":"2024-05-13T17:13:58","date_gmt":"2024-05-13T16:13:58","guid":{"rendered":"https:\/\/www.wasserbassin.com\/site\/?post_type=product&#038;p=19537"},"modified":"2025-05-04T02:09:22","modified_gmt":"2025-05-04T01:09:22","slug":"ojm-musicas-brasileiras-musicos-portugueses-2cd","status":"publish","type":"product","link":"https:\/\/www.wasserbassin.com\/site\/product\/ojm-musicas-brasileiras-musicos-portugueses-2cd\/","title":{"rendered":"OJM &#8211; M\u00fasicas Brasileiras, M\u00fasicos Portugueses &#8211; 2CD"},"content":{"rendered":"<p><strong>PT &#8211; <\/strong><\/p>\n<p>A <strong>Orquestra Jazz de Matosinhos<\/strong> est\u00e1 de regresso \u00e0s edi\u00e7\u00f5es com \u201c<strong>M\u00fasicas Brasileiras, M\u00fasicos Portugueses<\/strong>\u201d, um disco com curadoria de Zuza Homem de Mello, arranjos de alguns dos mais importantes compositores brasileireiros contempor\u00e2neos, com Kiko Freitas (bateria) e Gabi Guedes (percuss\u00e3o), e com a big band portuguesa dirigida por Pedro Guedes. \u201cM\u00fasicas Brasileiras, M\u00fasicos Portugueses\u201d \u00e9 editado em simult\u00e2neo em Portugal e no Brasil, atrav\u00e9s da reputada Biscoito Fino. O disco inclui cl\u00e1ssicos como \u201cCorcovado\u201d e \u201cWave\u201d (Ant\u00f3nio Carlos Jobim), \u201cCarinhoso\u201d (Pixinguinha),\u201cNan\u00e3 (Coisa n.\u00ba5)\u201d (Moacir dos Santos) e \u201cLinha de Passe\u201d (Jo\u00e3o Bosco) \u2013 tema que serve de apresenta\u00e7\u00e3o a este registo.<\/p>\n<p><strong>ENG &#8211;<\/strong><\/p>\n<p><strong>Orquestra Jazz de Matosinhos<\/strong> is back with \u201c<strong>M\u00fasicas Brasileiras, M\u00fasicos Portugueses<\/strong>\u201d, an album curated by Zuza Homem de Mello, arrangements by some of the most important contemporary Brazilian composers, with Kiko Freitas (drums) and Gabi Guedes (percussion ), and with the Portuguese big band directed by Pedro Guedes. \u201cM\u00fasicas Brasileiras, M\u00fasicos Portugueses\u201d is published simultaneously in Portugal and Brazil, through the renowned Biscoito Fino. The album includes classics such as \u201cCorcovado\u201d and \u201cWave\u201d (Ant\u00f3nio Carlos Jobim), \u201cCarinhoso\u201d (Pixinguinha), \u201cNan\u00e3 (Coisa n.\u00ba5)\u201d (Moacir dos Santos) and \u201cLinha de Passe\u201d (Jo\u00e3o Bosco) \u2013 theme that serves as the presentation of this record.<\/p>\n<p class=\"p1\"><strong>CARA-OJM<br \/>\n<\/strong><\/p>\n","protected":false},"excerpt":{"rendered":"<p class=\"p1\"><strong>CARA-OJM<\/strong><\/p>\n<hr \/>\n<p><strong>Orquestra Jazz de Matosinhos<\/strong> is back with \u201c<strong>M\u00fasicas Brasileiras, M\u00fasicos Portugueses<\/strong>\u201d, an album curated by Zuza Homem de Mello, arrangements by some of the most important contemporary Brazilian composers, with Kiko Freitas (drums) and Gabi Guedes (percussion ), and with the Portuguese big band directed by Pedro Guedes. \u201cM\u00fasicas Brasileiras, M\u00fasicos Portugueses\u201d is published simultaneously in Portugal and Brazil, through the renowned Biscoito Fino. The album includes classics such as \u201cCorcovado\u201d and \u201cWave\u201d (Ant\u00f3nio Carlos Jobim), \u201cCarinhoso\u201d (Pixinguinha), \u201cNan\u00e3 (Coisa n.\u00ba5)\u201d (Moacir dos Santos) and \u201cLinha de Passe\u201d (Jo\u00e3o Bosco) \u2013 theme that serves as the presentation of this record.<\/p>\n<p class=\"p1\"><a title=\"See the Video\" href=\"https:\/\/www.youtube.com\/playlist?list=OLAK5uy_knG3UzMnowC555r4RQ3hzb5ZYYRJt0o04\" target=\"_blank\" rel=\"noopener noreferrer\">\u25ba CLICK HERE TO LISTEN<\/a><\/p>\n","protected":false},"featured_media":19540,"comment_status":"closed","ping_status":"closed","template":"","meta":[],"product_brand":[],"product_cat":[],"product_tag":[4808,2840],"class_list":{"0":"post-19537","1":"product","2":"type-product","3":"status-publish","4":"has-post-thumbnail","6":"product_tag-cara-ojm","7":"product_tag-ojm","8":"product_shipping_class-cd","9":"pa_artist-ojm","10":"pa_genre-bossa-nova","11":"pa_genre-jazz","12":"pa_genre-latin-jazz","13":"pa_genre-samba","14":"pa_label-cara-ojm","16":"first","17":"instock","18":"shipping-taxable","19":"purchasable","20":"product-type-simple"},"_links":{"self":[{"href":"https:\/\/www.wasserbassin.com\/site\/wp-json\/wp\/v2\/product\/19537","targetHints":{"allow":["GET"]}}],"collection":[{"href":"https:\/\/www.wasserbassin.com\/site\/wp-json\/wp\/v2\/product"}],"about":[{"href":"https:\/\/www.wasserbassin.com\/site\/wp-json\/wp\/v2\/types\/product"}],"replies":[{"embeddable":true,"href":"https:\/\/www.wasserbassin.com\/site\/wp-json\/wp\/v2\/comments?post=19537"}],"wp:featuredmedia":[{"embeddable":true,"href":"https:\/\/www.wasserbassin.com\/site\/wp-json\/wp\/v2\/media\/19540"}],"wp:attachment":[{"href":"https:\/\/www.wasserbassin.com\/site\/wp-json\/wp\/v2\/media?parent=19537"}],"wp:term":[{"taxonomy":"product_brand","embeddable":true,"href":"https:\/\/www.wasserbassin.com\/site\/wp-json\/wp\/v2\/product_brand?post=19537"},{"taxonomy":"product_cat","embeddable":true,"href":"https:\/\/www.wasserbassin.com\/site\/wp-json\/wp\/v2\/product_cat?post=19537"},{"taxonomy":"product_tag","embeddable":true,"href":"https:\/\/www.wasserbassin.com\/site\/wp-json\/wp\/v2\/product_tag?post=19537"}],"curies":[{"name":"wp","href":"https:\/\/api.w.org\/{rel}","templated":true}]}}