{"id":19544,"date":"2024-05-13T18:35:20","date_gmt":"2024-05-13T17:35:20","guid":{"rendered":"https:\/\/www.wasserbassin.com\/site\/?post_type=product&#038;p=19544"},"modified":"2026-03-03T14:18:06","modified_gmt":"2026-03-03T14:18:06","slug":"carlos-maria-trindade-nuno-canavarro-mr-wollogallu-lp-repress","status":"publish","type":"product","link":"https:\/\/www.wasserbassin.com\/site\/product\/carlos-maria-trindade-nuno-canavarro-mr-wollogallu-lp-repress\/","title":{"rendered":"Carlos Maria Trindade \/ Nuno Canavarro &#8211; Mr. Wollogallu &#8211; LP (Repress)"},"content":{"rendered":"<p><strong>Urpa i musell<\/strong> feels very fortunate to announce the reprint of its second release (reissued in 2018), the first ever vinyl reissue of &#8220;<strong>Mr. Wollogallu<\/strong>&#8220;, the collaboration album between <strong>Carlos Maria Trindade<\/strong> and <strong>Nuno Canavarro<\/strong> originally released in Portugal on Uni\u00e3o Lisboa, Produ\u00e7\u00f5es Audiovisuais Lda. in 1991.<\/p>\n<p><strong>Carlos Maria<\/strong> and <strong>Nuno<\/strong> created everlasting music that contains an undeniable, enchanting mystery. &#8220;<strong>Mr. Wollogallu<\/strong>&#8221; features sophisticated, adventurous soundscapes that depict, in a manner both blurry and clear at the same time, ancient maps, distant travels and evocative landscapes, an alchemy of the acoustic and the electronic, created using techniques that were unusual at the time.<\/p>\n<p>The reissue includes the remastered album, with the original artwork and a new insert, in which Mia B. gives an insightful view of &#8220;<strong>Mr. Wollogallu<\/strong>&#8220;\u2019s conception.<\/p>\n<p><strong>Urpa i musell<\/strong><\/p>\n","protected":false},"excerpt":{"rendered":"<p><strong>Urpa i musell<\/strong><\/p>\n<hr \/>\n<p><strong>Urpa i musell<\/strong> feels very fortunate to announce the reprint of its second release (reissued in 2018), the first ever vinyl reissue of &#8220;<strong>Mr. Wollogallu<\/strong>&#8220;, the collaboration album between <strong>Carlos Maria Trindade<\/strong> and <strong>Nuno Canavarro<\/strong> originally released in Portugal on Uni\u00e3o Lisboa, Produ\u00e7\u00f5es Audiovisuais Lda. in 1991.<\/p>\n<p><strong>Carlos Maria<\/strong> and <strong>Nuno<\/strong> created everlasting music that contains an undeniable, enchanting mystery. &#8220;<strong>Mr. Wollogallu<\/strong>&#8221; features sophisticated, adventurous soundscapes that depict, in a manner both blurry and clear at the same time, ancient maps, distant travels and evocative landscapes, an alchemy of the acoustic and the electronic, created using techniques that were unusual at the time.<\/p>\n<p>The reissue includes the remastered album, with the original artwork and a new insert, in which Mia B. gives an insightful view of &#8220;<strong>Mr. Wollogallu<\/strong>&#8220;\u2019s conception.<\/p>\n<p><a href=\"https:\/\/www.youtube.com\/playlist?list=OLAK5uy_lqfa7MHv4A1bCm1qVfccEhvbQYRLGVDxM\" target=\"_blank\" rel=\"noopener noreferrer\">\u25ba CLICK HERE TO LISTEN<\/a><\/p>\n<p><strong>\u00a0<\/strong><\/p>\n","protected":false},"featured_media":19545,"comment_status":"closed","ping_status":"closed","template":"","meta":[],"product_brand":[],"product_cat":[],"product_tag":[2261,2263,2164,2262],"class_list":{"0":"post-19544","1":"product","2":"type-product","3":"status-publish","4":"has-post-thumbnail","6":"product_tag-carlos-maria-trindade","7":"product_tag-mr-wollogallu","8":"product_tag-nuno-canavarro","9":"product_tag-urpa-i-musell","10":"product_shipping_class-lp","11":"pa_artist-carlos-maria-trindade","12":"pa_artist-nuno-canavarro","13":"pa_genre-electronics","14":"pa_genre-experimental","15":"pa_genre-new_age","16":"pa_label-urpa-i-musell","18":"first","19":"instock","20":"shipping-taxable","21":"purchasable","22":"product-type-simple"},"_links":{"self":[{"href":"https:\/\/www.wasserbassin.com\/site\/wp-json\/wp\/v2\/product\/19544","targetHints":{"allow":["GET"]}}],"collection":[{"href":"https:\/\/www.wasserbassin.com\/site\/wp-json\/wp\/v2\/product"}],"about":[{"href":"https:\/\/www.wasserbassin.com\/site\/wp-json\/wp\/v2\/types\/product"}],"replies":[{"embeddable":true,"href":"https:\/\/www.wasserbassin.com\/site\/wp-json\/wp\/v2\/comments?post=19544"}],"wp:featuredmedia":[{"embeddable":true,"href":"https:\/\/www.wasserbassin.com\/site\/wp-json\/wp\/v2\/media\/19545"}],"wp:attachment":[{"href":"https:\/\/www.wasserbassin.com\/site\/wp-json\/wp\/v2\/media?parent=19544"}],"wp:term":[{"taxonomy":"product_brand","embeddable":true,"href":"https:\/\/www.wasserbassin.com\/site\/wp-json\/wp\/v2\/product_brand?post=19544"},{"taxonomy":"product_cat","embeddable":true,"href":"https:\/\/www.wasserbassin.com\/site\/wp-json\/wp\/v2\/product_cat?post=19544"},{"taxonomy":"product_tag","embeddable":true,"href":"https:\/\/www.wasserbassin.com\/site\/wp-json\/wp\/v2\/product_tag?post=19544"}],"curies":[{"name":"wp","href":"https:\/\/api.w.org\/{rel}","templated":true}]}}