{"id":19920,"date":"2024-10-01T17:14:38","date_gmt":"2024-10-01T16:14:38","guid":{"rendered":"https:\/\/www.wasserbassin.com\/site\/?post_type=product&#038;p=19920"},"modified":"2026-03-23T18:55:41","modified_gmt":"2026-03-23T18:55:41","slug":"joao-donato-eletrico-lp","status":"publish","type":"product","link":"https:\/\/www.wasserbassin.com\/site\/product\/joao-donato-eletrico-lp\/","title":{"rendered":"Jo\u00e3o Donato &#8211; El\u00e9trico &#8211; LP"},"content":{"rendered":"<p><strong>Jo\u00e3o Donato<\/strong> needs no presentation!\u00a0 Albums like <em>A Bad Donato<\/em>, <em>Quem \u00e9 Quem<\/em> or <em>Lugar Comum<\/em>\u00a0 are legendary.<\/p>\n<p>In &#8220;<strong>El\u00e9trico<\/strong>&#8221; we find<strong> Jo\u00e3o Donato<\/strong> returning to his Tropical Jazz Funk Groove original style. For this release, <strong>Donato<\/strong> invited young musicians from S\u00e3o Paulo, with whom he had already been working on the idea of a new project, and who helped him recreate the original atmosphere of \u201cQuem \u00e9 Quem\u201d, full of grooves, whose essence was in the <strong>Jo\u00e3o<\/strong>\u2019s electric piano.<\/p>\n<p>Essential!<\/p>\n<p><strong>Comets Coming<br \/>\n<\/strong><\/p>\n","protected":false},"excerpt":{"rendered":"<p><strong>Comets Coming<br \/>\n<\/strong><\/p>\n<hr \/>\n<p><strong>Jo\u00e3o Donato<\/strong> needs no presentation!\u00a0 Albums like <em>A Bad Donato<\/em>, <em>Quem \u00e9 Quem<\/em> or <em>Lugar Comum<\/em>\u00a0 are legendary.<\/p>\n<p>In &#8220;<strong>El\u00e9trico<\/strong>&#8221; we find<strong> Jo\u00e3o Donato<\/strong> returning to his Tropical Jazz Funk Groove original style. For this release, <strong>Donato<\/strong> invited young musicians from S\u00e3o Paulo, with whom he had already been working on the idea of a new project, and who helped him recreate the original atmosphere of \u201cQuem \u00e9 Quem\u201d, full of grooves, whose essence was in the <strong>Jo\u00e3o<\/strong>\u2019s electric piano.<\/p>\n<p>Essential!<\/p>\n<p><a href=\"https:\/\/www.youtube.com\/watch?v=tlQr2vxESsM&amp;list=PL0yV0tVYYHfg4Qn8ij2BGSGzo4poJxMpx&amp;ab_channel=Jo%C3%A3oDonato-Topic\" target=\"_blank\" rel=\"noopener noreferrer\">\u25ba CLICK HERE TO LISTEN<\/a><\/p>\n","protected":false},"featured_media":19921,"comment_status":"closed","ping_status":"closed","template":"","meta":[],"product_brand":[],"product_cat":[],"product_tag":[3974,4886],"class_list":{"0":"post-19920","1":"product","2":"type-product","3":"status-publish","4":"has-post-thumbnail","6":"product_tag-comets-coming","7":"product_tag-joao-donato","8":"product_shipping_class-lp","9":"pa_artist-joao-donato","10":"pa_genre-funk","11":"pa_genre-latin-jazz","12":"pa_genre-soul","13":"pa_label-comets-coming","15":"first","16":"instock","17":"shipping-taxable","18":"purchasable","19":"product-type-simple"},"_links":{"self":[{"href":"https:\/\/www.wasserbassin.com\/site\/wp-json\/wp\/v2\/product\/19920","targetHints":{"allow":["GET"]}}],"collection":[{"href":"https:\/\/www.wasserbassin.com\/site\/wp-json\/wp\/v2\/product"}],"about":[{"href":"https:\/\/www.wasserbassin.com\/site\/wp-json\/wp\/v2\/types\/product"}],"replies":[{"embeddable":true,"href":"https:\/\/www.wasserbassin.com\/site\/wp-json\/wp\/v2\/comments?post=19920"}],"wp:featuredmedia":[{"embeddable":true,"href":"https:\/\/www.wasserbassin.com\/site\/wp-json\/wp\/v2\/media\/19921"}],"wp:attachment":[{"href":"https:\/\/www.wasserbassin.com\/site\/wp-json\/wp\/v2\/media?parent=19920"}],"wp:term":[{"taxonomy":"product_brand","embeddable":true,"href":"https:\/\/www.wasserbassin.com\/site\/wp-json\/wp\/v2\/product_brand?post=19920"},{"taxonomy":"product_cat","embeddable":true,"href":"https:\/\/www.wasserbassin.com\/site\/wp-json\/wp\/v2\/product_cat?post=19920"},{"taxonomy":"product_tag","embeddable":true,"href":"https:\/\/www.wasserbassin.com\/site\/wp-json\/wp\/v2\/product_tag?post=19920"}],"curies":[{"name":"wp","href":"https:\/\/api.w.org\/{rel}","templated":true}]}}