{"id":20041,"date":"2024-11-05T12:16:24","date_gmt":"2024-11-05T12:16:24","guid":{"rendered":"https:\/\/www.wasserbassin.com\/site\/?post_type=product&#038;p=20041"},"modified":"2025-06-08T04:50:39","modified_gmt":"2025-06-08T03:50:39","slug":"africa-negra-antologia-vol-2-2lp","status":"publish","type":"product","link":"https:\/\/www.wasserbassin.com\/site\/product\/africa-negra-antologia-vol-2-2lp\/","title":{"rendered":"\u00c1frica Negra &#8211; Antologia Vol.2 &#8211; 2LP"},"content":{"rendered":"<p>Continuing their exploration of S\u00e3o Tom\u00e9 and Pr\u00edncipe with DJ Tom B., <strong>Les Disques Bongo Joe<\/strong> proudly announces the release of <strong>\u00c1frica Negra<\/strong>&#8216;s, &#8220;<strong>Anthology Vol. 2.<\/strong>&#8220;.\u00a0 Thirteen tracks were carefully selected and remasteredfor this volume, digitized from studio tapes by their tour manager. The album includes a booklet with updated liner notes and vintage photos of the group.<\/p>\n<p><strong>Les Disques Bongo Joe<\/strong><\/p>\n<p><strong>\u00a0<\/strong><\/p>\n","protected":false},"excerpt":{"rendered":"<p><strong>Les Disques Bongo Joe<\/strong><\/p>\n<hr \/>\n<p>Continuing their exploration of S\u00e3o Tom\u00e9 and Pr\u00edncipe with DJ Tom B., <strong>Les Disques Bongo Joe<\/strong> proudly announces the release of <strong>\u00c1frica Negra<\/strong>&#8216;s, &#8220;<strong>Anthology Vol. 2.<\/strong>&#8220;.\u00a0 Thirteen tracks were carefully selected and remasteredfor this volume, digitized from studio tapes by their tour manager. The album includes a booklet with updated liner notes and vintage photos of the group.<\/p>\n<p><a title=\"See the Video\" href=\"https:\/\/www.youtube.com\/playlist?list=OLAK5uy_kfpmKMdjkDFpkuK5ELqhZ6_SKfIgAbth0\" target=\"_blank\" rel=\"noopener noreferrer\">\u25ba CLICK HERE TO LISTEN<\/a><\/p>\n<p>&nbsp;<\/p>\n<p>&nbsp;<\/p>\n<p><strong>\u00a0<\/strong><\/p>\n","protected":false},"featured_media":20040,"comment_status":"closed","ping_status":"closed","template":"","meta":[],"product_brand":[],"product_cat":[],"product_tag":[2814,1694],"class_list":{"0":"post-20041","1":"product","2":"type-product","3":"status-publish","4":"has-post-thumbnail","6":"product_tag-africa-negra","7":"product_tag-les-disques-bongo-joe","8":"product_shipping_class-lp","9":"pa_artist-africa-negra","10":"pa_genre-coladera","11":"pa_genre-funana","12":"pa_genre-merengue","13":"pa_label-les-disques-bongo-joe","15":"first","16":"outofstock","17":"shipping-taxable","18":"purchasable","19":"product-type-simple"},"_links":{"self":[{"href":"https:\/\/www.wasserbassin.com\/site\/wp-json\/wp\/v2\/product\/20041","targetHints":{"allow":["GET"]}}],"collection":[{"href":"https:\/\/www.wasserbassin.com\/site\/wp-json\/wp\/v2\/product"}],"about":[{"href":"https:\/\/www.wasserbassin.com\/site\/wp-json\/wp\/v2\/types\/product"}],"replies":[{"embeddable":true,"href":"https:\/\/www.wasserbassin.com\/site\/wp-json\/wp\/v2\/comments?post=20041"}],"wp:featuredmedia":[{"embeddable":true,"href":"https:\/\/www.wasserbassin.com\/site\/wp-json\/wp\/v2\/media\/20040"}],"wp:attachment":[{"href":"https:\/\/www.wasserbassin.com\/site\/wp-json\/wp\/v2\/media?parent=20041"}],"wp:term":[{"taxonomy":"product_brand","embeddable":true,"href":"https:\/\/www.wasserbassin.com\/site\/wp-json\/wp\/v2\/product_brand?post=20041"},{"taxonomy":"product_cat","embeddable":true,"href":"https:\/\/www.wasserbassin.com\/site\/wp-json\/wp\/v2\/product_cat?post=20041"},{"taxonomy":"product_tag","embeddable":true,"href":"https:\/\/www.wasserbassin.com\/site\/wp-json\/wp\/v2\/product_tag?post=20041"}],"curies":[{"name":"wp","href":"https:\/\/api.w.org\/{rel}","templated":true}]}}