{"id":20154,"date":"2024-12-10T00:57:17","date_gmt":"2024-12-10T00:57:17","guid":{"rendered":"https:\/\/www.wasserbassin.com\/site\/?post_type=product&#038;p=20154"},"modified":"2025-07-03T08:29:28","modified_gmt":"2025-07-03T07:29:28","slug":"v-a-calafonas-music-from-the-azorean-and-portuguese-diaspora-1970s-1980s-lp","status":"publish","type":"product","link":"https:\/\/www.wasserbassin.com\/site\/product\/v-a-calafonas-music-from-the-azorean-and-portuguese-diaspora-1970s-1980s-lp\/","title":{"rendered":"V\/A &#8211; Calafonas: Music From The Azorean And Portuguese Diaspora 1970\u2019s-1980\u2019s &#8211; LP"},"content":{"rendered":"<p>Release of &#8220;<strong>Calafonas: Music from the Azorean and Portuguese Diaspora 1970\u2019s-1980\u2019s<\/strong>&#8220;: A Musical Rediscovery of Azorean Communities in North America<\/p>\n<p>It is almost a common saying that no Azorean family is without a relative or friend who has emigrated to Canada or the USA. However, when it comes to the cultural and musical production of the Azorean diaspora, collective memory often focuses on a few well-known <span id=\"package_description_0\" class=\"peekaboo-text\">names like Jorge Ferreira, Nelly Furtado, Nuno Bettencourt, and Sandro G. Yet, between the 1970s and 1980s, a vibrant musical scene emerged from emigrant communities in the US<\/span><span class=\"bcTruncateMore\"><span id=\"package_description_0\" class=\"peekaboo-text\"> and Canada that has been largely forgotten\u2014until now.<\/p>\n<p>&#8220;<strong>Calafonas: Music from the Azorean and Portuguese Diaspora 1970\u2019s-1980\u2019s<\/strong>&#8221; is a compilation that seeks to revive this rich history, bringing to light 9 carefully selected tracks from original vinyl records. The musical selection and the concept of the album were curated by the azorean <strong>DJ Milhafre<\/strong>. This limited edition, with only 300 physical copies on vinyl and a digital release, offers a new perspective on the musical output of the Azorean diaspora.<\/p>\n<p>The term &#8220;Calafonas&#8221;, as explained in F\u00e1tima Sequeira Dias&#8217; Dicion\u00e1rio Sentimental da Ilha de S\u00e3o Miguel, humorously refers to Azorean emigrants returning from the USA, with a playful nod to California. However, the music in this collection goes far beyond simple caricature. It reflects a generation of young emigrants who, immersed in North American modernity, transformed their parents&#8217; traditional folk and acoustic roots into new musical expressions like pop, rock, new wave, disco, and funk.<\/p>\n<p>Through this compilation, we invite the public to rediscover this forgotten part of Azorean and Portuguese musical history, fostering a renewed connection between present generations and the Portuguese descendant communities across North America. <\/span><\/span><\/p>\n<p><strong>Discos Milhafre<br \/>\n<\/strong><\/p>\n","protected":false},"excerpt":{"rendered":"<p><strong>Discos Milhafre<br \/>\n<\/strong><\/p>\n<hr \/>\n<p><span class=\"bcTruncateMore\"><span id=\"package_description_0\" class=\"peekaboo-text\">&#8220;<strong>Calafonas: Music from the Azorean and Portuguese Diaspora 1970\u2019s-1980\u2019s<\/strong>&#8221; is a compilation that seeks to revive this rich history, bringing to light 9 carefully selected tracks from original vinyl records. The musical selection and the concept of the album were curated by the azorean <strong>DJ Milhafre<\/strong>. This limited edition, with only 300 physical copies on vinyl and a digital release, offers a new perspective on the musical output of the Azorean diaspora.<\/p>\n<p>The term &#8220;Calafonas&#8221;, as explained in F\u00e1tima Sequeira Dias&#8217; Dicion\u00e1rio Sentimental da Ilha de S\u00e3o Miguel, humorously refers to Azorean emigrants returning from the USA, with a playful nod to California. However, the music in this collection goes far beyond simple caricature. It reflects a generation of young emigrants who, immersed in North American modernity, transformed their parents&#8217; traditional folk and acoustic roots into new musical expressions like pop, rock, new wave, disco, and funk.<\/span><\/span><\/p>\n<p><a title=\"See the Video\" href=\"https:\/\/www.youtube.com\/watch?v=qYHTZYuL0Ek&amp;ab_channel=DiscosMilhafre\" target=\"_blank\" rel=\"noopener noreferrer\">\u25ba CLICK HERE TO LISTEN<\/a><\/p>\n","protected":false},"featured_media":20155,"comment_status":"closed","ping_status":"closed","template":"","meta":[],"product_brand":[],"product_cat":[],"product_tag":[4946,4945],"class_list":{"0":"post-20154","1":"product","2":"type-product","3":"status-publish","4":"has-post-thumbnail","6":"product_tag-calafonas","7":"product_tag-discos-milhafre","8":"product_shipping_class-lp","9":"pa_artist-dj-milhafre","10":"pa_artist-various_artists","11":"pa_genre-boogie","12":"pa_genre-disco","13":"pa_genre-pop","14":"pa_label-discos-milhafre","16":"first","17":"outofstock","18":"shipping-taxable","19":"purchasable","20":"product-type-simple"},"_links":{"self":[{"href":"https:\/\/www.wasserbassin.com\/site\/wp-json\/wp\/v2\/product\/20154","targetHints":{"allow":["GET"]}}],"collection":[{"href":"https:\/\/www.wasserbassin.com\/site\/wp-json\/wp\/v2\/product"}],"about":[{"href":"https:\/\/www.wasserbassin.com\/site\/wp-json\/wp\/v2\/types\/product"}],"replies":[{"embeddable":true,"href":"https:\/\/www.wasserbassin.com\/site\/wp-json\/wp\/v2\/comments?post=20154"}],"wp:featuredmedia":[{"embeddable":true,"href":"https:\/\/www.wasserbassin.com\/site\/wp-json\/wp\/v2\/media\/20155"}],"wp:attachment":[{"href":"https:\/\/www.wasserbassin.com\/site\/wp-json\/wp\/v2\/media?parent=20154"}],"wp:term":[{"taxonomy":"product_brand","embeddable":true,"href":"https:\/\/www.wasserbassin.com\/site\/wp-json\/wp\/v2\/product_brand?post=20154"},{"taxonomy":"product_cat","embeddable":true,"href":"https:\/\/www.wasserbassin.com\/site\/wp-json\/wp\/v2\/product_cat?post=20154"},{"taxonomy":"product_tag","embeddable":true,"href":"https:\/\/www.wasserbassin.com\/site\/wp-json\/wp\/v2\/product_tag?post=20154"}],"curies":[{"name":"wp","href":"https:\/\/api.w.org\/{rel}","templated":true}]}}