{"id":20170,"date":"2024-12-15T23:11:03","date_gmt":"2024-12-15T23:11:03","guid":{"rendered":"https:\/\/www.wasserbassin.com\/site\/?post_type=product&#038;p=20170"},"modified":"2024-12-15T23:21:18","modified_gmt":"2024-12-15T23:21:18","slug":"paulo-moreira-aprender-a-desaprender-livro-book","status":"publish","type":"product","link":"https:\/\/www.wasserbassin.com\/site\/product\/paulo-moreira-aprender-a-desaprender-livro-book\/","title":{"rendered":"Paulo Moreira &#8211; Aprender A Desaprender &#8211; Livro (Book)"},"content":{"rendered":"<p>Este livro nasceu com o prop\u00f3sito de especular sobre respostas poss\u00edveis a algumas quest\u00f5es: Como \u00e9 que o campo disciplinar da arquitetura pode oferecer abordagens para a descoloniza\u00e7\u00e3o do presente? Que m\u00e9todos podemos empregar para posicionar a arquitetura no debate sobre a descoloniza\u00e7\u00e3o? E, pensando numa pedagogia transformadora, como podemos reimaginar institui\u00e7\u00f5es ligadas \u00e0 arquitetura, e as suas formas de atua\u00e7\u00e3o?<\/p>\n<div><strong>Dafne Editora<br \/>\n<\/strong><\/div>\n","protected":false},"excerpt":{"rendered":"<p><strong>Dafne Editora<\/strong><\/p>\n<hr \/>\n<p>Este livro nasceu com o prop\u00f3sito de especular sobre respostas poss\u00edveis a algumas quest\u00f5es: Como \u00e9 que o campo disciplinar da arquitetura pode oferecer abordagens para a descoloniza\u00e7\u00e3o do presente? Que m\u00e9todos podemos empregar para posicionar a arquitetura no debate sobre a descoloniza\u00e7\u00e3o? E, pensando numa pedagogia transformadora, como podemos reimaginar institui\u00e7\u00f5es ligadas \u00e0 arquitetura, e as suas formas de atua\u00e7\u00e3o?<\/p>\n<p>&nbsp;<\/p>\n<p>&nbsp;<\/p>\n<p><strong>\u00a0<\/strong><\/p>\n","protected":false},"featured_media":20171,"comment_status":"closed","ping_status":"closed","template":"","meta":[],"product_brand":[],"product_cat":[],"product_tag":[980,4951],"class_list":{"0":"post-20170","1":"product","2":"type-product","3":"status-publish","4":"has-post-thumbnail","6":"product_tag-dafne","7":"product_tag-paulo-moreira","8":"product_shipping_class-bookks","9":"pa_artist-paulo-moreira","10":"pa_genre-architecture","11":"pa_genre-art","12":"pa_label-dafne","14":"first","15":"instock","16":"shipping-taxable","17":"purchasable","18":"product-type-simple"},"_links":{"self":[{"href":"https:\/\/www.wasserbassin.com\/site\/wp-json\/wp\/v2\/product\/20170","targetHints":{"allow":["GET"]}}],"collection":[{"href":"https:\/\/www.wasserbassin.com\/site\/wp-json\/wp\/v2\/product"}],"about":[{"href":"https:\/\/www.wasserbassin.com\/site\/wp-json\/wp\/v2\/types\/product"}],"replies":[{"embeddable":true,"href":"https:\/\/www.wasserbassin.com\/site\/wp-json\/wp\/v2\/comments?post=20170"}],"wp:featuredmedia":[{"embeddable":true,"href":"https:\/\/www.wasserbassin.com\/site\/wp-json\/wp\/v2\/media\/20171"}],"wp:attachment":[{"href":"https:\/\/www.wasserbassin.com\/site\/wp-json\/wp\/v2\/media?parent=20170"}],"wp:term":[{"taxonomy":"product_brand","embeddable":true,"href":"https:\/\/www.wasserbassin.com\/site\/wp-json\/wp\/v2\/product_brand?post=20170"},{"taxonomy":"product_cat","embeddable":true,"href":"https:\/\/www.wasserbassin.com\/site\/wp-json\/wp\/v2\/product_cat?post=20170"},{"taxonomy":"product_tag","embeddable":true,"href":"https:\/\/www.wasserbassin.com\/site\/wp-json\/wp\/v2\/product_tag?post=20170"}],"curies":[{"name":"wp","href":"https:\/\/api.w.org\/{rel}","templated":true}]}}