{"id":20174,"date":"2024-12-15T23:28:08","date_gmt":"2024-12-15T23:28:08","guid":{"rendered":"https:\/\/www.wasserbassin.com\/site\/?post_type=product&#038;p=20174"},"modified":"2024-12-15T23:50:38","modified_gmt":"2024-12-15T23:50:38","slug":"domingos-tavares-cidade-de-pedra-livro-book","status":"publish","type":"product","link":"https:\/\/www.wasserbassin.com\/site\/product\/domingos-tavares-cidade-de-pedra-livro-book\/","title":{"rendered":"Domingos Tavares &#8211; Cidade De Pedra &#8211; Livro (Book)"},"content":{"rendered":"<p><strong>O granito \u00e9 a pedra que d\u00e1 cor \u00e0 cidade do Porto. Desde que as primeiras comunidades se instalaram nas margens do rio Douro, nas vertentes rochosas a caminho da foz da maior bacia hidrogr\u00e1fica da Pen\u00ednsula Ib\u00e9rica, este lugar foi permanentemente habitado<\/strong>. Seguindo o modelo das feitorias fen\u00edcias, o castro deu lugar \u00e0 cidade romana e h\u00e1 fragmentos que permitem entrever como essas origens de povoamento foram a matriz de um burgo episcopal, que, por sua vez, se consolidou numa cidade burguesa. Nas praias fluviais da Ribeira e Miragaia, da constru\u00e7\u00e3o naval e do com\u00e9rcio internacional, a rela\u00e7\u00e3o privilegiada com o oceano forjou uma cultura que n\u00e3o cessou de se expandir no quadro da civiliza\u00e7\u00e3o europeia. E em cada momento desse processo, por desejo e fortuna dos seus habitantes, as casas ricas e modestas teceram rela\u00e7\u00f5es complexas com a topografia do lugar. Os monumentos e os tra\u00e7ados das ruas encenaram perspectivas poderosas e imagens surpreendentes. A arquitectura deu forma \u00e0 cidade e foi matriz da sua identidade.<\/p>\n<p>Este livro reconstitui uma hist\u00f3ria urbana do Porto a partir das pr\u00e1ticas edificat\u00f3rias que lhe deram forma. Observa os vest\u00edgios arquitect\u00f3nicos que permaneceram para interpretar o g\u00e9nio construtivo daqueles que, paulatinamente, imaginaram e reinventaram a cidade no tempo longo da sua gesta\u00e7\u00e3o. O retrato que emerge \u00e9 o de um conjunto coerente, capaz de absorver as suas pr\u00f3prias contradi\u00e7\u00f5es, \u00eaxitos e fracassos, compreendendo que as ambi\u00e7\u00f5es e expectativas de cada tempo se tornam naturalmente transit\u00f3rias, mas incorporam e consolidam uma unidade formal singular. A arquitectura e a hist\u00f3ria do Porto, concatenadas nas p\u00e1ginas deste livro, s\u00e3o a express\u00e3o dessa cultura comum.<\/p>\n<p>Este livro foi co-editado pela Dafne Editora e pelo Centro de Estudos de Arquitectura e Urbanismo da Faculdade de Arquitectura da Universidade do Porto, com o apoio da C\u00e2mara Municipal do Porto.<br \/>\nEste trabalho foi financiado por fundos nacionais atrave\u0301s da FCT \u2014 Fundac\u0327a\u0303o para a Cie\u0302ncia e a Tecnologia, I.P., no a\u0302mbito do projeto UIDB\/00145\/2020.<\/p>\n<div><strong>Dafne Editora<br \/>\n<\/strong><\/div>\n","protected":false},"excerpt":{"rendered":"<p><strong>Dafne Editora<\/strong><\/p>\n<hr \/>\n<p>Este livro reconstitui uma hist\u00f3ria urbana do Porto a partir das pr\u00e1ticas edificat\u00f3rias que lhe deram forma. Observa os vest\u00edgios arquitect\u00f3nicos que permaneceram para interpretar o g\u00e9nio construtivo daqueles que, paulatinamente, imaginaram e reinventaram a cidade no tempo longo da sua gesta\u00e7\u00e3o. O retrato que emerge \u00e9 o de um conjunto coerente, capaz de absorver as suas pr\u00f3prias contradi\u00e7\u00f5es, \u00eaxitos e fracassos, compreendendo que as ambi\u00e7\u00f5es e expectativas de cada tempo se tornam naturalmente transit\u00f3rias, mas incorporam e consolidam uma unidade formal singular. A arquitectura e a hist\u00f3ria do Porto, concatenadas nas p\u00e1ginas deste livro, s\u00e3o a express\u00e3o dessa cultura comum.<\/p>\n<p>&nbsp;<\/p>\n<p>&nbsp;<\/p>\n<p><strong>\u00a0<\/strong><\/p>\n","protected":false},"featured_media":20176,"comment_status":"closed","ping_status":"closed","template":"","meta":[],"product_brand":[],"product_cat":[],"product_tag":[980,1211],"class_list":{"0":"post-20174","1":"product","2":"type-product","3":"status-publish","4":"has-post-thumbnail","6":"product_tag-dafne","7":"product_tag-domingos-tavares","8":"product_shipping_class-bookks","9":"pa_artist-domingos-tavares","10":"pa_genre-architecture","11":"pa_genre-art","12":"pa_label-dafne","14":"first","15":"instock","16":"shipping-taxable","17":"purchasable","18":"product-type-simple"},"_links":{"self":[{"href":"https:\/\/www.wasserbassin.com\/site\/wp-json\/wp\/v2\/product\/20174","targetHints":{"allow":["GET"]}}],"collection":[{"href":"https:\/\/www.wasserbassin.com\/site\/wp-json\/wp\/v2\/product"}],"about":[{"href":"https:\/\/www.wasserbassin.com\/site\/wp-json\/wp\/v2\/types\/product"}],"replies":[{"embeddable":true,"href":"https:\/\/www.wasserbassin.com\/site\/wp-json\/wp\/v2\/comments?post=20174"}],"wp:featuredmedia":[{"embeddable":true,"href":"https:\/\/www.wasserbassin.com\/site\/wp-json\/wp\/v2\/media\/20176"}],"wp:attachment":[{"href":"https:\/\/www.wasserbassin.com\/site\/wp-json\/wp\/v2\/media?parent=20174"}],"wp:term":[{"taxonomy":"product_brand","embeddable":true,"href":"https:\/\/www.wasserbassin.com\/site\/wp-json\/wp\/v2\/product_brand?post=20174"},{"taxonomy":"product_cat","embeddable":true,"href":"https:\/\/www.wasserbassin.com\/site\/wp-json\/wp\/v2\/product_cat?post=20174"},{"taxonomy":"product_tag","embeddable":true,"href":"https:\/\/www.wasserbassin.com\/site\/wp-json\/wp\/v2\/product_tag?post=20174"}],"curies":[{"name":"wp","href":"https:\/\/api.w.org\/{rel}","templated":true}]}}