{"id":20195,"date":"2024-12-18T23:08:12","date_gmt":"2024-12-18T23:08:12","guid":{"rendered":"https:\/\/www.wasserbassin.com\/site\/?post_type=product&#038;p=20195"},"modified":"2026-03-26T15:53:19","modified_gmt":"2026-03-26T15:53:19","slug":"wasser-bassin-logo-t-shirt-blue-red-2","status":"publish","type":"product","link":"https:\/\/www.wasserbassin.com\/site\/product\/wasser-bassin-logo-t-shirt-blue-red-2\/","title":{"rendered":"Wasser Bassin Logo &#8211; T-shirt (Blue\/Red)"},"content":{"rendered":"<p><span class=\"HwtZe\" lang=\"en\"><span class=\"jCAhz ChMk0b\"><span class=\"ryNqvb\"><strong>ENG \u2013 <em><br \/>\n<\/em><\/strong><\/span><\/span> <\/span><\/p>\n<p><strong>Wasser Bassin<\/strong>\u2018s\u00a0 Xmas extravaganza!<\/p>\n<p>Heres comes a\u00a0 cool <strong>T-shirt<\/strong> celebrating <strong>Wasser Bassin<\/strong>\u2018s everchanging trends (and logo colours, by the way!). This wonderful and very limited issue was crafted with great care by<strong> Lama Studio<\/strong>!<\/p>\n<p>The first series is limited to <strong>25 units<\/strong> only!<\/p>\n<p><strong>Description<\/strong>:<\/p>\n<p><strong>T-shirt colour<\/strong>: white or grey<\/p>\n<p><strong>Logo colour<\/strong>: blue or red<\/p>\n<p><strong>Size<\/strong>: man \u2013 large\/ medium \/ small<\/p>\n<p><strong>Size<\/strong>: woman \u2013 small<\/p>\n<p><strong>Special Note<\/strong>: When ordering,\u00a0 don\u2019t forget to mention your favourite size, logo and t-shirt colour!<\/p>\n<p><strong>Example<\/strong>: \u201d Size: man \u2013 medium; white T-shirt; blue Logo\u201d<\/p>\n<p><strong>Special thanks to Marco at Lama Studio<\/strong>:<\/p>\n<p><a href=\"https:\/\/www.facebook.com\/Lamaescriptoriographico\">https:\/\/www.facebook.com\/Lamaescriptoriographico<\/a><\/p>\n<p><a href=\"https:\/\/www.instagram.com\/lamastudio.pt\/\">https:\/\/www.instagram.com\/lamastudio.pt\/<\/a><\/p>\n<p><strong>PT \u2013<\/strong><\/p>\n<p>Eis mais uma extravag\u00e2ncia de Natal da <strong>Wasser Bassin<\/strong>!<\/p>\n<p>Ap\u00f3s uma longa espera, acabamos de lan\u00e7ar um <strong>T-shirt<\/strong> muito supimpa, celebrando as constantes explora\u00e7\u00f5es da editora <strong>Wasser Bassin<\/strong> (reparem nas muta\u00e7\u00f5es do pr\u00f3prio logotipo, ao longo do tempo!). Esta maravilhosa e rara edi\u00e7\u00e3o foi tecida com todo o carinho pelo afamado <strong>Lama Studio<\/strong>!<\/p>\n<p>A primeira s\u00e9rie \u00e9 limitada a apenas 25 unidades!<\/p>\n<p><strong>Descri\u00e7\u00e3o:<\/strong><\/p>\n<p><strong>T-shirt<\/strong>: branca ou cinzenta<\/p>\n<p><strong>Logotipo<\/strong>: azul ou vermelho<\/p>\n<p><strong>Tamanho<\/strong>: homem \u2013 grande \/ m\u00e9dio \/pequeno<\/p>\n<p><strong>Tamanho<\/strong>: mulher \u2013 pequeno<\/p>\n<p><strong>Nota especial<\/strong>: Ao fazer o pedido, n\u00e3o se esque\u00e7a de mencionar o tamanho, logotipo e cor da t-shirt favoritos!<\/p>\n<p>Exemplo: \u201cTamanho \u2013 homem \u2013 m\u00e9dio; T-shirt branca; Logotipo azul\u201d<\/p>\n<p><strong>Agradecimento especial ao Marco do Lama Studio<\/strong>:<\/p>\n<p><a href=\"https:\/\/www.facebook.com\/Lamaescriptoriographico\">https:\/\/www.facebook.com\/Lamaescriptoriographico<\/a><\/p>\n<p><a href=\"https:\/\/www.instagram.com\/lamastudio.pt\/\">https:\/\/www.instagram.com\/lamastudio.pt\/<\/a><\/p>\n<p><strong><span class=\"title\">Wasser Bassin\/Lama Studio<\/span><\/strong><\/p>\n","protected":false},"excerpt":{"rendered":"<p><strong><span class=\"title\">Wasser Bassin\/Lama Studio<br \/>\n<\/span><\/strong><\/p>\n<hr \/>\n<p><span class=\"HwtZe\" lang=\"en\"><span class=\"jCAhz ChMk0b\"><span class=\"ryNqvb\"><strong>ENG \u2013 <em><br \/>\n<\/em><\/strong><\/span><\/span> <\/span><\/p>\n<p><strong>Wasser Bassin<\/strong>\u2018s\u00a0 Xmas extravaganza!<\/p>\n<p>Heres comes a\u00a0 cool <strong>T-shirt<\/strong> celebrating <strong>Wasser Bassin<\/strong>\u2018s everchanging trends (and logo colours, by the way!). This wonderful and very limited issue was crafted with great care by<strong> Lama Studio<\/strong>!<\/p>\n<p>The first series is limited to <strong>25 units<\/strong> only!<\/p>\n<p><strong>Description<\/strong>:<\/p>\n<p><strong>T-shirt colour<\/strong>: white or grey<\/p>\n<p><strong>Logo colour<\/strong>: blue or red<\/p>\n<p><strong>Size<\/strong>: man \u2013 large\/ medium \/ small<\/p>\n<p><strong>Size<\/strong>: woman \u2013 small<\/p>\n<p><strong>Special Note<\/strong>: When ordering,\u00a0 don\u2019t forget to mention your favourite size, logo and t-shirt colour!<\/p>\n<p><strong>Example<\/strong>: \u201d Size: man \u2013 medium; white T-shirt; blue Logo\u201d<\/p>\n<p><strong>Special thanks to Marco at Lama Studio<\/strong>:<\/p>\n<p><a href=\"https:\/\/www.facebook.com\/Lamaescriptoriographico\">https:\/\/www.facebook.com\/Lamaescriptoriographico<\/a><\/p>\n<p><a href=\"https:\/\/www.instagram.com\/lamastudio.pt\/\">https:\/\/www.instagram.com\/lamastudio.pt\/<\/a><\/p>\n<p><strong>PT \u2013<\/strong><\/p>\n<p>Eis mais uma extravag\u00e2ncia de Natal da <strong>Wasser Bassin<\/strong>!<\/p>\n<p>Ap\u00f3s uma longa espera, acabamos de lan\u00e7ar um <strong>T-shirt<\/strong> muito supimpa, celebrando as constantes explora\u00e7\u00f5es da editora <strong>Wasser Bassin<\/strong> (reparem nas muta\u00e7\u00f5es do pr\u00f3prio logotipo, ao longo do tempo!). Esta maravilhosa e rara edi\u00e7\u00e3o foi tecida com todo o carinho pelo afamado <strong>Lama Studio<\/strong>!<\/p>\n<p>A primeira s\u00e9rie \u00e9 limitada a apenas 25 unidades!<\/p>\n<p><strong>Descri\u00e7\u00e3o:<\/strong><\/p>\n<p><strong>T-shirt<\/strong>: branca ou cinzenta<\/p>\n<p><strong>Logotipo<\/strong>: azul ou vermelho<\/p>\n<p><strong>Tamanho<\/strong>: homem \u2013 grande \/ m\u00e9dio \/pequeno<\/p>\n<p><strong>Tamanho<\/strong>: mulher \u2013 pequeno<\/p>\n<p><strong>Nota especial<\/strong>: Ao fazer o pedido, n\u00e3o se esque\u00e7a de mencionar o tamanho, logotipo e cor da t-shirt favoritos!<\/p>\n<p>Exemplo: \u201cTamanho \u2013 homem \u2013 m\u00e9dio; T-shirt branca; Logotipo azul\u201d<\/p>\n<p><strong>Agradecimento especial ao Marco do Lama Studio<\/strong>:<\/p>\n<p><a href=\"https:\/\/www.facebook.com\/Lamaescriptoriographico\">https:\/\/www.facebook.com\/Lamaescriptoriographico<\/a><\/p>\n<p><a href=\"https:\/\/www.instagram.com\/lamastudio.pt\/\">https:\/\/www.instagram.com\/lamastudio.pt\/<\/a><\/p>\n","protected":false},"featured_media":20193,"comment_status":"closed","ping_status":"closed","template":"","meta":[],"product_brand":[],"product_cat":[64,907],"product_tag":[4960,908],"class_list":{"0":"post-20195","1":"product","2":"type-product","3":"status-publish","4":"has-post-thumbnail","6":"product_cat-label","7":"product_cat-wasser-bassin","8":"product_tag-lama-studio","9":"product_tag-wasser-bassin","10":"product_shipping_class-lp","11":"pa_artist-marco-lama","12":"pa_genre-t-shirt","13":"pa_label-lama-studio","14":"pa_label-wasser-bassin","16":"first","17":"outofstock","18":"featured","19":"shipping-taxable","20":"purchasable","21":"product-type-simple"},"_links":{"self":[{"href":"https:\/\/www.wasserbassin.com\/site\/wp-json\/wp\/v2\/product\/20195","targetHints":{"allow":["GET"]}}],"collection":[{"href":"https:\/\/www.wasserbassin.com\/site\/wp-json\/wp\/v2\/product"}],"about":[{"href":"https:\/\/www.wasserbassin.com\/site\/wp-json\/wp\/v2\/types\/product"}],"replies":[{"embeddable":true,"href":"https:\/\/www.wasserbassin.com\/site\/wp-json\/wp\/v2\/comments?post=20195"}],"wp:featuredmedia":[{"embeddable":true,"href":"https:\/\/www.wasserbassin.com\/site\/wp-json\/wp\/v2\/media\/20193"}],"wp:attachment":[{"href":"https:\/\/www.wasserbassin.com\/site\/wp-json\/wp\/v2\/media?parent=20195"}],"wp:term":[{"taxonomy":"product_brand","embeddable":true,"href":"https:\/\/www.wasserbassin.com\/site\/wp-json\/wp\/v2\/product_brand?post=20195"},{"taxonomy":"product_cat","embeddable":true,"href":"https:\/\/www.wasserbassin.com\/site\/wp-json\/wp\/v2\/product_cat?post=20195"},{"taxonomy":"product_tag","embeddable":true,"href":"https:\/\/www.wasserbassin.com\/site\/wp-json\/wp\/v2\/product_tag?post=20195"}],"curies":[{"name":"wp","href":"https:\/\/api.w.org\/{rel}","templated":true}]}}