{"id":20359,"date":"2025-02-26T00:31:08","date_gmt":"2025-02-26T00:31:08","guid":{"rendered":"https:\/\/www.wasserbassin.com\/site\/?post_type=product&#038;p=20359"},"modified":"2025-02-26T00:50:48","modified_gmt":"2025-02-26T00:50:48","slug":"v-a-livro-de-obra-livro-book","status":"publish","type":"product","link":"https:\/\/www.wasserbassin.com\/site\/product\/v-a-livro-de-obra-livro-book\/","title":{"rendered":"V\/A &#8211; Livro De Obra &#8211; Livro (Book)"},"content":{"rendered":"<p><strong>Obras s\u00e3o momentos cr\u00edticos na vida dos edif\u00edcios. Este livro regista a metamorfose d\u2019<em>A Nacional<\/em> entre 2021 e 2024, quando os escrit\u00f3rios da antiga companhia de seguros na Avenida dos Aliados, no Porto, se transformaram em habita\u00e7\u00f5es<\/strong>.<\/p>\n<p>Concebido h\u00e1 um s\u00e9culo por Jos\u00e9 Marques da Silva, a nova vida do edif\u00edcio foi imaginada pelos arquitectos Menos \u00e9 Mais. Ao acompanhar o quotidiano dos trabalhos, o fot\u00f3grafo Francisco Ascens\u00e3o registou tens\u00f5es que caracterizam a constru\u00e7\u00e3o, em particular trabalhos de reabilita\u00e7\u00e3o e interven\u00e7\u00e3o no patrim\u00f3nio.<\/p>\n<p>Os revestimentos foram levantados, houve paredes demolidas que revelaram estruturas originais, emergiram hesita\u00e7\u00f5es, por vezes erros construtivos, cicatrizes de ac\u00e7\u00f5es passadas obliteradas pela natureza est\u00e1tica da arquitectura. As fotografias exp\u00f5em o que as paredes silenciavam, uma outra natureza que escapa ao desenho e \u00e0 realidade, um tempo fugaz em que j\u00e1 nada \u00e9 como era dantes, e ainda n\u00e3o \u00e9 como vir\u00e1 a ser. Os edif\u00edcios s\u00e3o entidades em permanente muta\u00e7\u00e3o, a sua complexidade adv\u00e9m do grau de liberdade e inventividade que proporcionam a quem os habita e a quem, permanentemente, os constr\u00f3i. O <em>Livro de Obra<\/em> \u00e9 um retrato dessa ilus\u00e3o, um tempo fugaz, essencial \u00e0 arquitectura.<\/p>\n<p>Este \u00e9 um livro colectivo, imaginado pela c\u00e2mara do fot\u00f3grafo Francisco Ascens\u00e3o, a partir da arquitectura de Cristina Guedes e Francisco Vieira de Campos, com edi\u00e7\u00e3o de Andr\u00e9 Tavares a fixar as conversas entre os seus muitos autores. Inclui um texto original do historiador Ant\u00f3nio Cardoso (1932-2021).<\/p>\n<p>A edi\u00e7\u00e3o deste livro teve o apoio da Rep\u00fablica Portuguesa \u2013 Cultura \/ Dire\u00e7\u00e3o-Geral das Artes e da Funda\u00e7\u00e3o Marques da Silva.<\/p>\n<p><strong>Dafne Editora<\/strong><\/p>\n<p>&nbsp;<\/p>\n<p>&nbsp;<\/p>\n<p>&nbsp;<\/p>\n<p>&nbsp;<\/p>\n","protected":false},"excerpt":{"rendered":"<p><strong>Dafne Editora<\/strong><\/p>\n<hr \/>\n<p><strong>Obras s\u00e3o momentos cr\u00edticos na vida dos edif\u00edcios. Este livro regista a metamorfose d\u2019<em>A Nacional<\/em> entre 2021 e 2024, quando os escrit\u00f3rios da antiga companhia de seguros na Avenida dos Aliados, no Porto, se transformaram em habita\u00e7\u00f5es<\/strong>.<\/p>\n<p>Concebido h\u00e1 um s\u00e9culo por Jos\u00e9 Marques da Silva, a nova vida do edif\u00edcio foi imaginada pelos arquitectos Menos \u00e9 Mais. Ao acompanhar o quotidiano dos trabalhos, o fot\u00f3grafo Francisco Ascens\u00e3o registou tens\u00f5es que caracterizam a constru\u00e7\u00e3o, em particular trabalhos de reabilita\u00e7\u00e3o e interven\u00e7\u00e3o no patrim\u00f3nio.<\/p>\n<p>Os revestimentos foram levantados, houve paredes demolidas que revelaram estruturas originais, emergiram hesita\u00e7\u00f5es, por vezes erros construtivos, cicatrizes de ac\u00e7\u00f5es passadas obliteradas pela natureza est\u00e1tica da arquitectura. As fotografias exp\u00f5em o que as paredes silenciavam, uma outra natureza que escapa ao desenho e \u00e0 realidade, um tempo fugaz em que j\u00e1 nada \u00e9 como era dantes, e ainda n\u00e3o \u00e9 como vir\u00e1 a ser. Os edif\u00edcios s\u00e3o entidades em permanente muta\u00e7\u00e3o, a sua complexidade adv\u00e9m do grau de liberdade e inventividade que proporcionam a quem os habita e a quem, permanentemente, os constr\u00f3i. O <em>Livro de Obra<\/em> \u00e9 um retrato dessa ilus\u00e3o, um tempo fugaz, essencial \u00e0 arquitectura.<\/p>\n<p>Este \u00e9 um livro colectivo, imaginado pela c\u00e2mara do fot\u00f3grafo Francisco Ascens\u00e3o, a partir da arquitectura de Cristina Guedes e Francisco Vieira de Campos, com edi\u00e7\u00e3o de Andr\u00e9 Tavares a fixar as conversas entre os seus muitos autores. Inclui um texto original do historiador Ant\u00f3nio Cardoso (1932-2021).<\/p>\n<p>A edi\u00e7\u00e3o deste livro teve o apoio da Rep\u00fablica Portuguesa \u2013 Cultura \/ Dire\u00e7\u00e3o-Geral das Artes e da Funda\u00e7\u00e3o Marques da Silva.<\/p>\n<p>&nbsp;<\/p>\n","protected":false},"featured_media":20360,"comment_status":"closed","ping_status":"closed","template":"","meta":[],"product_brand":[],"product_cat":[],"product_tag":[5005],"class_list":{"0":"post-20359","1":"product","2":"type-product","3":"status-publish","4":"has-post-thumbnail","6":"product_tag-dafne-editora","7":"product_shipping_class-lp","8":"pa_artist-various_artists","9":"pa_genre-architecture","10":"pa_label-dafne","12":"first","13":"instock","14":"shipping-taxable","15":"purchasable","16":"product-type-simple"},"_links":{"self":[{"href":"https:\/\/www.wasserbassin.com\/site\/wp-json\/wp\/v2\/product\/20359","targetHints":{"allow":["GET"]}}],"collection":[{"href":"https:\/\/www.wasserbassin.com\/site\/wp-json\/wp\/v2\/product"}],"about":[{"href":"https:\/\/www.wasserbassin.com\/site\/wp-json\/wp\/v2\/types\/product"}],"replies":[{"embeddable":true,"href":"https:\/\/www.wasserbassin.com\/site\/wp-json\/wp\/v2\/comments?post=20359"}],"wp:featuredmedia":[{"embeddable":true,"href":"https:\/\/www.wasserbassin.com\/site\/wp-json\/wp\/v2\/media\/20360"}],"wp:attachment":[{"href":"https:\/\/www.wasserbassin.com\/site\/wp-json\/wp\/v2\/media?parent=20359"}],"wp:term":[{"taxonomy":"product_brand","embeddable":true,"href":"https:\/\/www.wasserbassin.com\/site\/wp-json\/wp\/v2\/product_brand?post=20359"},{"taxonomy":"product_cat","embeddable":true,"href":"https:\/\/www.wasserbassin.com\/site\/wp-json\/wp\/v2\/product_cat?post=20359"},{"taxonomy":"product_tag","embeddable":true,"href":"https:\/\/www.wasserbassin.com\/site\/wp-json\/wp\/v2\/product_tag?post=20359"}],"curies":[{"name":"wp","href":"https:\/\/api.w.org\/{rel}","templated":true}]}}