{"id":20432,"date":"2025-03-16T22:05:37","date_gmt":"2025-03-16T22:05:37","guid":{"rendered":"https:\/\/www.wasserbassin.com\/site\/?post_type=product&#038;p=20432"},"modified":"2025-07-06T13:17:42","modified_gmt":"2025-07-06T12:17:42","slug":"toze-ferreira-musica-de-baixa-fidelidade-lp-2","status":"publish","type":"product","link":"https:\/\/www.wasserbassin.com\/site\/product\/toze-ferreira-musica-de-baixa-fidelidade-lp-2\/","title":{"rendered":"T\u00f3z\u00e9 Ferreira &#8211; M\u00fasica De Baixa Fidelidade &#8211; LP"},"content":{"rendered":"<p><span class=\"bcTruncateMore\">&#8220;<strong>M\u00fasica de Baixa Fidelidade<\/strong>&#8221; stands not only as a proof of great resilience but as one of those magnificent works of art coming from someone who balanced technical inclination and emotional sensibility. Because of that, <strong>T\u00f3z\u00e9 Ferreira<\/strong> is able to decode the phantom world of sound for anyone who cares to experience the sensation of inhabiting a version of the Future. <\/span><\/p>\n<p><span class=\"bcTruncateMore\">First ever vinyl reissue, reproduction of the original artwork with an additional insert. Made in collaboration with the artist and the support of Paulo B. Menezes (Plancton Music), who provided valuable assistance. Remastered by Taylor Deupree.<\/span><\/p>\n<p><strong>Ama Romanta<br \/>\n<\/strong><\/p>\n<p>&nbsp;<\/p>\n","protected":false},"excerpt":{"rendered":"<p><strong>Holuzam<\/strong><\/p>\n<hr \/>\n<p><span class=\"bcTruncateMore\">&#8220;<strong>M\u00fasica de Baixa Fidelidade<\/strong>&#8221; stands not only as a proof of great resilience but as one of those magnificent works of art coming from someone who balanced technical inclination and emotional sensibility. Because of that, <strong>T\u00f3z\u00e9 Ferreira<\/strong> is able to decode the phantom world of sound for anyone who cares to experience the sensation of inhabiting a version of the Future. <\/span><\/p>\n<p><span class=\"bcTruncateMore\">First ever vinyl reissue, reproduction of the original artwork with an additional insert. Made in collaboration with the artist and the support of Paulo B. Menezes (Plancton Music), who provided valuable assistance. Remastered by Taylor Deupree.<\/span><\/p>\n<p><a href=\"https:\/\/www.youtube.com\/playlist?list=OLAK5uy_kzDVLilpUNN0wMnGcn8UBDXYx974BLbFk\" target=\"_blank\" rel=\"noopener noreferrer\">\u25ba CLICK HERE TO LISTEN<\/a><\/p>\n","protected":false},"featured_media":20433,"comment_status":"closed","ping_status":"closed","template":"","meta":[],"product_brand":[],"product_cat":[],"product_tag":[2543,2420],"class_list":{"0":"post-20432","1":"product","2":"type-product","3":"status-publish","4":"has-post-thumbnail","6":"product_tag-holuzam","7":"product_tag-toze-ferreira","8":"product_shipping_class-lp","9":"pa_artist-toze-ferreira","10":"pa_genre-abstract","11":"pa_genre-electronics","12":"pa_genre-experimental","13":"pa_label-holuzam","15":"first","16":"instock","17":"shipping-taxable","18":"purchasable","19":"product-type-simple"},"_links":{"self":[{"href":"https:\/\/www.wasserbassin.com\/site\/wp-json\/wp\/v2\/product\/20432","targetHints":{"allow":["GET"]}}],"collection":[{"href":"https:\/\/www.wasserbassin.com\/site\/wp-json\/wp\/v2\/product"}],"about":[{"href":"https:\/\/www.wasserbassin.com\/site\/wp-json\/wp\/v2\/types\/product"}],"replies":[{"embeddable":true,"href":"https:\/\/www.wasserbassin.com\/site\/wp-json\/wp\/v2\/comments?post=20432"}],"wp:featuredmedia":[{"embeddable":true,"href":"https:\/\/www.wasserbassin.com\/site\/wp-json\/wp\/v2\/media\/20433"}],"wp:attachment":[{"href":"https:\/\/www.wasserbassin.com\/site\/wp-json\/wp\/v2\/media?parent=20432"}],"wp:term":[{"taxonomy":"product_brand","embeddable":true,"href":"https:\/\/www.wasserbassin.com\/site\/wp-json\/wp\/v2\/product_brand?post=20432"},{"taxonomy":"product_cat","embeddable":true,"href":"https:\/\/www.wasserbassin.com\/site\/wp-json\/wp\/v2\/product_cat?post=20432"},{"taxonomy":"product_tag","embeddable":true,"href":"https:\/\/www.wasserbassin.com\/site\/wp-json\/wp\/v2\/product_tag?post=20432"}],"curies":[{"name":"wp","href":"https:\/\/api.w.org\/{rel}","templated":true}]}}