{"id":20460,"date":"2025-03-25T17:17:07","date_gmt":"2025-03-25T17:17:07","guid":{"rendered":"https:\/\/www.wasserbassin.com\/site\/?post_type=product&#038;p=20460"},"modified":"2026-03-03T16:31:12","modified_gmt":"2026-03-03T16:31:12","slug":"luedji-luna-bom-mesmo-e-estar-debaixo-dagua-lp-coloured","status":"publish","type":"product","link":"https:\/\/www.wasserbassin.com\/site\/product\/luedji-luna-bom-mesmo-e-estar-debaixo-dagua-lp-coloured\/","title":{"rendered":"Luedji Luna &#8211; Bom Mesmo \u00c9 Estar Debaixo D&#8217;\u00c1gua &#8211; LP (Coloured)"},"content":{"rendered":"<p>O segundo disco da cantora e compositora brasileira <strong>Luedji Luna<\/strong> tem os p\u00e9s firmes no jazz, na m\u00fasica brasileira e nos ritmos africanos. A ancestralidade partilha espa\u00e7o com uma produ\u00e7\u00e3o contempor\u00e2nea, sem perder as ra\u00edzes que crescem desde muito antes do disco de estreia.<\/p>\n<p>Dona de uma agenda cheia com digress\u00f5es pela Europa, Am\u00e9rica do Norte e concertos por todo o Brasil, <strong>Luedji<\/strong> \u00e9 uma for\u00e7a da natureza. Com o suporte de uma banda afiada, produ\u00e7\u00e3o do guitarrista queniano Kato Change e dire\u00e7\u00e3o art\u00edstica da pr\u00f3pria <strong>LL<\/strong>, &#8220;<strong>Bom Mesmo \u00c9 Estar Debaixo D\u2019\u00c1gua<\/strong>&#8221; tem tudo para ganhar destaque especial em cole\u00e7\u00f5es mundo afora.<\/p>\n<p><strong>Lusofonia Record Club<br \/>\n<\/strong><\/p>\n","protected":false},"excerpt":{"rendered":"<p><strong>Lusofonia Record Club<br \/>\n<\/strong><\/p>\n<hr \/>\n<p>O segundo disco da cantora e compositora brasileira <strong>Luedji Luna<\/strong> tem os p\u00e9s firmes no jazz, na m\u00fasica brasileira e nos ritmos africanos. A ancestralidade partilha espa\u00e7o com uma produ\u00e7\u00e3o contempor\u00e2nea, sem perder as ra\u00edzes que crescem desde muito antes do disco de estreia.<\/p>\n<p>Dona de uma agenda cheia com digress\u00f5es pela Europa, Am\u00e9rica do Norte e concertos por todo o Brasil, <strong>Luedji<\/strong> \u00e9 uma for\u00e7a da natureza. Com o suporte de uma banda afiada, produ\u00e7\u00e3o do guitarrista queniano Kato Change e dire\u00e7\u00e3o art\u00edstica da pr\u00f3pria <strong>LL<\/strong>, &#8220;<strong>Bom Mesmo \u00c9 Estar Debaixo D\u2019\u00c1gua<\/strong>&#8221; tem tudo para ganhar destaque especial em cole\u00e7\u00f5es mundo afora.<\/p>\n<p><a href=\"https:\/\/www.youtube.com\/playlist?list=OLAK5uy_muwUhEPZo23uzOq35tcDzifUXaMwPGRdE\" target=\"_blank\" rel=\"noopener noreferrer\">\u25ba CLICK HERE TO LISTEN<\/a><\/p>\n","protected":false},"featured_media":20461,"comment_status":"closed","ping_status":"closed","template":"","meta":[],"product_brand":[],"product_cat":[],"product_tag":[5025,4224],"class_list":{"0":"post-20460","1":"product","2":"type-product","3":"status-publish","4":"has-post-thumbnail","6":"product_tag-luedji-luna","7":"product_tag-lusofonia-record-club","8":"product_shipping_class-lp","9":"pa_artist-luedji-luna","10":"pa_genre-mpb","11":"pa_genre-pop","12":"pa_label-lusofonia-record-club","14":"first","15":"instock","16":"shipping-taxable","17":"purchasable","18":"product-type-simple"},"_links":{"self":[{"href":"https:\/\/www.wasserbassin.com\/site\/wp-json\/wp\/v2\/product\/20460","targetHints":{"allow":["GET"]}}],"collection":[{"href":"https:\/\/www.wasserbassin.com\/site\/wp-json\/wp\/v2\/product"}],"about":[{"href":"https:\/\/www.wasserbassin.com\/site\/wp-json\/wp\/v2\/types\/product"}],"replies":[{"embeddable":true,"href":"https:\/\/www.wasserbassin.com\/site\/wp-json\/wp\/v2\/comments?post=20460"}],"wp:featuredmedia":[{"embeddable":true,"href":"https:\/\/www.wasserbassin.com\/site\/wp-json\/wp\/v2\/media\/20461"}],"wp:attachment":[{"href":"https:\/\/www.wasserbassin.com\/site\/wp-json\/wp\/v2\/media?parent=20460"}],"wp:term":[{"taxonomy":"product_brand","embeddable":true,"href":"https:\/\/www.wasserbassin.com\/site\/wp-json\/wp\/v2\/product_brand?post=20460"},{"taxonomy":"product_cat","embeddable":true,"href":"https:\/\/www.wasserbassin.com\/site\/wp-json\/wp\/v2\/product_cat?post=20460"},{"taxonomy":"product_tag","embeddable":true,"href":"https:\/\/www.wasserbassin.com\/site\/wp-json\/wp\/v2\/product_tag?post=20460"}],"curies":[{"name":"wp","href":"https:\/\/api.w.org\/{rel}","templated":true}]}}