{"id":20603,"date":"2025-05-13T02:31:03","date_gmt":"2025-05-13T01:31:03","guid":{"rendered":"https:\/\/www.wasserbassin.com\/site\/?post_type=product&#038;p=20603"},"modified":"2025-08-10T18:17:06","modified_gmt":"2025-08-10T17:17:06","slug":"norberto-de-noah-norberto-de-noah-and-the-bohobe-spirits-music-lp","status":"publish","type":"product","link":"https:\/\/www.wasserbassin.com\/site\/product\/norberto-de-noah-norberto-de-noah-and-the-bohobe-spirits-music-lp\/","title":{"rendered":"Norberto de N\u00f6ah &#8211; Norberto de N\u00f6ah and The B\u00f6h\u00f6b\u00e9 Spirits M\u00fcsic &#8211; LP"},"content":{"rendered":"<p><strong>Canela en Surco<\/strong> and<strong> Urpa i musell<\/strong> feel very fortunate to announce the first ever reissue of &#8220;<strong>Norberto de N\u00f6ah and The B\u00f6h\u00f6b\u00e9 Spirits M\u00fcsic<\/strong>&#8221; by <strong>Norberto de N\u00f6ah<\/strong>, originally released on Kilimandjaro Productions in 1988.<\/p>\n<p>In the album he exposed his deepest roots, updating the lexicon of traditional Bubi music, the musician\u2019s ethnic group, a compendium of ceremonial melodies that ancient troubadours composed for the court. Doing so he showed new possibilities to one of the oldest ethnic groups in the world. Besides all this, he was also inspired by American music such as funk, R&amp;B, Latin American music and also by a wide range of African and Caribbean rhythms.<\/p>\n<p><em>&#8220;<\/em><strong>Norberto de N\u00f6ah and The B\u00f6h\u00f6b\u00e9 Spirits M\u00fcsic<\/strong><em>&#8220;, <\/em>as every important music piece, was at the same time part of a universal phenomenon of recognition of African music and a very personal project, based on the artist\u2019s nostalgic and heartfelt need to show and homage his ethnic group, the Bubis. In this process he also refreshed his hometown music legacy, giving it a new air and opening the door to lots of other great Equatoguinean artists coming afterwards, as well as being an inspiration for many musicians in Spain.<\/p>\n<p><strong>Canela En Surco\/Urpa i musell<\/strong><\/p>\n","protected":false},"excerpt":{"rendered":"<p><strong>Canela En Surco\/Urpa i musell<\/strong><\/p>\n<hr \/>\n<p><strong>Canela en Surco<\/strong> and<strong> Urpa i musell<\/strong> feel very fortunate to announce the first ever reissue of &#8220;<strong>Norberto de N\u00f6ah and The B\u00f6h\u00f6b\u00e9 Spirits M\u00fcsic<\/strong>&#8221; by <strong>Norberto de N\u00f6ah<\/strong>, originally released on Kilimandjaro Productions in 1988.<\/p>\n<p>In the album he exposed his deepest roots, updating the lexicon of traditional Bubi music, the musician\u2019s ethnic group, a compendium of ceremonial melodies that ancient troubadours composed for the court. Doing so he showed new possibilities to one of the oldest ethnic groups in the world. Besides all this, he was also inspired by American music such as funk, R&amp;B, Latin American music and also by a wide range of African and Caribbean rhythms.<\/p>\n<p><em>&#8220;<\/em><strong>Norberto de N\u00f6ah and The B\u00f6h\u00f6b\u00e9 Spirits M\u00fcsic<\/strong><em>&#8220;, <\/em>as every important music piece, was at the same time part of a universal phenomenon of recognition of African music and a very personal project, based on the artist\u2019s nostalgic and heartfelt need to show and homage his ethnic group, the Bubis. In this process he also refreshed his hometown music legacy, giving it a new air and opening the door to lots of other great Equatoguinean artists coming afterwards, as well as being an inspiration for many musicians in Spain.<\/p>\n<p><a href=\"https:\/\/youtu.be\/BCKfpHNaGyY?si=CI3bkijfjjflVddt\" target=\"_blank\" rel=\"noopener noreferrer\">\u25ba CLICK HERE TO LISTEN<\/a><\/p>\n<p><strong>\u00a0<\/strong><\/p>\n","protected":false},"featured_media":20606,"comment_status":"closed","ping_status":"closed","template":"","meta":[],"product_brand":[],"product_cat":[],"product_tag":[2616,5077,2262],"class_list":{"0":"post-20603","1":"product","2":"type-product","3":"status-publish","4":"has-post-thumbnail","6":"product_tag-canela-en-surco-records","7":"product_tag-norberto-de-noah","8":"product_tag-urpa-i-musell","9":"product_shipping_class-lp","10":"pa_artist-norberto-de-noah","11":"pa_genre-african-roots","12":"pa_genre-experimental","13":"pa_genre-new_age","14":"pa_genre-world-music","15":"pa_label-canela-en-surco-records","16":"pa_label-urpa-i-musell","18":"first","19":"instock","20":"shipping-taxable","21":"purchasable","22":"product-type-simple"},"_links":{"self":[{"href":"https:\/\/www.wasserbassin.com\/site\/wp-json\/wp\/v2\/product\/20603","targetHints":{"allow":["GET"]}}],"collection":[{"href":"https:\/\/www.wasserbassin.com\/site\/wp-json\/wp\/v2\/product"}],"about":[{"href":"https:\/\/www.wasserbassin.com\/site\/wp-json\/wp\/v2\/types\/product"}],"replies":[{"embeddable":true,"href":"https:\/\/www.wasserbassin.com\/site\/wp-json\/wp\/v2\/comments?post=20603"}],"wp:featuredmedia":[{"embeddable":true,"href":"https:\/\/www.wasserbassin.com\/site\/wp-json\/wp\/v2\/media\/20606"}],"wp:attachment":[{"href":"https:\/\/www.wasserbassin.com\/site\/wp-json\/wp\/v2\/media?parent=20603"}],"wp:term":[{"taxonomy":"product_brand","embeddable":true,"href":"https:\/\/www.wasserbassin.com\/site\/wp-json\/wp\/v2\/product_brand?post=20603"},{"taxonomy":"product_cat","embeddable":true,"href":"https:\/\/www.wasserbassin.com\/site\/wp-json\/wp\/v2\/product_cat?post=20603"},{"taxonomy":"product_tag","embeddable":true,"href":"https:\/\/www.wasserbassin.com\/site\/wp-json\/wp\/v2\/product_tag?post=20603"}],"curies":[{"name":"wp","href":"https:\/\/api.w.org\/{rel}","templated":true}]}}