{"id":20613,"date":"2025-05-11T00:05:53","date_gmt":"2025-05-10T23:05:53","guid":{"rendered":"https:\/\/www.wasserbassin.com\/site\/?post_type=product&#038;p=20613"},"modified":"2025-05-28T17:25:50","modified_gmt":"2025-05-28T16:25:50","slug":"andre-neves-pereira-a-furia-do-som-livro-book","status":"publish","type":"product","link":"https:\/\/www.wasserbassin.com\/site\/product\/andre-neves-pereira-a-furia-do-som-livro-book\/","title":{"rendered":"Andr\u00e9 Neves Pereira &#8211; A F\u00faria Do Som &#8211; Livro (Book)"},"content":{"rendered":"<div class=\"txt\">\n<p>Nunca o heavy metal fora t\u00e3o valorizado, escutado e partilhado nos meios digitais como nos dias de hoje.<\/p>\n<p>A presente obra visa analisar o fen\u00f3meno do heavy metal \u00e0s escalas nacional e regional, no qual a cidade do Porto engloba um colosso e diverso leque de bandas deste g\u00e9nero que por l\u00e1 residem e laboram.<\/p>\n<p>Desde os prim\u00f3rdios do rock e do punk na segunda metade do s\u00e9culo XX at\u00e9 \u00e0 atualidade, \u00e9 um opr\u00f3brio g\u00e9nero para muitos e ainda bastante marginalizado por outros, tem vindo, cada vez mais, a conquistar novas audi\u00eancias.<\/p>\n<\/div>\n<p><strong>Showtime Books<\/strong><\/p>\n","protected":false},"excerpt":{"rendered":"<p><strong>Showtime Books<\/strong><\/p>\n<hr \/>\n<div class=\"txt\">\n<p>Nunca o heavy metal fora t\u00e3o valorizado, escutado e partilhado nos meios digitais como nos dias de hoje.<\/p>\n<p>A presente obra visa analisar o fen\u00f3meno do heavy metal \u00e0s escalas nacional e regional, no qual a cidade do Porto engloba um colosso e diverso leque de bandas deste g\u00e9nero que por l\u00e1 residem e laboram.<\/p>\n<p>Desde os prim\u00f3rdios do rock e do punk na segunda metade do s\u00e9culo XX at\u00e9 \u00e0 atualidade, \u00e9 um opr\u00f3brio g\u00e9nero para muitos e ainda bastante marginalizado por outros, tem vindo, cada vez mais, a conquistar novas audi\u00eancias.<\/p>\n<\/div>\n<p class=\"p1\"><a title=\"See the Video\" href=\"https:\/\/www.atlanticbookshop.pt\/showtime\/a-furia-do-som-a-saga-do-heavy-metal-no-porto\" target=\"_blank\" rel=\"noopener noreferrer\">\u25ba CLICK HERE TO LISTEN<\/a><\/p>\n","protected":false},"featured_media":20614,"comment_status":"closed","ping_status":"closed","template":"","meta":[],"product_brand":[],"product_cat":[],"product_tag":[5087,5088,5086],"class_list":{"0":"post-20613","1":"product","2":"type-product","3":"status-publish","4":"has-post-thumbnail","6":"product_tag-andre-neves-pereira","7":"product_tag-atlantic-books","8":"product_tag-showtime","9":"product_shipping_class-bookks","10":"pa_artist-andre-neves-pereira","11":"pa_genre-heavy-metal","12":"pa_label-showtime-books","14":"first","15":"instock","16":"shipping-taxable","17":"purchasable","18":"product-type-simple"},"_links":{"self":[{"href":"https:\/\/www.wasserbassin.com\/site\/wp-json\/wp\/v2\/product\/20613","targetHints":{"allow":["GET"]}}],"collection":[{"href":"https:\/\/www.wasserbassin.com\/site\/wp-json\/wp\/v2\/product"}],"about":[{"href":"https:\/\/www.wasserbassin.com\/site\/wp-json\/wp\/v2\/types\/product"}],"replies":[{"embeddable":true,"href":"https:\/\/www.wasserbassin.com\/site\/wp-json\/wp\/v2\/comments?post=20613"}],"wp:featuredmedia":[{"embeddable":true,"href":"https:\/\/www.wasserbassin.com\/site\/wp-json\/wp\/v2\/media\/20614"}],"wp:attachment":[{"href":"https:\/\/www.wasserbassin.com\/site\/wp-json\/wp\/v2\/media?parent=20613"}],"wp:term":[{"taxonomy":"product_brand","embeddable":true,"href":"https:\/\/www.wasserbassin.com\/site\/wp-json\/wp\/v2\/product_brand?post=20613"},{"taxonomy":"product_cat","embeddable":true,"href":"https:\/\/www.wasserbassin.com\/site\/wp-json\/wp\/v2\/product_cat?post=20613"},{"taxonomy":"product_tag","embeddable":true,"href":"https:\/\/www.wasserbassin.com\/site\/wp-json\/wp\/v2\/product_tag?post=20613"}],"curies":[{"name":"wp","href":"https:\/\/api.w.org\/{rel}","templated":true}]}}