{"id":20622,"date":"2025-05-19T17:17:32","date_gmt":"2025-05-19T16:17:32","guid":{"rendered":"https:\/\/www.wasserbassin.com\/site\/?post_type=product&#038;p=20622"},"modified":"2025-06-18T14:07:11","modified_gmt":"2025-06-18T13:07:11","slug":"acacia-maior-cimbron-celeste-lp-blue","status":"publish","type":"product","link":"https:\/\/www.wasserbassin.com\/site\/product\/acacia-maior-cimbron-celeste-lp-blue\/","title":{"rendered":"Ac\u00e1cia Maior &#8211; Cimbron Celeste &#8211; LP (Blue)"},"content":{"rendered":"<p>A espera terminou. &#8220;<strong>Cimbron Celeste<\/strong>&#8220;, o \u00e1lbum de estreia de <strong>Ac\u00e1cia Maior<\/strong>, chega ao p\u00fablico, agora em formato de vinyl, com a for\u00e7a e a alma que definem este coletivo. Sob o selo da <strong>R\u00e1dio Cacheu Discos<\/strong> e produ\u00e7\u00e3o de Tabanka Records, este trabalho \u00e9 mais do que um disco: <strong>Cimbron Celeste<\/strong> \u00e9 uma homenagem, um retrato musical de uma natureza insular muito peculiar.<\/p>\n<p><strong>Ac\u00e1cia Maior<\/strong> inspira-se na vida, na celebra\u00e7\u00e3o e nas mem\u00f3rias, e a escolha do nome do \u00e1lbum n\u00e3o poderia ser mais significativa. Assim como a \u00e1rvore que o batiza, &#8220;<strong>Cimbron Celeste<\/strong>&#8221; \u00e9 um retrato sonoro da singularidade insular cabo-verdiana. Na sonoridade e nas letras que comp\u00f5em este disco, encontramos as cores de Cabo Verde e n\u00e3o s\u00f3&#8230; O \u00e1lbum \u00e9 uma viagem de dois anos e meio contada ao longo de 10 m\u00fasicas onde s\u00e3o explorados v\u00e1rios ritmos e express\u00f5es do folclore cabo-verdiano juntamente com diferentes est\u00e9ticas musicais internacionais.<\/p>\n<p><strong>R\u00e1dio Cacheu Discos<br \/>\n<\/strong><\/p>\n<p>&nbsp;<\/p>\n<p>&nbsp;<\/p>\n","protected":false},"excerpt":{"rendered":"<p class=\"p1\"><strong>R\u00e1dio Cacheu Discos<\/strong><\/p>\n<hr \/>\n<p>A espera terminou. &#8220;<strong>Cimbron Celeste<\/strong>&#8220;, o \u00e1lbum de estreia de <strong>Ac\u00e1cia Maior<\/strong>, chega ao p\u00fablico, agora em formato de vinyl, com a for\u00e7a e a alma que definem este coletivo. Sob o selo da <strong>R\u00e1dio Cacheu Discos<\/strong> e produ\u00e7\u00e3o de Tabanka Records, este trabalho \u00e9 mais do que um disco: <strong>Cimbron Celeste<\/strong> \u00e9 uma homenagem, um retrato musical de uma natureza insular muito peculiar.<\/p>\n<p><strong>Ac\u00e1cia Maior<\/strong> inspira-se na vida, na celebra\u00e7\u00e3o e nas mem\u00f3rias, e a escolha do nome do \u00e1lbum n\u00e3o poderia ser mais significativa. Assim como a \u00e1rvore que o batiza, &#8220;<strong>Cimbron Celeste<\/strong>&#8221; \u00e9 um retrato sonoro da singularidade insular cabo-verdiana. Na sonoridade e nas letras que comp\u00f5em este disco, encontramos as cores de Cabo Verde e n\u00e3o s\u00f3&#8230; O \u00e1lbum \u00e9 uma viagem de dois anos e meio contada ao longo de 10 m\u00fasicas onde s\u00e3o explorados v\u00e1rios ritmos e express\u00f5es do folclore cabo-verdiano juntamente com diferentes est\u00e9ticas musicais internacionais.<\/p>\n<p><a href=\"https:\/\/youtu.be\/gF1vuw2ztNc?si=fXrpVvrxnDAF9h13\" target=\"_blank\" rel=\"noopener noreferrer\">\u25ba CLICK HERE TO<\/a> <a href=\"https:\/\/www.youtube.com\/playlist?list=OLAK5uy_n6mCEBITF8Wbr2p6YiwVnV7F_z4S5lnMM\" target=\"_blank\" rel=\"noopener noreferrer\">LISTEN<\/a><\/p>\n","protected":false},"featured_media":20624,"comment_status":"closed","ping_status":"closed","template":"","meta":[],"product_brand":[],"product_cat":[],"product_tag":[5091,4883],"class_list":{"0":"post-20622","1":"product","2":"type-product","3":"status-publish","4":"has-post-thumbnail","6":"product_tag-acacia-maior","7":"product_tag-radio-cacheu-discos","8":"product_shipping_class-lp","9":"pa_artist-acacia-maior","10":"pa_genre-funana","11":"pa_genre-merengue","12":"pa_genre-morna","13":"pa_label-radio-cacheu-discos","15":"first","16":"instock","17":"shipping-taxable","18":"purchasable","19":"product-type-simple"},"_links":{"self":[{"href":"https:\/\/www.wasserbassin.com\/site\/wp-json\/wp\/v2\/product\/20622","targetHints":{"allow":["GET"]}}],"collection":[{"href":"https:\/\/www.wasserbassin.com\/site\/wp-json\/wp\/v2\/product"}],"about":[{"href":"https:\/\/www.wasserbassin.com\/site\/wp-json\/wp\/v2\/types\/product"}],"replies":[{"embeddable":true,"href":"https:\/\/www.wasserbassin.com\/site\/wp-json\/wp\/v2\/comments?post=20622"}],"wp:featuredmedia":[{"embeddable":true,"href":"https:\/\/www.wasserbassin.com\/site\/wp-json\/wp\/v2\/media\/20624"}],"wp:attachment":[{"href":"https:\/\/www.wasserbassin.com\/site\/wp-json\/wp\/v2\/media?parent=20622"}],"wp:term":[{"taxonomy":"product_brand","embeddable":true,"href":"https:\/\/www.wasserbassin.com\/site\/wp-json\/wp\/v2\/product_brand?post=20622"},{"taxonomy":"product_cat","embeddable":true,"href":"https:\/\/www.wasserbassin.com\/site\/wp-json\/wp\/v2\/product_cat?post=20622"},{"taxonomy":"product_tag","embeddable":true,"href":"https:\/\/www.wasserbassin.com\/site\/wp-json\/wp\/v2\/product_tag?post=20622"}],"curies":[{"name":"wp","href":"https:\/\/api.w.org\/{rel}","templated":true}]}}