{"id":20638,"date":"2025-05-25T11:45:30","date_gmt":"2025-05-25T10:45:30","guid":{"rendered":"https:\/\/www.wasserbassin.com\/site\/?post_type=product&#038;p=20638"},"modified":"2025-05-27T11:51:26","modified_gmt":"2025-05-27T10:51:26","slug":"paradise-cafe-quadragesimo-aniversario-1985-2025-k7","status":"publish","type":"product","link":"https:\/\/www.wasserbassin.com\/site\/product\/paradise-cafe-quadragesimo-aniversario-1985-2025-k7\/","title":{"rendered":"Paradise Caf\u00e9 &#8211; Quadrag\u00e9simo Anivers\u00e1rio | 1985-2025 &#8211; K7"},"content":{"rendered":"<p>A noite est\u00e1 cheia de neons e v\u00edcios! Tens o que \u00e9 preciso para aguentar?<\/p>\n<p><strong>Paradise Caf\u00e9 &#8211; Quadrag\u00e9simo Anivers\u00e1rio | 1985-2025<\/strong>: Unanimemente considerado o jogo portugu\u00eas mais medi\u00e1tico (e mais pol\u00e9mico), agora com a merecida homenagem no ano da celebra\u00e7\u00e3o do seu quadrag\u00e9simo anivers\u00e1rio, numa edi\u00e7\u00e3o verdadeiramente especial!<\/p>\n<p class=\"LC20lb MBeuO DKV0Md\">Tiragem ultra limitada e numerada.<br \/>\nEdi\u00e7\u00e3o com capa J-Card de 5 pain\u00e9is duplos + Cassete com full print-tape.<br \/>\nSinopses descritivas das diferentes personagens, teclas de controlo e miss\u00e3o a desempenhar.|<br \/>\nInclui cup\u00e3o de download do jogo + tutorial de instala\u00e7\u00e3o (sendo poss\u00edvel carregar o jogo tradicionalmente atrav\u00e9s da cassete inclu\u00edda ou a partir do ficheiro igualmente disponibilizado).<\/p>\n<p><em>\u201cSe h\u00e1 um jogo que simboliza a transgress\u00e3o no ZX Spectrum, esse jogo \u00e9 Paradise Caf\u00e9. Lan\u00e7ado em 1985, num Portugal ainda a descobrir a liberdade, tornou-se um mito urbano, uma pe\u00e7a de culto t\u00e3o infame quanto inesquec\u00edvel.\u201d<\/em> \u2013 Filipe Veiga [Teknamic]<\/p>\n<p>Cr\u00e9ditos:<br \/>\nPrograma\u00e7\u00e3o \u2013 Damatta<br \/>\nIlustra\u00e7\u00f5es \u2013 Miguel Jorge<br \/>\nLayout \u2013 Phobos Anomaly Design<br \/>\nTextos \u2013 Pedro Daniel<\/p>\n<p><strong>Larvae Records<\/strong><\/p>\n","protected":false},"excerpt":{"rendered":"<p class=\"p1\"><strong>Larvae Records<\/strong><\/p>\n<hr \/>\n<p>A noite est\u00e1 cheia de neons e v\u00edcios! Tens o que \u00e9 preciso para aguentar?<\/p>\n<p><strong>Paradise Caf\u00e9 &#8211; Quadrag\u00e9simo Anivers\u00e1rio | 1985-2025<\/strong>: Unanimemente considerado o jogo portugu\u00eas mais medi\u00e1tico (e mais pol\u00e9mico), agora com a merecida homenagem no ano da celebra\u00e7\u00e3o do seu quadrag\u00e9simo anivers\u00e1rio, numa edi\u00e7\u00e3o verdadeiramente especial!<\/p>\n<p class=\"LC20lb MBeuO DKV0Md\">Tiragem ultra limitada e numerada.<br \/>\nEdi\u00e7\u00e3o com capa J-Card de 5 pain\u00e9is duplos + Cassete com full print-tape.<br \/>\nSinopses descritivas das diferentes personagens, teclas de controlo e miss\u00e3o a desempenhar.|<br \/>\nInclui cup\u00e3o de download do jogo + tutorial de instala\u00e7\u00e3o (sendo poss\u00edvel carregar o jogo tradicionalmente atrav\u00e9s da cassete inclu\u00edda ou a partir do ficheiro igualmente disponibilizado).<\/p>\n<p><em>\u201cSe h\u00e1 um jogo que simboliza a transgress\u00e3o no ZX Spectrum, esse jogo \u00e9 Paradise Caf\u00e9. Lan\u00e7ado em 1985, num Portugal ainda a descobrir a liberdade, tornou-se um mito urbano, uma pe\u00e7a de culto t\u00e3o infame quanto inesquec\u00edvel.\u201d<\/em> \u2013 Filipe Veiga [Teknamic]<\/p>\n<p>Cr\u00e9ditos:<br \/>\nPrograma\u00e7\u00e3o \u2013 Damatta<br \/>\nIlustra\u00e7\u00f5es \u2013 Miguel Jorge<br \/>\nLayout \u2013 Phobos Anomaly Design<br \/>\nTextos \u2013 Pedro Daniel<\/p>\n<p><a href=\"https:\/\/larvae.pt\/product\/paradise-cafe\/\" target=\"_blank\" rel=\"noopener noreferrer\">\u25ba CLICK HERE TO LISTEN<\/a><\/p>\n<p class=\"p1\"><strong>\u00a0<\/strong><\/p>\n","protected":false},"featured_media":20641,"comment_status":"closed","ping_status":"closed","template":"","meta":[],"product_brand":[],"product_cat":[],"product_tag":[5099,5100],"class_list":{"0":"post-20638","1":"product","2":"type-product","3":"status-publish","4":"has-post-thumbnail","6":"product_tag-larvae-records","7":"product_tag-paradise-cafe","8":"product_shipping_class-cd","9":"pa_artist-paradise-cafe","10":"pa_genre-oddities","11":"pa_genre-video-game-music","12":"pa_label-larvae-records","14":"first","15":"instock","16":"shipping-taxable","17":"purchasable","18":"product-type-simple"},"_links":{"self":[{"href":"https:\/\/www.wasserbassin.com\/site\/wp-json\/wp\/v2\/product\/20638","targetHints":{"allow":["GET"]}}],"collection":[{"href":"https:\/\/www.wasserbassin.com\/site\/wp-json\/wp\/v2\/product"}],"about":[{"href":"https:\/\/www.wasserbassin.com\/site\/wp-json\/wp\/v2\/types\/product"}],"replies":[{"embeddable":true,"href":"https:\/\/www.wasserbassin.com\/site\/wp-json\/wp\/v2\/comments?post=20638"}],"wp:featuredmedia":[{"embeddable":true,"href":"https:\/\/www.wasserbassin.com\/site\/wp-json\/wp\/v2\/media\/20641"}],"wp:attachment":[{"href":"https:\/\/www.wasserbassin.com\/site\/wp-json\/wp\/v2\/media?parent=20638"}],"wp:term":[{"taxonomy":"product_brand","embeddable":true,"href":"https:\/\/www.wasserbassin.com\/site\/wp-json\/wp\/v2\/product_brand?post=20638"},{"taxonomy":"product_cat","embeddable":true,"href":"https:\/\/www.wasserbassin.com\/site\/wp-json\/wp\/v2\/product_cat?post=20638"},{"taxonomy":"product_tag","embeddable":true,"href":"https:\/\/www.wasserbassin.com\/site\/wp-json\/wp\/v2\/product_tag?post=20638"}],"curies":[{"name":"wp","href":"https:\/\/api.w.org\/{rel}","templated":true}]}}