{"id":20718,"date":"2023-01-30T12:50:40","date_gmt":"2023-01-30T12:50:40","guid":{"rendered":"https:\/\/www.wasserbassin.com\/site\/?post_type=product&#038;p=20718"},"modified":"2025-10-12T16:08:39","modified_gmt":"2025-10-12T15:08:39","slug":"mao-morta-muller-no-hotel-hessischer-hof-lp-green","status":"publish","type":"product","link":"https:\/\/www.wasserbassin.com\/site\/product\/mao-morta-muller-no-hotel-hessischer-hof-lp-green\/","title":{"rendered":"M\u00e3o Morta &#8211; M\u00fcller No Hotel Hessischer Hof &#8211; LP (Green)"},"content":{"rendered":"<p>&#8220;<strong>M\u00fcller no Hotel Hessischer Hof<\/strong>&#8220;, um registo m\u00edtico da incontorn\u00e1vel banda de Braga, <strong>M\u00e3o Morta<\/strong>, pela primeira vez dispon\u00edvel em vinil, numa edi\u00e7\u00e3o limitada da <strong>Lux Records<\/strong>.<\/p>\n<p>Gravado ao vivo em 6 de Janeiro de 1997 por Jos\u00e9 Fortes, com assist\u00eancia de Fernando Rasc\u00e3o, no Pequeno Audit\u00f3rio do Centro Cultural de Bel\u00e9m \u2013 Lisboa e misturado e masterizado em Fevereiro de 1997 por Jos\u00e9 Fortes, com assist\u00eancia de Lu\u00eds Caldeira e de Fernando Paulo, nos Est\u00fadios de Pa\u00e7o D\u2019Arcos &#8211; Oeiras. Produ\u00e7\u00e3o de <strong>M\u00e3o Morta<\/strong> e Jos\u00e9 Fortes. Capa de Jos\u00e9 Carlos Costa. Editado em Maio de 1997. Edi\u00e7\u00e3o original NorteSul.<\/p>\n<p><strong>Lux Records<\/strong><\/p>\n","protected":false},"excerpt":{"rendered":"<p class=\"p1\"><strong>Lux Records<\/strong><\/p>\n<hr \/>\n<p>&#8220;<strong>M\u00fcller no Hotel Hessischer Hof<\/strong>&#8220;, um registo m\u00edtico da incontorn\u00e1vel banda de Braga, <strong>M\u00e3o Morta<\/strong>, pela primeira vez dispon\u00edvel em vinil, numa edi\u00e7\u00e3o limitada da <strong>Lux Records<\/strong>.<\/p>\n<p>Gravado ao vivo em 6 de Janeiro de 1997 por Jos\u00e9 Fortes, com assist\u00eancia de Fernando Rasc\u00e3o, no Pequeno Audit\u00f3rio do Centro Cultural de Bel\u00e9m \u2013 Lisboa e misturado e masterizado em Fevereiro de 1997 por Jos\u00e9 Fortes, com assist\u00eancia de Lu\u00eds Caldeira e de Fernando Paulo, nos Est\u00fadios de Pa\u00e7o D\u2019Arcos &#8211; Oeiras. Produ\u00e7\u00e3o de <strong>M\u00e3o Morta<\/strong> e Jos\u00e9 Fortes. Capa de Jos\u00e9 Carlos Costa. Editado em Maio de 1997. Edi\u00e7\u00e3o original NorteSul.<\/p>\n<p><a href=\"https:\/\/www.youtube.com\/playlist?list=OLAK5uy_n0M_sHIM99ScUzsKKRZM35R72tm2W1bms\" target=\"_blank\" rel=\"noopener noreferrer\">\u25ba CLICK HERE TO LISTEN<\/a><\/p>\n<p class=\"p1\"><strong>\u00a0<\/strong><\/p>\n","protected":false},"featured_media":18070,"comment_status":"closed","ping_status":"closed","template":"","meta":[],"product_brand":[],"product_cat":[],"product_tag":[2963,4380],"class_list":{"0":"post-20718","1":"product","2":"type-product","3":"status-publish","4":"has-post-thumbnail","6":"product_tag-lux-records","7":"product_tag-mao-morta","8":"product_shipping_class-lp","9":"pa_artist-mao-morta","10":"pa_genre-alternative_rock","11":"pa_genre-gothic","12":"pa_genre-indie","13":"pa_genre-rock","14":"pa_label-lux-records","16":"first","17":"outofstock","18":"shipping-taxable","19":"purchasable","20":"product-type-simple"},"_links":{"self":[{"href":"https:\/\/www.wasserbassin.com\/site\/wp-json\/wp\/v2\/product\/20718","targetHints":{"allow":["GET"]}}],"collection":[{"href":"https:\/\/www.wasserbassin.com\/site\/wp-json\/wp\/v2\/product"}],"about":[{"href":"https:\/\/www.wasserbassin.com\/site\/wp-json\/wp\/v2\/types\/product"}],"replies":[{"embeddable":true,"href":"https:\/\/www.wasserbassin.com\/site\/wp-json\/wp\/v2\/comments?post=20718"}],"wp:featuredmedia":[{"embeddable":true,"href":"https:\/\/www.wasserbassin.com\/site\/wp-json\/wp\/v2\/media\/18070"}],"wp:attachment":[{"href":"https:\/\/www.wasserbassin.com\/site\/wp-json\/wp\/v2\/media?parent=20718"}],"wp:term":[{"taxonomy":"product_brand","embeddable":true,"href":"https:\/\/www.wasserbassin.com\/site\/wp-json\/wp\/v2\/product_brand?post=20718"},{"taxonomy":"product_cat","embeddable":true,"href":"https:\/\/www.wasserbassin.com\/site\/wp-json\/wp\/v2\/product_cat?post=20718"},{"taxonomy":"product_tag","embeddable":true,"href":"https:\/\/www.wasserbassin.com\/site\/wp-json\/wp\/v2\/product_tag?post=20718"}],"curies":[{"name":"wp","href":"https:\/\/api.w.org\/{rel}","templated":true}]}}