{"id":20749,"date":"2025-07-07T22:40:41","date_gmt":"2025-07-07T21:40:41","guid":{"rendered":"https:\/\/www.wasserbassin.com\/site\/?post_type=product&#038;p=20749"},"modified":"2026-01-10T15:35:33","modified_gmt":"2026-01-10T15:35:33","slug":"lana-gasparotti-dimensions-lp","status":"publish","type":"product","link":"https:\/\/www.wasserbassin.com\/site\/product\/lana-gasparotti-dimensions-lp\/","title":{"rendered":"LANA GASPAR\u00d8TTI &#8211; Dimensions &#8211; LP"},"content":{"rendered":"<p>O \u00e1lbum de estreia de<strong> LANA GASPAR\u00d8TTI<\/strong> \u00e9 o resultado da fus\u00e3o de g\u00e9neros usados e explorados pela artista desde o in\u00edcio do seu percurso a solo, desde jazz, hip-hop, drum and bass at\u00e9 \u00e0 m\u00fasica eletr\u00f3nica.<\/p>\n<p>O \u00e1lbum &#8220;<strong>Dimension<\/strong>s&#8221;, produzido por Rafael Correia (Sickonce) e Diogo Lima, capta a mistura distinta de paisagens sonoras de jogos vintage e influ\u00eancias jazz\u00edsticas de <strong>Lana Gasparotti<\/strong>, criando uma paisagem sonora que transcende fronteiras. Conta ainda com Sebasti\u00e3o Bergmann na bateria, Jo\u00e3o Segurado e Pedro Barroso no baixo e participa\u00e7\u00e3o especial de Gijoe no scratch.<\/p>\n<p><strong>Now Jazz Agora<br \/>\n<\/strong><\/p>\n<p><em>\u00a0<\/em><\/p>\n<p>&nbsp;<\/p>\n<p>&nbsp;<\/p>\n<p><strong>\u00a0<\/strong><\/p>\n<p>&nbsp;<\/p>\n","protected":false},"excerpt":{"rendered":"<p><strong>Now Jazz Agora<br \/>\n<\/strong><\/p>\n<hr \/>\n<div class=\"col-text-2 descricao\">\n<p>O \u00e1lbum de estreia de<strong> LANA GASPAR\u00d8TTI<\/strong> \u00e9 o resultado da fus\u00e3o de g\u00e9neros usados e explorados pela artista desde o in\u00edcio do seu percurso a solo, desde jazz, hip-hop, drum and bass at\u00e9 \u00e0 m\u00fasica eletr\u00f3nica.<\/p>\n<p>O \u00e1lbum &#8220;<strong>Dimension<\/strong>s&#8221;, produzido por Rafael Correia (Sickonce) e Diogo Lima, capta a mistura distinta de paisagens sonoras de jogos vintage e influ\u00eancias jazz\u00edsticas de <strong>Lana Gasparotti<\/strong>, criando uma paisagem sonora que transcende fronteiras. Conta ainda com Sebasti\u00e3o Bergmann na bateria, Jo\u00e3o Segurado e Pedro Barroso no baixo e participa\u00e7\u00e3o especial de Gijoe no scratch.<\/p>\n<\/div>\n<p><a href=\"https:\/\/www.youtube.com\/watch?v=P0rYZPMBprE&amp;list=RDP0rYZPMBprE&amp;start_radio=1&amp;ab_channel=LANAGASPAR%C3%98TTI\" target=\"_blank\" rel=\"noopener noreferrer\">\u25ba CLICK HERE TO LISTEN<\/a><\/p>\n<p>&nbsp;<\/p>\n","protected":false},"featured_media":20745,"comment_status":"closed","ping_status":"closed","template":"","meta":[],"product_brand":[],"product_cat":[],"product_tag":[5123,4780],"class_list":{"0":"post-20749","1":"product","2":"type-product","3":"status-publish","4":"has-post-thumbnail","6":"product_tag-lana-gasparotti","7":"product_tag-now-jazz-agora","8":"product_shipping_class-lp","9":"pa_artist-lana-gasparotti","10":"pa_genre-hip-hop","11":"pa_genre-jazz","12":"pa_genre-machine-funk","13":"pa_genre-soul","14":"pa_label-now-jazz-agora","16":"first","17":"outofstock","18":"shipping-taxable","19":"purchasable","20":"product-type-simple"},"_links":{"self":[{"href":"https:\/\/www.wasserbassin.com\/site\/wp-json\/wp\/v2\/product\/20749","targetHints":{"allow":["GET"]}}],"collection":[{"href":"https:\/\/www.wasserbassin.com\/site\/wp-json\/wp\/v2\/product"}],"about":[{"href":"https:\/\/www.wasserbassin.com\/site\/wp-json\/wp\/v2\/types\/product"}],"replies":[{"embeddable":true,"href":"https:\/\/www.wasserbassin.com\/site\/wp-json\/wp\/v2\/comments?post=20749"}],"wp:featuredmedia":[{"embeddable":true,"href":"https:\/\/www.wasserbassin.com\/site\/wp-json\/wp\/v2\/media\/20745"}],"wp:attachment":[{"href":"https:\/\/www.wasserbassin.com\/site\/wp-json\/wp\/v2\/media?parent=20749"}],"wp:term":[{"taxonomy":"product_brand","embeddable":true,"href":"https:\/\/www.wasserbassin.com\/site\/wp-json\/wp\/v2\/product_brand?post=20749"},{"taxonomy":"product_cat","embeddable":true,"href":"https:\/\/www.wasserbassin.com\/site\/wp-json\/wp\/v2\/product_cat?post=20749"},{"taxonomy":"product_tag","embeddable":true,"href":"https:\/\/www.wasserbassin.com\/site\/wp-json\/wp\/v2\/product_tag?post=20749"}],"curies":[{"name":"wp","href":"https:\/\/api.w.org\/{rel}","templated":true}]}}